{"id":120887,"date":"2023-06-09T16:38:12","date_gmt":"2023-06-09T16:38:12","guid":{"rendered":"https:\/\/novasonix.es\/politica-de-calidad-novasonix\/"},"modified":"2023-09-14T16:24:53","modified_gmt":"2023-09-14T16:24:53","slug":"politique-de-qualite","status":"publish","type":"page","link":"https:\/\/novasonix.es\/fr\/politique-de-qualite\/","title":{"rendered":"Politique de Qualit\u00e9"},"content":{"rendered":"<section class=\"wpb-content-wrapper\"><p>[vc_row row_height_percent=\u00a0\u00bb40&Prime; override_padding=\u00a0\u00bbyes\u00a0\u00bb h_padding=\u00a0\u00bb2&Prime; top_padding=\u00a0\u00bb4&Prime; bottom_padding=\u00a0\u00bb4&Prime; back_color=\u00a0\u00bbcolor-gyho\u00a0\u00bb overlay_alpha=\u00a0\u00bb0&Prime; gutter_size=\u00a0\u00bb3&Prime; column_width_percent=\u00a0\u00bb100&Prime; shift_y=\u00a0\u00bb0&Prime; z_index=\u00a0\u00bb0&Prime; top_divider=\u00a0\u00bbgradient\u00a0\u00bb bottom_divider=\u00a0\u00bbstep_3_4&Prime; uncode_shortcode_id=\u00a0\u00bb746637&Prime; back_color_type=\u00a0\u00bbuncode-palette\u00a0\u00bb][vc_column column_width_percent=\u00a0\u00bb100&Prime; position_vertical=\u00a0\u00bbmiddle\u00a0\u00bb align_horizontal=\u00a0\u00bbalign_center\u00a0\u00bb gutter_size=\u00a0\u00bb3&Prime; style=\u00a0\u00bblight\u00a0\u00bb overlay_alpha=\u00a0\u00bb50&Prime; shift_x=\u00a0\u00bb0&Prime; shift_y=\u00a0\u00bb0&Prime; shift_y_down=\u00a0\u00bb0&Prime; z_index=\u00a0\u00bb0&Prime; medium_width=\u00a0\u00bb0&Prime; mobile_width=\u00a0\u00bb0&Prime; css_animation=\u00a0\u00bbleft-t-right\u00a0\u00bb animation_speed=\u00a0\u00bb1000&Prime; animation_delay=\u00a0\u00bb600&Prime; width=\u00a0\u00bb1\/1&Prime; uncode_shortcode_id=\u00a0\u00bb959378&Prime;][vc_row_inner row_inner_height_percent=\u00a0\u00bb0&Prime; overlay_alpha=\u00a0\u00bb50&Prime; gutter_size=\u00a0\u00bb4&Prime; shift_y=\u00a0\u00bb0&Prime; z_index=\u00a0\u00bb0&Prime; limit_content=\u00a0\u00bb\u00a0\u00bb][vc_column_inner column_width_percent=\u00a0\u00bb100&Prime; gutter_size=\u00a0\u00bb2&Prime; style=\u00a0\u00bblight\u00a0\u00bb overlay_alpha=\u00a0\u00bb50&Prime; shift_x=\u00a0\u00bb0&Prime; shift_y=\u00a0\u00bb0&Prime; shift_y_down=\u00a0\u00bb0&Prime; z_index=\u00a0\u00bb0&Prime; medium_width=\u00a0\u00bb4&Prime; mobile_width=\u00a0\u00bb0&Prime; width=\u00a0\u00bb1\/1&Prime; uncode_shortcode_id=\u00a0\u00bb715434&Prime;][vc_custom_heading text_color=\u00a0\u00bbcolor-jevc\u00a0\u00bb heading_semantic=\u00a0\u00bbh1&Prime; text_size=\u00a0\u00bbfontsize-155944&Prime; css_animation=\u00a0\u00bbcurtain-words\u00a0\u00bb animation_delay=\u00a0\u00bb600&Prime; uncode_shortcode_id=\u00a0\u00bb197375&Prime; text_color_type=\u00a0\u00bbuncode-palette\u00a0\u00bb]Politique de Qualit\u00e9[\/vc_custom_heading][\/vc_column_inner][\/vc_row_inner][\/vc_column][\/vc_row][vc_row][vc_column width=\u00a0\u00bb1\/1&Prime;][vc_column_text uncode_shortcode_id=\u00a0\u00bb814627&Prime;]La Direction est consciente des circonstances actuelles qui nous entourent : les innovations technologiques, les prix bas, les march\u00e9s internationaux et les client les plus exigeants. Cela nous contraint ainsi \u00e0 r\u00e9agir en nous adaptant constamment \u00e0 notre environnement et \u00e0 offrir \u00e0 tout moment les meilleurs produits et services r\u00e9pondant aux besoins et aux attentes de nos clients actuels et potentiels, en respectant \u00e0 la fois leurs exigences, les exigences l\u00e9gales et r\u00e9glementaires, en am\u00e9liorant continuellement les processus et en maintenant l\u2019efficacit\u00e9 du syst\u00e8me de gestion de la qualit\u00e9 en vue de garantir le futur de notre Entreprise.<\/p>\n<p>C\u2019est la raison pour laquelle nous consid\u00e9rons la Politique de Qualit\u00e9 comme \u00e9tant \u00ab La voie con\u00e7ue pour atteindre les objectifs \u00bb.<\/p>\n<p>Pour ce faire, nos OBJECTIFS et PRINCIPES de la Politique de Qualit\u00e9 d\u00e9finie sont les suivants :<\/p>\n<ul>\n<li>Les services fournis doivent r\u00e9pondre aux attentes des clients.<\/li>\n<li>Chercher \u00e0 am\u00e9liorer continuellement la qualit\u00e9 de nos produits et de nos services afin de pouvoir am\u00e9liorer constamment l\u2019image et la r\u00e9putation de notre entreprise.<\/li>\n<li>Atteindre les objectifs fix\u00e9s en mati\u00e8re de qualit\u00e9 et les am\u00e9liorer.<\/li>\n<li>Am\u00e9lioration continue des processus en visant l\u2019efficacit\u00e9 maximale et en optimisant les ressources employ\u00e9es.<\/li>\n<li>Garantir le respect des normes et des exigences r\u00e9glementaires (R\u00e8glement (UE) 2017\/745 du Parlement europ\u00e9en et du Conseil relatif aux dispositifs m\u00e9dicaux et ISO 13485:2016 Syst\u00e8mes de gestion de la qualit\u00e9 des dispositifs m\u00e9dicaux) exig\u00e9es par les autorit\u00e9s de sant\u00e9 et les diff\u00e9rents organismes de r\u00e9glementation.<\/li>\n<\/ul>\n<p>La Direction, par l\u2019interm\u00e9diaire du Responsable de Qualit\u00e9, s\u2019est engag\u00e9e \u00e0 mettre en \u0153uvre la Gestion de la Qualit\u00e9 \u00e0 tous les niveaux de l\u2019Entreprise<\/p>\n<p><img decoding=\"async\" class=\"size-full wp-image-118076 aligncenter\" src=\"https:\/\/novasonix.es\/wp-content\/uploads\/2023\/06\/firma.jpg\" alt=\"\" width=\"142\" height=\"160\" \/>[\/vc_column_text][\/vc_column][\/vc_row][vc_row row_height_percent=\u00a0\u00bb0&Prime; override_padding=\u00a0\u00bbyes\u00a0\u00bb h_padding=\u00a0\u00bb2&Prime; top_padding=\u00a0\u00bb2&Prime; bottom_padding=\u00a0\u00bb3&Prime; overlay_alpha=\u00a0\u00bb50&Prime; gutter_size=\u00a0\u00bb3&Prime; column_width_percent=\u00a0\u00bb100&Prime; border_color=\u00a0\u00bbcolor-gyho\u00a0\u00bb border_style=\u00a0\u00bbsolid\u00a0\u00bb shift_y=\u00a0\u00bb0&Prime; z_index=\u00a0\u00bb0&Prime; enable_top_divider=\u00a0\u00bbdefault\u00a0\u00bb shape_top_h_use_pixel=\u00a0\u00bb\u00a0\u00bb shape_top_height=\u00a0\u00bb150&Prime; shape_top_opacity=\u00a0\u00bb100&Prime; shape_top_index=\u00a0\u00bb0&Prime; css=\u00a0\u00bb.vc_custom_1686330092658{border-top-width: 1px !important;}\u00a0\u00bb uncode_shortcode_id=\u00a0\u00bb180335&Prime; border_color_type=\u00a0\u00bbuncode-palette\u00a0\u00bb][vc_column column_width_percent=\u00a0\u00bb100&Prime; align_horizontal=\u00a0\u00bbalign_center\u00a0\u00bb gutter_size=\u00a0\u00bb3&Prime; overlay_alpha=\u00a0\u00bb50&Prime; shift_x=\u00a0\u00bb0&Prime; shift_y=\u00a0\u00bb0&Prime; shift_y_down=\u00a0\u00bb0&Prime; shift_y_down_fixed=\u00a0\u00bbyes\u00a0\u00bb z_index=\u00a0\u00bb0&Prime; medium_width=\u00a0\u00bb0&Prime; mobile_width=\u00a0\u00bb0&Prime; width=\u00a0\u00bb1\/1&Prime;][vc_row_inner limit_content=\u00a0\u00bb\u00a0\u00bb][vc_column_inner column_width_use_pixel=\u00a0\u00bbyes\u00a0\u00bb align_horizontal=\u00a0\u00bbalign_center\u00a0\u00bb gutter_size=\u00a0\u00bb2&Prime; overlay_alpha=\u00a0\u00bb50&Prime; shift_x=\u00a0\u00bb0&Prime; shift_y=\u00a0\u00bb0&Prime; shift_y_down=\u00a0\u00bb0&Prime; z_index=\u00a0\u00bb0&Prime; medium_width=\u00a0\u00bb0&Prime; mobile_width=\u00a0\u00bb0&Prime; width=\u00a0\u00bb1\/1&Prime; column_width_pixel=\u00a0\u00bb660&Prime;][vc_custom_heading text_color=\u00a0\u00bbaccent\u00a0\u00bb heading_semantic=\u00a0\u00bbh3&Prime; text_size=\u00a0\u00bbfontsize-155944&Prime; sub_lead=\u00a0\u00bbyes\u00a0\u00bb subheading=\u00a0\u00bbConsultez nos derni\u00e8res nouvelles\u00a0\u00bb uncode_shortcode_id=\u00a0\u00bb726545&Prime; text_color_type=\u00a0\u00bbuncode-palette\u00a0\u00bb el_class=\u00a0\u00bbtitulo_seccion\u00a0\u00bb]novasonix Magazine[\/vc_custom_heading][\/vc_column_inner][\/vc_row_inner][vc_empty_space empty_h=\u00a0\u00bb2&Prime;][uncode_index el_id=\u00a0\u00bbindex-3255486526&Prime; index_type=\u00a0\u00bbcarousel\u00a0\u00bb loop=\u00a0\u00bbsize:7|order_by:date|post_type:post|taxonomy_count:10&Prime; carousel_lg=\u00a0\u00bb3&Prime; carousel_md=\u00a0\u00bb2&Prime; carousel_sm=\u00a0\u00bb1&Prime; thumb_size=\u00a0\u00bbfour-three\u00a0\u00bb gutter_size=\u00a0\u00bb4&Prime; post_items=\u00a0\u00bbmedia|featured|onpost|original,title\u00a0\u00bb product_items=\u00a0\u00bbtitle,media|featured|onpost|original|hide-sale,price\u00a0\u00bb portfolio_items=\u00a0\u00bbtitle,media|featured|onpost|original\u00a0\u00bb carousel_interval=\u00a0\u00bb0&Prime; carousel_navspeed=\u00a0\u00bb400&Prime; carousel_dots=\u00a0\u00bbyes\u00a0\u00bb stage_padding=\u00a0\u00bb0&Prime; single_overlay_color=\u00a0\u00bbcolor-wayh\u00a0\u00bb single_overlay_opacity=\u00a0\u00bb20&Prime; single_overlay_anim=\u00a0\u00bbno\u00a0\u00bb single_text_anim=\u00a0\u00bbno\u00a0\u00bb single_image_magnetic=\u00a0\u00bbyes\u00a0\u00bb single_h_align_mobile=\u00a0\u00bbcenter\u00a0\u00bb single_padding=\u00a0\u00bb1&Prime; single_title_dimension=\u00a0\u00bbh5&Prime; single_title_weight=\u00a0\u00bb300&Prime; single_title_height=\u00a0\u00bbfontheight-357766&Prime; single_border=\u00a0\u00bbyes\u00a0\u00bb single_css_animation=\u00a0\u00bbzoom-in\u00a0\u00bb single_animation_delay=\u00a0\u00bb200&Prime; single_animation_first=\u00a0\u00bbyes\u00a0\u00bb single_icon=\u00a0\u00bbfa fa-plus2&Prime; uncode_shortcode_id=\u00a0\u00bb169887&Prime; el_class=\u00a0\u00bbposts_home\u00a0\u00bb][vc_button button_color=\u00a0\u00bbaccent\u00a0\u00bb radius=\u00a0\u00bbbtn-square\u00a0\u00bb outline=\u00a0\u00bbyes\u00a0\u00bb border_width=\u00a0\u00bb0&Prime; link=\u00a0\u00bburl:https%3A%2F%2Fnovasonix.es%2Ffr%2Fmagazine%2F|title:Magazine\u00a0\u00bb button_color_type=\u00a0\u00bbuncode-palette\u00a0\u00bb uncode_shortcode_id=\u00a0\u00bb166449&Prime;]ALLER AU MAGAZINE[\/vc_button][\/vc_column][\/vc_row]<\/p>\n<\/section>","protected":false},"excerpt":{"rendered":"<p>[vc_row row_height_percent=\u00a0\u00bb40&Prime; override_padding=\u00a0\u00bbyes\u00a0\u00bb h_padding=\u00a0\u00bb2&Prime; top_padding=\u00a0\u00bb4&Prime; bottom_padding=\u00a0\u00bb4&Prime; back_color=\u00a0\u00bbcolor-gyho\u00a0\u00bb overlay_alpha=\u00a0\u00bb0&Prime; gutter_size=\u00a0\u00bb3&Prime; column_width_percent=\u00a0\u00bb100&Prime; shift_y=\u00a0\u00bb0&Prime; z_index=\u00a0\u00bb0&Prime; top_divider=\u00a0\u00bbgradient\u00a0\u00bb bottom_divider=\u00a0\u00bbstep_3_4&Prime; uncode_shortcode_id=\u00a0\u00bb746637&Prime; back_color_type=\u00a0\u00bbuncode-palette\u00a0\u00bb][vc_column column_width_percent=\u00a0\u00bb100&Prime; position_vertical=\u00a0\u00bbmiddle\u00a0\u00bb align_horizontal=\u00a0\u00bbalign_center\u00a0\u00bb gutter_size=\u00a0\u00bb3&Prime; [&hellip;]<\/p>\n","protected":false},"author":2,"featured_media":118656,"parent":0,"menu_order":0,"comment_status":"closed","ping_status":"closed","template":"","meta":{"footnotes":""},"class_list":["post-120887","page","type-page","status-publish","has-post-thumbnail","hentry"],"yoast_head":"<!-- This site is optimized with the Yoast SEO plugin v21.9.1 - https:\/\/yoast.com\/wordpress\/plugins\/seo\/ -->\n<title>Politique de Qualit\u00e9 - novasonix<\/title>\n<meta name=\"robots\" content=\"noindex, follow\" \/>\n<meta property=\"og:locale\" content=\"fr_FR\" \/>\n<meta property=\"og:type\" content=\"article\" \/>\n<meta property=\"og:title\" content=\"Politique de Qualit\u00e9 - novasonix\" \/>\n<meta property=\"og:description\" content=\"[vc_row row_height_percent=\u00a0\u00bb40&Prime; override_padding=\u00a0\u00bbyes\u00a0\u00bb h_padding=\u00a0\u00bb2&Prime; top_padding=\u00a0\u00bb4&Prime; bottom_padding=\u00a0\u00bb4&Prime; back_color=\u00a0\u00bbcolor-gyho\u00a0\u00bb overlay_alpha=\u00a0\u00bb0&Prime; gutter_size=\u00a0\u00bb3&Prime; column_width_percent=\u00a0\u00bb100&Prime; shift_y=\u00a0\u00bb0&Prime; z_index=\u00a0\u00bb0&Prime; top_divider=\u00a0\u00bbgradient\u00a0\u00bb bottom_divider=\u00a0\u00bbstep_3_4&Prime; uncode_shortcode_id=\u00a0\u00bb746637&Prime; back_color_type=\u00a0\u00bbuncode-palette\u00a0\u00bb][vc_column column_width_percent=\u00a0\u00bb100&Prime; position_vertical=\u00a0\u00bbmiddle\u00a0\u00bb align_horizontal=\u00a0\u00bbalign_center\u00a0\u00bb gutter_size=\u00a0\u00bb3&Prime; [&hellip;]\" \/>\n<meta property=\"og:url\" content=\"https:\/\/novasonix.es\/politica-de-calidad-novasonix\/\" \/>\n<meta property=\"og:site_name\" content=\"novasonix\" \/>\n<meta property=\"article:modified_time\" content=\"2023-09-14T16:24:53+00:00\" \/>\n<meta property=\"og:image\" content=\"https:\/\/novasonix.es\/wp-content\/uploads\/2022\/09\/demo-homepage-Classic-Saas-Uncode-2022.jpg\" \/>\n\t<meta property=\"og:image:width\" content=\"1200\" \/>\n\t<meta property=\"og:image:height\" content=\"800\" \/>\n\t<meta property=\"og:image:type\" content=\"image\/jpeg\" \/>\n<meta name=\"twitter:card\" content=\"summary_large_image\" \/>\n<meta name=\"twitter:label1\" content=\"Dur\u00e9e de lecture estim\u00e9e\" \/>\n\t<meta name=\"twitter:data1\" content=\"3 minutes\" \/>\n<script type=\"application\/ld+json\" class=\"yoast-schema-graph\">{\"@context\":\"https:\/\/schema.org\",\"@graph\":[{\"@type\":\"WebPage\",\"@id\":\"https:\/\/novasonix.es\/politica-de-calidad-novasonix\/\",\"url\":\"https:\/\/novasonix.es\/politica-de-calidad-novasonix\/\",\"name\":\"Politique de Qualit\u00e9 - novasonix\",\"isPartOf\":{\"@id\":\"https:\/\/novasonix.es\/#website\"},\"datePublished\":\"2023-06-09T16:38:12+00:00\",\"dateModified\":\"2023-09-14T16:24:53+00:00\",\"inLanguage\":\"fr-FR\",\"potentialAction\":[{\"@type\":\"ReadAction\",\"target\":[\"https:\/\/novasonix.es\/politica-de-calidad-novasonix\/\"]}]},{\"@type\":\"WebSite\",\"@id\":\"https:\/\/novasonix.es\/#website\",\"url\":\"https:\/\/novasonix.es\/\",\"name\":\"novasonix\",\"description\":\"\",\"potentialAction\":[{\"@type\":\"SearchAction\",\"target\":{\"@type\":\"EntryPoint\",\"urlTemplate\":\"https:\/\/novasonix.es\/?s={search_term_string}\"},\"query-input\":\"required name=search_term_string\"}],\"inLanguage\":\"fr-FR\"}]}<\/script>\n<!-- \/ Yoast SEO plugin. -->","yoast_head_json":{"title":"Politique de Qualit\u00e9 - novasonix","robots":{"index":"noindex","follow":"follow"},"og_locale":"fr_FR","og_type":"article","og_title":"Politique de Qualit\u00e9 - novasonix","og_description":"[vc_row row_height_percent=\u00a0\u00bb40&Prime; override_padding=\u00a0\u00bbyes\u00a0\u00bb h_padding=\u00a0\u00bb2&Prime; top_padding=\u00a0\u00bb4&Prime; bottom_padding=\u00a0\u00bb4&Prime; back_color=\u00a0\u00bbcolor-gyho\u00a0\u00bb overlay_alpha=\u00a0\u00bb0&Prime; gutter_size=\u00a0\u00bb3&Prime; column_width_percent=\u00a0\u00bb100&Prime; shift_y=\u00a0\u00bb0&Prime; z_index=\u00a0\u00bb0&Prime; top_divider=\u00a0\u00bbgradient\u00a0\u00bb bottom_divider=\u00a0\u00bbstep_3_4&Prime; uncode_shortcode_id=\u00a0\u00bb746637&Prime; back_color_type=\u00a0\u00bbuncode-palette\u00a0\u00bb][vc_column column_width_percent=\u00a0\u00bb100&Prime; position_vertical=\u00a0\u00bbmiddle\u00a0\u00bb align_horizontal=\u00a0\u00bbalign_center\u00a0\u00bb gutter_size=\u00a0\u00bb3&Prime; [&hellip;]","og_url":"https:\/\/novasonix.es\/politica-de-calidad-novasonix\/","og_site_name":"novasonix","article_modified_time":"2023-09-14T16:24:53+00:00","og_image":[{"width":1200,"height":800,"url":"https:\/\/novasonix.es\/wp-content\/uploads\/2022\/09\/demo-homepage-Classic-Saas-Uncode-2022.jpg","type":"image\/jpeg"}],"twitter_card":"summary_large_image","twitter_misc":{"Dur\u00e9e de lecture estim\u00e9e":"3 minutes"},"schema":{"@context":"https:\/\/schema.org","@graph":[{"@type":"WebPage","@id":"https:\/\/novasonix.es\/politica-de-calidad-novasonix\/","url":"https:\/\/novasonix.es\/politica-de-calidad-novasonix\/","name":"Politique de Qualit\u00e9 - novasonix","isPartOf":{"@id":"https:\/\/novasonix.es\/#website"},"datePublished":"2023-06-09T16:38:12+00:00","dateModified":"2023-09-14T16:24:53+00:00","inLanguage":"fr-FR","potentialAction":[{"@type":"ReadAction","target":["https:\/\/novasonix.es\/politica-de-calidad-novasonix\/"]}]},{"@type":"WebSite","@id":"https:\/\/novasonix.es\/#website","url":"https:\/\/novasonix.es\/","name":"novasonix","description":"","potentialAction":[{"@type":"SearchAction","target":{"@type":"EntryPoint","urlTemplate":"https:\/\/novasonix.es\/?s={search_term_string}"},"query-input":"required name=search_term_string"}],"inLanguage":"fr-FR"}]}},"_links":{"self":[{"href":"https:\/\/novasonix.es\/fr\/wp-json\/wp\/v2\/pages\/120887","targetHints":{"allow":["GET"]}}],"collection":[{"href":"https:\/\/novasonix.es\/fr\/wp-json\/wp\/v2\/pages"}],"about":[{"href":"https:\/\/novasonix.es\/fr\/wp-json\/wp\/v2\/types\/page"}],"author":[{"embeddable":true,"href":"https:\/\/novasonix.es\/fr\/wp-json\/wp\/v2\/users\/2"}],"replies":[{"embeddable":true,"href":"https:\/\/novasonix.es\/fr\/wp-json\/wp\/v2\/comments?post=120887"}],"version-history":[{"count":3,"href":"https:\/\/novasonix.es\/fr\/wp-json\/wp\/v2\/pages\/120887\/revisions"}],"predecessor-version":[{"id":121156,"href":"https:\/\/novasonix.es\/fr\/wp-json\/wp\/v2\/pages\/120887\/revisions\/121156"}],"wp:featuredmedia":[{"embeddable":true,"href":"https:\/\/novasonix.es\/fr\/wp-json\/wp\/v2\/media\/118656"}],"wp:attachment":[{"href":"https:\/\/novasonix.es\/fr\/wp-json\/wp\/v2\/media?parent=120887"}],"curies":[{"name":"wp","href":"https:\/\/api.w.org\/{rel}","templated":true}]}}