{"id":120932,"date":"2023-08-18T05:25:50","date_gmt":"2023-08-18T05:25:50","guid":{"rendered":"https:\/\/novasonix.es\/tratamientos-capilares\/"},"modified":"2026-01-20T15:53:34","modified_gmt":"2026-01-20T15:53:34","slug":"traitements-capillaires","status":"publish","type":"page","link":"https:\/\/novasonix.es\/fr\/traitements-capillaires\/","title":{"rendered":"Traitements capillaires"},"content":{"rendered":"<section class=\"wpb-content-wrapper\"><p>[vc_row row_height_percent=\u00a0\u00bb30&Prime; override_padding=\u00a0\u00bbyes\u00a0\u00bb h_padding=\u00a0\u00bb2&Prime; top_padding=\u00a0\u00bb0&Prime; bottom_padding=\u00a0\u00bb0&Prime; back_color=\u00a0\u00bbcolor-gyho\u00a0\u00bb overlay_alpha=\u00a0\u00bb0&Prime; gutter_size=\u00a0\u00bb3&Prime; column_width_percent=\u00a0\u00bb100&Prime; shift_y=\u00a0\u00bb0&Prime; z_index=\u00a0\u00bb0&Prime; top_divider=\u00a0\u00bbgradient\u00a0\u00bb bottom_divider=\u00a0\u00bbstep_3_4&Prime; uncode_shortcode_id=\u00a0\u00bb954572&Prime; back_color_type=\u00a0\u00bbuncode-palette\u00a0\u00bb][vc_column column_width_percent=\u00a0\u00bb100&Prime; position_vertical=\u00a0\u00bbmiddle\u00a0\u00bb align_horizontal=\u00a0\u00bbalign_center\u00a0\u00bb gutter_size=\u00a0\u00bb3&Prime; style=\u00a0\u00bbdark\u00a0\u00bb overlay_alpha=\u00a0\u00bb50&Prime; shift_x=\u00a0\u00bb0&Prime; shift_y=\u00a0\u00bb0&Prime; shift_y_down=\u00a0\u00bb0&Prime; z_index=\u00a0\u00bb0&Prime; medium_width=\u00a0\u00bb0&Prime; mobile_width=\u00a0\u00bb0&Prime; css_animation=\u00a0\u00bbleft-t-right\u00a0\u00bb animation_speed=\u00a0\u00bb1000&Prime; animation_delay=\u00a0\u00bb600&Prime; width=\u00a0\u00bb1\/1&Prime; uncode_shortcode_id=\u00a0\u00bb705003&Prime; css=\u00a0\u00bb.vc_custom_1692136121524{padding-left: 3% !important;}\u00a0\u00bb][vc_row_inner row_inner_height_percent=\u00a0\u00bb0&Prime; overlay_alpha=\u00a0\u00bb50&Prime; equal_height=\u00a0\u00bbyes\u00a0\u00bb gutter_size=\u00a0\u00bb4&Prime; shift_y=\u00a0\u00bb0&Prime; z_index=\u00a0\u00bb0&Prime; limit_content=\u00a0\u00bb\u00a0\u00bb uncode_shortcode_id=\u00a0\u00bb865169&Prime;][vc_column_inner column_width_percent=\u00a0\u00bb100&Prime; position_horizontal=\u00a0\u00bbleft\u00a0\u00bb position_vertical=\u00a0\u00bbmiddle\u00a0\u00bb gutter_size=\u00a0\u00bb2&Prime; style=\u00a0\u00bblight\u00a0\u00bb overlay_alpha=\u00a0\u00bb50&Prime; shift_x=\u00a0\u00bb0&Prime; shift_y=\u00a0\u00bb0&Prime; shift_y_down=\u00a0\u00bb0&Prime; z_index=\u00a0\u00bb0&Prime; medium_width=\u00a0\u00bb4&Prime; align_mobile=\u00a0\u00bbalign_center_mobile\u00a0\u00bb mobile_width=\u00a0\u00bb0&Prime; width=\u00a0\u00bb2\/4&Prime; uncode_shortcode_id=\u00a0\u00bb107846&Prime; el_class=\u00a0\u00bbadaptive_hero_top_padding mov_izq\u00a0\u00bb][vc_custom_heading text_color=\u00a0\u00bbaccent\u00a0\u00bb heading_semantic=\u00a0\u00bbh1&Prime; text_size=\u00a0\u00bbfontsize-155944&Prime; sub_lead=\u00a0\u00bbyes\u00a0\u00bb uncode_shortcode_id=\u00a0\u00bb196358&Prime; text_color_type=\u00a0\u00bbuncode-palette\u00a0\u00bb el_class=\u00a0\u00bbtitulo_seccion\u00a0\u00bb subheading=\u00a0\u00bbD\u00e9couvrez pourquoi la RF est votre meilleure alli\u00e9e pour les traitements de beaut\u00e9 capillaire\u00a0\u00bb]Traitements Capillaires[\/vc_custom_heading][vc_button button_color=\u00a0\u00bbcolor-jevc\u00a0\u00bb border_width=\u00a0\u00bb0&Prime; button_color_type=\u00a0\u00bbuncode-palette\u00a0\u00bb uncode_shortcode_id=\u00a0\u00bb102797&Prime; link=\u00a0\u00bburl:https%3A%2F%2Fnovasonix.es%2Ffr%2Fcontact%2F|title:Contacto\u00a0\u00bb el_class=\u00a0\u00bbpopmake-121393&Prime;]PARLEZ \u00c0 UN EXPERT[\/vc_button][\/vc_column_inner][vc_column_inner width=\u00a0\u00bb3\/4&Prime;][vc_single_image media=\u00a0\u00bb120227&Prime; media_width_percent=\u00a0\u00bb100&Prime; alignment=\u00a0\u00bbcenter\u00a0\u00bb uncode_shortcode_id=\u00a0\u00bb158726&Prime;][\/vc_column_inner][\/vc_row_inner][\/vc_column][\/vc_row][vc_row row_height_percent=\u00a0\u00bb0&Prime; override_padding=\u00a0\u00bbyes\u00a0\u00bb h_padding=\u00a0\u00bb2&Prime; top_padding=\u00a0\u00bb3&Prime; bottom_padding=\u00a0\u00bb2&Prime; overlay_alpha=\u00a0\u00bb50&Prime; equal_height=\u00a0\u00bbyes\u00a0\u00bb gutter_size=\u00a0\u00bb4&Prime; column_width_percent=\u00a0\u00bb100&Prime; shift_y=\u00a0\u00bb0&Prime; z_index=\u00a0\u00bb0&Prime; el_class=\u00a0\u00bbinverted-device-order\u00a0\u00bb uncode_shortcode_id=\u00a0\u00bb210801&Prime; el_id=\u00a0\u00bbadaptive_tbm_head_text\u00a0\u00bb][vc_column column_width_percent=\u00a0\u00bb81&Prime; position_horizontal=\u00a0\u00bbleft\u00a0\u00bb position_vertical=\u00a0\u00bbmiddle\u00a0\u00bb gutter_size=\u00a0\u00bb3&Prime; overlay_alpha=\u00a0\u00bb50&Prime; shift_x=\u00a0\u00bb0&Prime; shift_y=\u00a0\u00bb0&Prime; shift_y_down=\u00a0\u00bb0&Prime; z_index=\u00a0\u00bb0&Prime; medium_width=\u00a0\u00bb0&Prime; mobile_width=\u00a0\u00bb0&Prime; width=\u00a0\u00bb1\/1&Prime; uncode_shortcode_id=\u00a0\u00bb779898&Prime;][vc_custom_heading text_color=\u00a0\u00bbaccent\u00a0\u00bb heading_semantic=\u00a0\u00bbh3&Prime; text_size=\u00a0\u00bbfontsize-155944&Prime; sub_lead=\u00a0\u00bbyes\u00a0\u00bb uncode_shortcode_id=\u00a0\u00bb663839&Prime; text_color_type=\u00a0\u00bbuncode-palette\u00a0\u00bb el_class=\u00a0\u00bbtitulo_seccion\u00a0\u00bb subheading=\u00a0\u00bbNous vous proposons une s\u00e9rie compl\u00e8te de traitements capillaires exclusifs utilisant la technologie de radiofr\u00e9quence monopolaire \u00e0 448 kHz. Ces traitements aident \u00e0 ralentir le vieillissement des follicules pileux pour des cheveux sains et brillants.\u00a0\u00bb]Applications et avantages[\/vc_custom_heading][\/vc_column][\/vc_row][vc_row][vc_column width=\u00a0\u00bb1\/3&Prime;][vc_row_inner limit_content=\u00a0\u00bb\u00a0\u00bb][vc_column_inner width=\u00a0\u00bb1\/1&Prime;][vc_single_image media=\u00a0\u00bb119983&Prime; media_width_percent=\u00a0\u00bb100&Prime; uncode_shortcode_id=\u00a0\u00bb126175&Prime;][vc_column_text uncode_shortcode_id=\u00a0\u00bb667180&Prime;]<\/p>\n<h3 style=\"color: #8a8a8d; font-weight: 400; font-size: 20px!important;\">Densifier et revitaliser<\/h3>\n<ul>\n<li style=\"font-weight: 300;\" aria-level=\"1\"><span style=\"font-weight: 300;\">Augmentation de la densit\u00e9 capillaire<\/span><\/li>\n<li style=\"font-weight: 300;\" aria-level=\"1\"><span style=\"font-weight: 300;\">Fortification des cheveux<\/span><\/li>\n<li style=\"font-weight: 300;\" aria-level=\"1\">Am\u00e9lioration de l\u2019aspect des cheveux<\/li>\n<\/ul>\n<p>[\/vc_column_text][\/vc_column_inner][\/vc_row_inner][\/vc_column][vc_column width=\u00a0\u00bb1\/3&Prime;][vc_row_inner limit_content=\u00a0\u00bb\u00a0\u00bb][vc_column_inner width=\u00a0\u00bb1\/1&Prime;][vc_single_image media=\u00a0\u00bb119987&Prime; media_width_percent=\u00a0\u00bb100&Prime; uncode_shortcode_id=\u00a0\u00bb187563&Prime;][vc_column_text uncode_shortcode_id=\u00a0\u00bb410634&Prime;]<\/p>\n<h3 style=\"color: #8a8a8d; font-weight: 400; font-size: 20px!important;\">Brillance et vitalit\u00e9<\/h3>\n<ul>\n<li style=\"font-weight: 300;\" aria-level=\"1\"><span style=\"font-weight: 300;\">Des cheveux plus forts<\/span><\/li>\n<li style=\"font-weight: 300;\" aria-level=\"1\"><span style=\"font-weight: 300;\">Plus brillants<\/span><\/li>\n<li style=\"font-weight: 300;\" aria-level=\"1\"><span style=\"font-weight: 300;\">En meilleure sant\u00e9<\/span><\/li>\n<\/ul>\n<p>[\/vc_column_text][\/vc_column_inner][\/vc_row_inner][\/vc_column][vc_column width=\u00a0\u00bb1\/3&Prime;][vc_row_inner limit_content=\u00a0\u00bb\u00a0\u00bb][vc_column_inner width=\u00a0\u00bb1\/1&Prime;][vc_single_image media=\u00a0\u00bb119940&Prime; media_width_percent=\u00a0\u00bb100&Prime; uncode_shortcode_id=\u00a0\u00bb922782&Prime;][vc_column_text uncode_shortcode_id=\u00a0\u00bb142720&Prime;]<\/p>\n<h3 style=\"color: #8a8a8d; font-weight: 400; font-size: 20px!important;\">Stopper et pr\u00e9venir la chute<\/h3>\n<ul>\n<li style=\"font-weight: 300;\" aria-level=\"1\"><span style=\"font-weight: 300;\">Stimule la croissance capillaire<\/span><\/li>\n<li style=\"font-weight: 300;\" aria-level=\"1\"><span style=\"font-weight: 300;\">Fortification des follicules pileux<\/span><\/li>\n<li style=\"font-weight: 300;\" aria-level=\"1\"><span style=\"font-weight: 300;\">Am\u00e9lioration de la sant\u00e9 du cuir chevelu<\/span><\/li>\n<\/ul>\n<p>[\/vc_column_text][\/vc_column_inner][\/vc_row_inner][\/vc_column][\/vc_row][vc_row row_height_percent=\u00a0\u00bb0&Prime; overlay_alpha=\u00a0\u00bb50&Prime; gutter_size=\u00a0\u00bb3&Prime; column_width_percent=\u00a0\u00bb100&Prime; shift_y=\u00a0\u00bb0&Prime; z_index=\u00a0\u00bb0&Prime; uncode_shortcode_id=\u00a0\u00bb491859&Prime; el_class=\u00a0\u00bbmov_izq pb-0&Prime;][vc_column column_width_percent=\u00a0\u00bb100&Prime; align_horizontal=\u00a0\u00bbalign_center\u00a0\u00bb gutter_size=\u00a0\u00bb3&Prime; overlay_alpha=\u00a0\u00bb50&Prime; shift_x=\u00a0\u00bb0&Prime; shift_y=\u00a0\u00bb0&Prime; shift_y_down=\u00a0\u00bb0&Prime; z_index=\u00a0\u00bb0&Prime; medium_width=\u00a0\u00bb0&Prime; mobile_width=\u00a0\u00bb0&Prime; width=\u00a0\u00bb1\/1&Prime; uncode_shortcode_id=\u00a0\u00bb973759&Prime;][vc_custom_heading text_color=\u00a0\u00bbaccent\u00a0\u00bb text_size=\u00a0\u00bbfontsize-155944&Prime; sub_lead=\u00a0\u00bbyes\u00a0\u00bb uncode_shortcode_id=\u00a0\u00bb335829&Prime; text_color_type=\u00a0\u00bbuncode-palette\u00a0\u00bb el_class=\u00a0\u00bbtitulo_seccion\u00a0\u00bb subheading=\u00a0\u00bbCon\u00e7us pour que les cheveux retrouvent force et beaut\u00e9\u00a0\u00bb]Technologie sp\u00e9cialis\u00e9e[\/vc_custom_heading][\/vc_column][\/vc_row][vc_row][vc_column column_width_percent=\u00a0\u00bb100&Prime; gutter_size=\u00a0\u00bb3&Prime; overlay_alpha=\u00a0\u00bb50&Prime; shift_x=\u00a0\u00bb0&Prime; shift_y=\u00a0\u00bb0&Prime; shift_y_down=\u00a0\u00bb0&Prime; z_index=\u00a0\u00bb0&Prime; medium_width=\u00a0\u00bb0&Prime; mobile_width=\u00a0\u00bb0&Prime; width=\u00a0\u00bb1\/2&Prime; uncode_shortcode_id=\u00a0\u00bb314919&Prime;][vc_row_inner row_inner_height_percent=\u00a0\u00bb0&Prime; overlay_alpha=\u00a0\u00bb50&Prime; gutter_size=\u00a0\u00bb3&Prime; shift_y=\u00a0\u00bb0&Prime; z_index=\u00a0\u00bb0&Prime; limit_content=\u00a0\u00bb\u00a0\u00bb uncode_shortcode_id=\u00a0\u00bb170872&Prime; el_class=\u00a0\u00bbpt-0&Prime;][vc_column_inner column_width_percent=\u00a0\u00bb100&Prime; gutter_size=\u00a0\u00bb3&Prime; overlay_alpha=\u00a0\u00bb50&Prime; shift_x=\u00a0\u00bb0&Prime; shift_y=\u00a0\u00bb0&Prime; shift_y_down=\u00a0\u00bb0&Prime; z_index=\u00a0\u00bb0&Prime; medium_width=\u00a0\u00bb0&Prime; mobile_width=\u00a0\u00bb0&Prime; width=\u00a0\u00bb1\/1&Prime; uncode_shortcode_id=\u00a0\u00bb178134&Prime; back_color_type=\u00a0\u00bbuncode-solid\u00a0\u00bb back_color_solid=\u00a0\u00bb#f9f9f9&Prime; css=\u00a0\u00bb.vc_custom_1693563313324{padding-bottom: 0px !important;}\u00a0\u00bb][vc_single_image media=\u00a0\u00bb122365&Prime; media_width_use_pixel=\u00a0\u00bbyes\u00a0\u00bb uncode_shortcode_id=\u00a0\u00bb723963&Prime; media_width_pixel=\u00a0\u00bb180&Prime;][vc_column_text uncode_shortcode_id=\u00a0\u00bb168369&Prime;]<\/p>\n<p class=\"format_bl_1\">Gr\u00e2ce au syst\u00e8me mis en place, HERA parvient \u00e0 activer et \u00e0 oxyg\u00e9ner les tissus du cuir chevelu en fortifiant les follicules pileux, responsables de la pousse des cheveux.<\/p>\n<ul>\n<li style=\"font-weight: 300;\" aria-level=\"1\"><span style=\"font-weight: 300;\">\u00c9lectrodes capacitives curve\u2019s<\/span><\/li>\n<li style=\"font-weight: 300;\" aria-level=\"1\"><span style=\"font-weight: 300;\">Applicateurs ergonomiques<\/span><\/li>\n<li style=\"font-weight: 300;\" aria-level=\"1\"><span style=\"font-weight: 300;\">Protocoles de travail sp\u00e9cifiques<\/span><\/li>\n<\/ul>\n<p>[\/vc_column_text][vc_single_image media=\u00a0\u00bb119964&Prime; media_width_percent=\u00a0\u00bb100&Prime; uncode_shortcode_id=\u00a0\u00bb592447&Prime;][\/vc_column_inner][\/vc_row_inner][vc_row_inner row_inner_height_percent=\u00a0\u00bb0&Prime; overlay_alpha=\u00a0\u00bb50&Prime; gutter_size=\u00a0\u00bb3&Prime; shift_y=\u00a0\u00bb0&Prime; z_index=\u00a0\u00bb0&Prime; limit_content=\u00a0\u00bb\u00a0\u00bb uncode_shortcode_id=\u00a0\u00bb134936&Prime; css=\u00a0\u00bb.vc_custom_1692335244330{margin-bottom: 30px !important;}\u00a0\u00bb][vc_column_inner column_width_percent=\u00a0\u00bb100&Prime; align_horizontal=\u00a0\u00bbalign_center\u00a0\u00bb gutter_size=\u00a0\u00bb3&Prime; overlay_alpha=\u00a0\u00bb50&Prime; shift_x=\u00a0\u00bb0&Prime; shift_y=\u00a0\u00bb0&Prime; shift_y_down=\u00a0\u00bb0&Prime; z_index=\u00a0\u00bb0&Prime; medium_width=\u00a0\u00bb0&Prime; mobile_width=\u00a0\u00bb0&Prime; width=\u00a0\u00bb1\/1&Prime; uncode_shortcode_id=\u00a0\u00bb180953&Prime;][vc_button button_color=\u00a0\u00bbcolor-jevc\u00a0\u00bb border_width=\u00a0\u00bb0&Prime; button_color_type=\u00a0\u00bbuncode-palette\u00a0\u00bb uncode_shortcode_id=\u00a0\u00bb112881&Prime; link=\u00a0\u00bburl:https%3A%2F%2Fnovasonix.es%2Ffr%2Fproduits%2Fequipement-esthetique-avance%2Fhera%2F|title:HERA\u00a0\u00bb]VOIR PLUS[\/vc_button][\/vc_column_inner][\/vc_row_inner][\/vc_column][vc_column width=\u00a0\u00bb1\/2&Prime;][vc_row_inner limit_content=\u00a0\u00bb\u00a0\u00bb][vc_column_inner column_width_percent=\u00a0\u00bb100&Prime; gutter_size=\u00a0\u00bb3&Prime; overlay_alpha=\u00a0\u00bb50&Prime; shift_x=\u00a0\u00bb0&Prime; shift_y=\u00a0\u00bb0&Prime; shift_y_down=\u00a0\u00bb0&Prime; z_index=\u00a0\u00bb0&Prime; medium_width=\u00a0\u00bb0&Prime; mobile_width=\u00a0\u00bb0&Prime; width=\u00a0\u00bb1\/1&Prime; uncode_shortcode_id=\u00a0\u00bb177387&Prime; back_color_type=\u00a0\u00bbuncode-solid\u00a0\u00bb back_color_solid=\u00a0\u00bb#f9f9f9&Prime; css=\u00a0\u00bb.vc_custom_1692335079764{padding-bottom: 0px !important;}\u00a0\u00bb][vc_single_image media=\u00a0\u00bb122383&Prime; media_width_use_pixel=\u00a0\u00bbyes\u00a0\u00bb uncode_shortcode_id=\u00a0\u00bb107496&Prime; media_width_pixel=\u00a0\u00bb180&Prime;][vc_column_text uncode_shortcode_id=\u00a0\u00bb148510&Prime;]<\/p>\n<p class=\"format_bl_1\">ONIX INFINITY utilise la photostimulation par luminoth\u00e9rapie LED pour pr\u00e9parer minutieusement chaque type de peau avant de recevoir la puissance de la radiofr\u00e9quence du Cell Care System.<\/p>\n<ul>\n<li style=\"font-weight: 300;\" aria-level=\"1\"><span style=\"font-weight: 300;\">Photostimulation LED<\/span><\/li>\n<li style=\"font-weight: 300;\" aria-level=\"1\"><span style=\"font-weight: 300;\">\u00c9lectrodes capacitives curve\u2019s<\/span><\/li>\n<li style=\"font-weight: 300;\" aria-level=\"1\"><span style=\"font-weight: 300;\">Protocoles de travail sp\u00e9cifiques<\/span><\/li>\n<\/ul>\n<p>[\/vc_column_text][vc_single_image media=\u00a0\u00bb129328&Prime; media_width_percent=\u00a0\u00bb100&Prime; uncode_shortcode_id=\u00a0\u00bb634912&Prime;][\/vc_column_inner][\/vc_row_inner][vc_row_inner limit_content=\u00a0\u00bb\u00a0\u00bb][vc_column_inner column_width_percent=\u00a0\u00bb100&Prime; align_horizontal=\u00a0\u00bbalign_center\u00a0\u00bb gutter_size=\u00a0\u00bb3&Prime; overlay_alpha=\u00a0\u00bb50&Prime; shift_x=\u00a0\u00bb0&Prime; shift_y=\u00a0\u00bb0&Prime; shift_y_down=\u00a0\u00bb0&Prime; z_index=\u00a0\u00bb0&Prime; medium_width=\u00a0\u00bb0&Prime; mobile_width=\u00a0\u00bb0&Prime; width=\u00a0\u00bb1\/1&Prime; uncode_shortcode_id=\u00a0\u00bb130880&Prime;][vc_button button_color=\u00a0\u00bbcolor-jevc\u00a0\u00bb border_width=\u00a0\u00bb0&Prime; button_color_type=\u00a0\u00bbuncode-palette\u00a0\u00bb uncode_shortcode_id=\u00a0\u00bb203541&Prime; link=\u00a0\u00bburl:https%3A%2F%2Fnovasonix.es%2Ffr%2Fproduits%2Fequipements-desthetique%2Fonix%2F|title:ONIX\u00a0\u00bb]VOIR PLUS[\/vc_button][\/vc_column_inner][\/vc_row_inner][\/vc_column][\/vc_row][vc_row row_height_percent=\u00a0\u00bb0&Prime; overlay_alpha=\u00a0\u00bb50&Prime; equal_height=\u00a0\u00bbyes\u00a0\u00bb gutter_size=\u00a0\u00bb3&Prime; column_width_percent=\u00a0\u00bb100&Prime; shift_y=\u00a0\u00bb0&Prime; z_index=\u00a0\u00bb0&Prime; uncode_shortcode_id=\u00a0\u00bb113825&Prime; back_color_type=\u00a0\u00bbuncode-gradient\u00a0\u00bb back_color_gradient=\u00a0\u00bb{\u00ab\u00a0css\u00ab\u00a0:\u00ab\u00a0background: linear-gradient(to right , rgb(255, 255, 255) 23% , rgb(243, 244, 244) 95%);\u00ab\u00a0,\u00ab\u00a0sliders\u00ab\u00a0:`{`{\u00ab\u00a0color\u00ab\u00a0:\u00ab\u00a0rgb(255, 255, 255)\u00ab\u00a0,\u00ab\u00a0position\u00ab\u00a0:23},{\u00ab\u00a0color\u00ab\u00a0:\u00ab\u00a0rgb(243, 244, 244)\u00ab\u00a0,\u00ab\u00a0position\u00ab\u00a0:95}`}`,\u00ab\u00a0type\u00ab\u00a0:\u00ab\u00a0linear\u00ab\u00a0,\u00ab\u00a0direction\u00ab\u00a0:\u00ab\u00a0left\u00ab\u00a0}\u00a0\u00bb][vc_column column_width_percent=\u00a0\u00bb100&Prime; position_vertical=\u00a0\u00bbmiddle\u00a0\u00bb gutter_size=\u00a0\u00bb3&Prime; overlay_alpha=\u00a0\u00bb50&Prime; shift_x=\u00a0\u00bb0&Prime; shift_y=\u00a0\u00bb0&Prime; shift_y_down=\u00a0\u00bb0&Prime; z_index=\u00a0\u00bb0&Prime; medium_width=\u00a0\u00bb0&Prime; mobile_width=\u00a0\u00bb0&Prime; width=\u00a0\u00bb1\/2&Prime; uncode_shortcode_id=\u00a0\u00bb156663&Prime;][vc_custom_heading text_color=\u00a0\u00bbaccent\u00a0\u00bb heading_semantic=\u00a0\u00bbh3&Prime; text_size=\u00a0\u00bbfontsize-155944&Prime; sub_lead=\u00a0\u00bbyes\u00a0\u00bb uncode_shortcode_id=\u00a0\u00bb148506&Prime; text_color_type=\u00a0\u00bbuncode-palette\u00a0\u00bb el_class=\u00a0\u00bbtitulo_seccion\u00a0\u00bb subheading=\u00a0\u00bbNous d\u00e9veloppons des formules uniques afin de les combiner aux appareils, en renfor\u00e7ant les soins internes et externes, puisque le bien-\u00eatre et la beaut\u00e9 se nourrissent de l\u2019int\u00e9rieur.\u00a0\u00bb]The Beauty Method cosmetics[\/vc_custom_heading][vc_raw_html]JTNDZGl2JTIwY2xhc3MlM0QlMjJwYW5lbC1ncm91cCUyMiUyMGlkJTNEJTIyYWNjb3JkaW9uSEVCRUdZJTIyJTIwcm9sZSUzRCUyMnRhYmxpc3QlMjIlMjBhcmlhLW11bHRpc2VsZWN0YWJsZSUzRCUyMnRydWUlMjIlM0UlMEElMjAlMjAlMjAlMjAlM0NkaXYlMjBjbGFzcyUzRCUyMnBhbmVsJTIwcGFuZWwtZGVmYXVsdCUyMiUzRSUwQSUyMCUyMCUyMCUyMCUyMCUyMCUyMCUyMCUzQ2RpdiUyMGNsYXNzJTNEJTIycGFuZWwtaGVhZGluZyUyMiUyMHJvbGUlM0QlMjJ0YWIlMjIlMjBpZCUzRCUyMmhlYWRpbmdPbmVIRUJFR1klMjIlM0UlMEElMjAlMjAlMjAlMjAlMjAlMjAlMjAlMjAlM0NoNCUyMGNsYXNzJTNEJTIycGFuZWwtdGl0bGUlMjIlM0UlMEElMjAlMjAlMjAlMjAlMjAlMjAlMjAlMjAlM0NhJTIwY2xhc3MlM0QlMjJjb2xsYXBzZWQlMjBub3Zhc29uaXglMjIlMjByb2xlJTNEJTIyYnV0dG9uJTIyJTIwZGF0YS10b2dnbGUlM0QlMjJjb2xsYXBzZSUyMiUyMGRhdGEtcGFyZW50JTNEJTIyJTIzYWNjb3JkaW9uSEVCRUdZJTIyJTIwaHJlZiUzRCUyMiUyM2NvbGxhcHNlT25lSEVCRUdZJTIyJTIwYXJpYS1leHBhbmRlZCUzRCUyMmZhbHNlJTIyJTIwYXJpYS1jb250cm9scyUzRCUyMmNvbGxhcHNlT25lSEVCRUdZJTIyJTNFJTBBJTIwJTIwJTIwJTIwJTIwJTIwJTIwJTIwJTIwJTIwJTIwJTIwQm9vc3RlcnMlMEElMjAlMjAlMjAlMjAlMjAlMjAlMjAlMjAlM0MlMkZhJTNFJTBBJTIwJTIwJTIwJTIwJTIwJTIwJTIwJTIwJTNDJTJGaDQlM0UlMEElMjAlMjAlMjAlMjAlMjAlMjAlMjAlMjAlM0MlMkZkaXYlM0UlMEElMjAlMjAlMjAlMjAlMjAlMjAlMjAlMjAlM0NkaXYlMjBpZCUzRCUyMmNvbGxhcHNlT25lSEVCRUdZJTIyJTIwY2xhc3MlM0QlMjJwYW5lbC1jb2xsYXBzZSUyMGNvbGxhcHNlJTIyJTIwcm9sZSUzRCUyMnRhYnBhbmVsJTIyJTIwYXJpYS1sYWJlbGxlZGJ5JTNEJTIyaGVhZGluZ09uZUhFQkVHWSUyMiUzRSUwQSUyMCUyMCUyMCUyMCUyMCUyMCUyMCUyMCUzQ2RpdiUyMGNsYXNzJTNEJTIycGFuZWwtYm9keSUyMiUzRSUwQSUyMCUyMCUyMCUyMCUyMCUyMCUyMCUyMCUyMCUyMCUyMCUyMCUzQ3AlM0UlM0NzdHJvbmclMjBzdHlsZSUzRCUyMmNvbG9yJTNBJTIwJTIzOGE4YThkJTNCJTIyJTNFTGUlMjBzb2luJTIwZXhwZXJ0JTIwZGUlMjBsYSUyMHQlQzMlQUF0ZSUyMGF1eCUyMHBpZWRzLiUzQyUyRnN0cm9uZyUzRSUyME5vcyUyMGJvb3N0ZXJzJTIwc3RpbXVsZW50JTIwbGVzJTIwdGlzc3VzJTBBZW4lMjBmYXZvcmlzYW50JTIwbGV1ciUyMGJvbiUyMGZvbmN0aW9ubmVtZW50LiUzQyUyRnAlM0UlMEElMjAlMjAlMjAlMjAlMjAlMjAlMjAlMjAlM0MlMkZkaXYlM0UlMEElMjAlMjAlMjAlMjAlMjAlMjAlMjAlMjAlM0MlMkZkaXYlM0UlMEElMjAlMjAlMjAlMjAlM0MlMkZkaXYlM0UlMEElM0MlMkZkaXYlM0U=[\/vc_raw_html][\/vc_column][vc_column column_width_percent=\u00a0\u00bb100&Prime; position_vertical=\u00a0\u00bbmiddle\u00a0\u00bb gutter_size=\u00a0\u00bb3&Prime; overlay_alpha=\u00a0\u00bb50&Prime; shift_x=\u00a0\u00bb0&Prime; shift_y=\u00a0\u00bb0&Prime; shift_y_down=\u00a0\u00bb0&Prime; z_index=\u00a0\u00bb0&Prime; medium_width=\u00a0\u00bb0&Prime; mobile_width=\u00a0\u00bb0&Prime; width=\u00a0\u00bb1\/2&Prime; uncode_shortcode_id=\u00a0\u00bb127104&Prime;][vc_single_image media=\u00a0\u00bb120233&Prime; media_width_percent=\u00a0\u00bb100&Prime; uncode_shortcode_id=\u00a0\u00bb142173&Prime;][\/vc_column][\/vc_row]<\/p>\n<\/section>","protected":false},"excerpt":{"rendered":"<p>[vc_row row_height_percent=\u00a0\u00bb30&Prime; override_padding=\u00a0\u00bbyes\u00a0\u00bb h_padding=\u00a0\u00bb2&Prime; top_padding=\u00a0\u00bb0&Prime; bottom_padding=\u00a0\u00bb0&Prime; back_color=\u00a0\u00bbcolor-gyho\u00a0\u00bb overlay_alpha=\u00a0\u00bb0&Prime; gutter_size=\u00a0\u00bb3&Prime; column_width_percent=\u00a0\u00bb100&Prime; shift_y=\u00a0\u00bb0&Prime; z_index=\u00a0\u00bb0&Prime; top_divider=\u00a0\u00bbgradient\u00a0\u00bb bottom_divider=\u00a0\u00bbstep_3_4&Prime; uncode_shortcode_id=\u00a0\u00bb954572&Prime; back_color_type=\u00a0\u00bbuncode-palette\u00a0\u00bb][vc_column column_width_percent=\u00a0\u00bb100&Prime; position_vertical=\u00a0\u00bbmiddle\u00a0\u00bb align_horizontal=\u00a0\u00bbalign_center\u00a0\u00bb gutter_size=\u00a0\u00bb3&Prime; [&hellip;]<\/p>\n","protected":false},"author":2,"featured_media":118656,"parent":0,"menu_order":0,"comment_status":"closed","ping_status":"closed","template":"","meta":{"footnotes":""},"class_list":["post-120932","page","type-page","status-publish","has-post-thumbnail","hentry"],"yoast_head":"<!-- This site is optimized with the Yoast SEO plugin v21.9.1 - https:\/\/yoast.com\/wordpress\/plugins\/seo\/ -->\n<title>\u00c9quipement esth\u00e9tique pour les traitements capillaires - novasonix<\/title>\n<meta name=\"description\" content=\"\u00c9quipement m\u00e9dico-esth\u00e9tique pour traitements capillaires exclusifs avec technologie radiofr\u00e9quence monopolaire \u00e0 448 kHz.\" \/>\n<meta name=\"robots\" content=\"index, follow, max-snippet:-1, max-image-preview:large, max-video-preview:-1\" \/>\n<link rel=\"canonical\" href=\"https:\/\/novasonix.es\/fr\/traitements-capillaires\/\" \/>\n<meta property=\"og:locale\" content=\"fr_FR\" \/>\n<meta property=\"og:type\" content=\"article\" \/>\n<meta property=\"og:title\" content=\"\u00c9quipement esth\u00e9tique pour les traitements capillaires - novasonix\" \/>\n<meta property=\"og:description\" content=\"\u00c9quipement m\u00e9dico-esth\u00e9tique pour traitements capillaires exclusifs avec technologie radiofr\u00e9quence monopolaire \u00e0 448 kHz.\" \/>\n<meta property=\"og:url\" content=\"https:\/\/novasonix.es\/fr\/traitements-capillaires\/\" \/>\n<meta property=\"og:site_name\" content=\"novasonix\" \/>\n<meta property=\"article:modified_time\" content=\"2026-01-20T15:53:34+00:00\" \/>\n<meta property=\"og:image\" content=\"https:\/\/novasonix.es\/wp-content\/uploads\/2022\/09\/demo-homepage-Classic-Saas-Uncode-2022.jpg\" \/>\n\t<meta property=\"og:image:width\" content=\"1200\" \/>\n\t<meta property=\"og:image:height\" content=\"800\" \/>\n\t<meta property=\"og:image:type\" content=\"image\/jpeg\" \/>\n<meta name=\"twitter:card\" content=\"summary_large_image\" \/>\n<meta name=\"twitter:label1\" content=\"Dur\u00e9e de lecture estim\u00e9e\" \/>\n\t<meta name=\"twitter:data1\" content=\"3 minutes\" \/>\n<script type=\"application\/ld+json\" class=\"yoast-schema-graph\">{\"@context\":\"https:\/\/schema.org\",\"@graph\":[{\"@type\":\"WebPage\",\"@id\":\"https:\/\/novasonix.es\/fr\/traitements-capillaires\/\",\"url\":\"https:\/\/novasonix.es\/fr\/traitements-capillaires\/\",\"name\":\"\u00c9quipement esth\u00e9tique pour les traitements capillaires - novasonix\",\"isPartOf\":{\"@id\":\"https:\/\/novasonix.es\/#website\"},\"datePublished\":\"2023-08-18T05:25:50+00:00\",\"dateModified\":\"2026-01-20T15:53:34+00:00\",\"description\":\"\u00c9quipement m\u00e9dico-esth\u00e9tique pour traitements capillaires exclusifs avec technologie radiofr\u00e9quence monopolaire \u00e0 448 kHz.\",\"inLanguage\":\"fr-FR\",\"potentialAction\":[{\"@type\":\"ReadAction\",\"target\":[\"https:\/\/novasonix.es\/fr\/traitements-capillaires\/\"]}]},{\"@type\":\"WebSite\",\"@id\":\"https:\/\/novasonix.es\/#website\",\"url\":\"https:\/\/novasonix.es\/\",\"name\":\"novasonix\",\"description\":\"\",\"potentialAction\":[{\"@type\":\"SearchAction\",\"target\":{\"@type\":\"EntryPoint\",\"urlTemplate\":\"https:\/\/novasonix.es\/?s={search_term_string}\"},\"query-input\":\"required name=search_term_string\"}],\"inLanguage\":\"fr-FR\"}]}<\/script>\n<!-- \/ Yoast SEO plugin. -->","yoast_head_json":{"title":"\u00c9quipement esth\u00e9tique pour les traitements capillaires - novasonix","description":"\u00c9quipement m\u00e9dico-esth\u00e9tique pour traitements capillaires exclusifs avec technologie radiofr\u00e9quence monopolaire \u00e0 448 kHz.","robots":{"index":"index","follow":"follow","max-snippet":"max-snippet:-1","max-image-preview":"max-image-preview:large","max-video-preview":"max-video-preview:-1"},"canonical":"https:\/\/novasonix.es\/fr\/traitements-capillaires\/","og_locale":"fr_FR","og_type":"article","og_title":"\u00c9quipement esth\u00e9tique pour les traitements capillaires - novasonix","og_description":"\u00c9quipement m\u00e9dico-esth\u00e9tique pour traitements capillaires exclusifs avec technologie radiofr\u00e9quence monopolaire \u00e0 448 kHz.","og_url":"https:\/\/novasonix.es\/fr\/traitements-capillaires\/","og_site_name":"novasonix","article_modified_time":"2026-01-20T15:53:34+00:00","og_image":[{"width":1200,"height":800,"url":"https:\/\/novasonix.es\/wp-content\/uploads\/2022\/09\/demo-homepage-Classic-Saas-Uncode-2022.jpg","type":"image\/jpeg"}],"twitter_card":"summary_large_image","twitter_misc":{"Dur\u00e9e de lecture estim\u00e9e":"3 minutes"},"schema":{"@context":"https:\/\/schema.org","@graph":[{"@type":"WebPage","@id":"https:\/\/novasonix.es\/fr\/traitements-capillaires\/","url":"https:\/\/novasonix.es\/fr\/traitements-capillaires\/","name":"\u00c9quipement esth\u00e9tique pour les traitements capillaires - novasonix","isPartOf":{"@id":"https:\/\/novasonix.es\/#website"},"datePublished":"2023-08-18T05:25:50+00:00","dateModified":"2026-01-20T15:53:34+00:00","description":"\u00c9quipement m\u00e9dico-esth\u00e9tique pour traitements capillaires exclusifs avec technologie radiofr\u00e9quence monopolaire \u00e0 448 kHz.","inLanguage":"fr-FR","potentialAction":[{"@type":"ReadAction","target":["https:\/\/novasonix.es\/fr\/traitements-capillaires\/"]}]},{"@type":"WebSite","@id":"https:\/\/novasonix.es\/#website","url":"https:\/\/novasonix.es\/","name":"novasonix","description":"","potentialAction":[{"@type":"SearchAction","target":{"@type":"EntryPoint","urlTemplate":"https:\/\/novasonix.es\/?s={search_term_string}"},"query-input":"required name=search_term_string"}],"inLanguage":"fr-FR"}]}},"_links":{"self":[{"href":"https:\/\/novasonix.es\/fr\/wp-json\/wp\/v2\/pages\/120932","targetHints":{"allow":["GET"]}}],"collection":[{"href":"https:\/\/novasonix.es\/fr\/wp-json\/wp\/v2\/pages"}],"about":[{"href":"https:\/\/novasonix.es\/fr\/wp-json\/wp\/v2\/types\/page"}],"author":[{"embeddable":true,"href":"https:\/\/novasonix.es\/fr\/wp-json\/wp\/v2\/users\/2"}],"replies":[{"embeddable":true,"href":"https:\/\/novasonix.es\/fr\/wp-json\/wp\/v2\/comments?post=120932"}],"version-history":[{"count":7,"href":"https:\/\/novasonix.es\/fr\/wp-json\/wp\/v2\/pages\/120932\/revisions"}],"predecessor-version":[{"id":129350,"href":"https:\/\/novasonix.es\/fr\/wp-json\/wp\/v2\/pages\/120932\/revisions\/129350"}],"wp:featuredmedia":[{"embeddable":true,"href":"https:\/\/novasonix.es\/fr\/wp-json\/wp\/v2\/media\/118656"}],"wp:attachment":[{"href":"https:\/\/novasonix.es\/fr\/wp-json\/wp\/v2\/media?parent=120932"}],"curies":[{"name":"wp","href":"https:\/\/api.w.org\/{rel}","templated":true}]}}