{"id":127479,"date":"2024-10-17T15:20:31","date_gmt":"2024-10-17T15:20:31","guid":{"rendered":"https:\/\/novasonix.es\/?page_id=127479"},"modified":"2025-06-30T10:00:29","modified_gmt":"2025-06-30T10:00:29","slug":"face-balm","status":"publish","type":"page","link":"https:\/\/novasonix.es\/it\/prodotti\/thebeautymethod\/face-balm\/","title":{"rendered":"Face Balm"},"content":{"rendered":"<section class=\"wpb-content-wrapper\"><p>[vc_row row_height_percent=&#8221;30&#8243; override_padding=&#8221;yes&#8221; h_padding=&#8221;2&#8243; top_padding=&#8221;0&#8243; bottom_padding=&#8221;0&#8243; back_color=&#8221;color-gyho&#8221; overlay_alpha=&#8221;0&#8243; gutter_size=&#8221;3&#8243; column_width_percent=&#8221;100&#8243; shift_y=&#8221;0&#8243; z_index=&#8221;0&#8243; top_divider=&#8221;gradient&#8221; bottom_divider=&#8221;step_3_4&#8243; uncode_shortcode_id=&#8221;954572&#8243; back_color_type=&#8221;uncode-palette&#8221;][vc_column column_width_percent=&#8221;100&#8243; position_vertical=&#8221;middle&#8221; align_horizontal=&#8221;align_center&#8221; gutter_size=&#8221;3&#8243; style=&#8221;dark&#8221; overlay_alpha=&#8221;50&#8243; shift_x=&#8221;0&#8243; shift_y=&#8221;0&#8243; shift_y_down=&#8221;0&#8243; z_index=&#8221;0&#8243; medium_width=&#8221;0&#8243; mobile_width=&#8221;0&#8243; css_animation=&#8221;left-t-right&#8221; animation_speed=&#8221;1000&#8243; animation_delay=&#8221;600&#8243; width=&#8221;1\/1&#8243; uncode_shortcode_id=&#8221;705003&#8243; css=&#8221;.vc_custom_1692136121524{padding-left: 3% !important;}&#8221;][vc_row_inner row_inner_height_percent=&#8221;0&#8243; overlay_alpha=&#8221;50&#8243; equal_height=&#8221;yes&#8221; gutter_size=&#8221;4&#8243; shift_y=&#8221;0&#8243; z_index=&#8221;0&#8243; limit_content=&#8221;&#8221; uncode_shortcode_id=&#8221;865169&#8243;][vc_column_inner column_width_percent=&#8221;100&#8243; position_horizontal=&#8221;left&#8221; position_vertical=&#8221;middle&#8221; gutter_size=&#8221;2&#8243; style=&#8221;light&#8221; overlay_alpha=&#8221;50&#8243; shift_x=&#8221;0&#8243; shift_y=&#8221;0&#8243; shift_y_down=&#8221;0&#8243; z_index=&#8221;0&#8243; medium_width=&#8221;4&#8243; mobile_width=&#8221;0&#8243; width=&#8221;2\/4&#8243; uncode_shortcode_id=&#8221;210272&#8243; el_class=&#8221;adaptive_hero_top_padding mov_izq&#8221;][vc_custom_heading text_color=&#8221;accent&#8221; heading_semantic=&#8221;h1&#8243; text_size=&#8221;fontsize-155944&#8243; sub_lead=&#8221;yes&#8221; uncode_shortcode_id=&#8221;205772&#8243; text_color_type=&#8221;uncode-palette&#8221; el_class=&#8221;titulo_seccion&#8221;]Face Balm[\/vc_custom_heading][\/vc_column_inner][vc_column_inner width=&#8221;3\/4&#8243;][vc_single_image media=&#8221;126204&#8243; media_width_percent=&#8221;73&#8243; alignment=&#8221;center&#8221; uncode_shortcode_id=&#8221;225026&#8243;][\/vc_column_inner][\/vc_row_inner][\/vc_column][\/vc_row][vc_row row_height_percent=&#8221;0&#8243; overlay_alpha=&#8221;50&#8243; gutter_size=&#8221;3&#8243; column_width_percent=&#8221;100&#8243; shift_y=&#8221;0&#8243; z_index=&#8221;0&#8243; bottom_divider=&#8221;step&#8221; uncode_shortcode_id=&#8221;174867&#8243;][vc_column column_width_percent=&#8221;100&#8243; gutter_size=&#8221;3&#8243; overlay_alpha=&#8221;50&#8243; shift_x=&#8221;0&#8243; shift_y=&#8221;0&#8243; shift_y_down=&#8221;0&#8243; z_index=&#8221;0&#8243; medium_width=&#8221;0&#8243; mobile_width=&#8221;0&#8243; width=&#8221;1\/2&#8243; uncode_shortcode_id=&#8221;116210&#8243; back_color_type=&#8221;uncode-solid&#8221; back_color_solid=&#8221;#f9f9f9&#8243;][vc_single_image media=&#8221;126242&#8243; media_width_percent=&#8221;100&#8243; uncode_shortcode_id=&#8221;212231&#8243;][\/vc_column][vc_column column_width_percent=&#8221;100&#8243; position_vertical=&#8221;middle&#8221; gutter_size=&#8221;3&#8243; overlay_alpha=&#8221;50&#8243; shift_x=&#8221;0&#8243; shift_y=&#8221;0&#8243; shift_y_down=&#8221;0&#8243; z_index=&#8221;0&#8243; medium_width=&#8221;0&#8243; mobile_width=&#8221;0&#8243; width=&#8221;1\/2&#8243; uncode_shortcode_id=&#8221;171741&#8243;][vc_custom_heading text_color=&#8221;accent&#8221; heading_semantic=&#8221;h3&#8243; text_size=&#8221;fontsize-155944&#8243; sub_lead=&#8221;yes&#8221; uncode_shortcode_id=&#8221;748149&#8243; text_color_type=&#8221;uncode-palette&#8221; el_class=&#8221;titulo_seccion&#8221; subheading=&#8221;Siero rivitalizzante per il viso. Migliora l\u2019elasticit\u00e0, la tonicit\u00e0 e la luminosit\u00e0 della pelle.&#8221;]Face Balm[\/vc_custom_heading][vc_raw_html]JTNDZGl2JTIwY2xhc3MlM0QlMjJwYW5lbC1ncm91cCUyMiUyMGlkJTNEJTIyYWNjb3JkaW9uJTIyJTIwcm9sZSUzRCUyMnRhYmxpc3QlMjIlMjBhcmlhLW11bHRpc2VsZWN0YWJsZSUzRCUyMnRydWUlMjIlM0UlMEElMjAlMjAlMjAlMjAlM0NkaXYlMjBjbGFzcyUzRCUyMnBhbmVsJTIwcGFuZWwtZGVmYXVsdCUyMiUzRSUwQSUyMCUyMCUyMCUyMCUyMCUyMCUyMCUyMCUzQ2RpdiUyMGNsYXNzJTNEJTIycGFuZWwtaGVhZGluZyUyMiUyMHJvbGUlM0QlMjJ0YWIlMjIlMjBpZCUzRCUyMmhlYWRpbmdPbmUlMjIlM0UlMEElMjAlMjAlMjAlMjAlMjAlMjAlMjAlMjAlM0NoNCUyMGNsYXNzJTNEJTIycGFuZWwtdGl0bGUlMjIlM0UlMEElMjAlMjAlMjAlMjAlMjAlMjAlMjAlMjAlM0NhJTIwY2xhc3MlM0QlMjJjb2xsYXBzZWQlMjBub3Zhc29uaXglMjIlMjByb2xlJTNEJTIyYnV0dG9uJTIyJTIwZGF0YS10b2dnbGUlM0QlMjJjb2xsYXBzZSUyMiUyMGRhdGEtcGFyZW50JTNEJTIyJTIzYWNjb3JkaW9uJTIyJTIwaHJlZiUzRCUyMiUyM2NvbGxhcHNlT25lJTIyJTIwYXJpYS1leHBhbmRlZCUzRCUyMmZhbHNlJTIyJTIwYXJpYS1jb250cm9scyUzRCUyMmNvbGxhcHNlT25lJTIyJTNFJTBBJTIwJTIwJTIwJTIwJTIwJTIwJTIwJTIwJTIwJTIwJTIwJTIwQmVuZWZpY2klMEElMjAlMjAlMjAlMjAlMjAlMjAlMjAlMjAlM0MlMkZhJTNFJTBBJTIwJTIwJTIwJTIwJTIwJTIwJTIwJTIwJTNDJTJGaDQlM0UlMEElMjAlMjAlMjAlMjAlMjAlMjAlMjAlMjAlM0MlMkZkaXYlM0UlMEElMjAlMjAlMjAlMjAlMjAlMjAlMjAlMjAlM0NkaXYlMjBpZCUzRCUyMmNvbGxhcHNlT25lJTIyJTIwY2xhc3MlM0QlMjJwYW5lbC1jb2xsYXBzZSUyMGNvbGxhcHNlJTIyJTIwcm9sZSUzRCUyMnRhYnBhbmVsJTIyJTIwYXJpYS1sYWJlbGxlZGJ5JTNEJTIyaGVhZGluZ09uZSUyMiUzRSUwQSUyMCUyMCUyMCUyMCUyMCUyMCUyMCUyMCUzQ2RpdiUyMGNsYXNzJTNEJTIycGFuZWwtYm9keSUyMiUzRSUwQSUyMCUyMCUyMCUyMCUyMCUyMCUyMCUyMCUyMCUyMCUyMFNpZXJvJTIwaWRyYXRhbnRlJTIwc3BlY2lhbGl6emF0byUyMHBlciUyMGxhJTIwY3VyYSUyMGRlbCUyMHZpc28lMjBjaGUlMjBmYXZvcmlzY2UlMjBsYSUyMHJvdGF6aW9uZSUyMGRlbGxlJTIwbWluaSUyMHNmZXJlJTIwZGVsbCUyN2FwcGxpY2F0b3JlJTIwU2xhYWclMjBNb3Rpb24lMkMlMjBwcm90ZWdnZW5kbyUyMGFsJTIwY29udGVtcG8lMjBsYSUyMHBlbGxlJTJDJTIwY29uJTIwdW4lMjBlZmZldHRvJTIwYW50aS1ldCVDMyVBMCUyMGUlMjByYXNzb2RhbnRlLiUzQ2JyJTNFJTBBJTBBJTIwJTIwJTIwJTIwJTIwJTIwJTIwJTIwJTIwJTIwJTIwJTIwJTNDaW1nJTIwc3JjJTNEJTIyaHR0cHMlM0ElMkYlMkZub3Zhc29uaXguZXMlMkZ3cC1jb250ZW50JTJGdXBsb2FkcyUyRjIwMjUlMkYwNiUyRmNvc21ldGljYS1wcm9mZXNpb25hbC10aGUtYmVhdXR5LW1ldGhvZC0yLnBuZyUyMiUyMGFsdCUzRCUyMiUyMiUyMHN0eWxlJTNEJTIyZGlzcGxheSUzQSUyMGJsb2NrJTNCJTIwbWFyZ2luLXRvcCUzQSUyMDEwcHglM0IlMjIlM0UlMEElMjAlMjAlMjAlMjAlMjAlMjAlMjAlMjAlM0MlMkZkaXYlM0UlMEElMjAlMjAlMjAlMjAlMjAlMjAlMjAlMjAlM0MlMkZkaXYlM0UlMEElMjAlMjAlMjAlMjAlM0MlMkZkaXYlM0UlMEElMjAlMjAlMjAlMjAlM0NkaXYlMjBjbGFzcyUzRCUyMnBhbmVsJTIwcGFuZWwtZGVmYXVsdCUyMiUzRSUwQSUyMCUyMCUyMCUyMCUyMCUyMCUyMCUyMCUzQ2RpdiUyMGNsYXNzJTNEJTIycGFuZWwtaGVhZGluZyUyMiUyMHJvbGUlM0QlMjJ0YWIlMjIlMjBpZCUzRCUyMmhlYWRpbmdUaHJlZSUyMiUzRSUwQSUyMCUyMCUyMCUyMCUyMCUyMCUyMCUyMCUzQ2g0JTIwY2xhc3MlM0QlMjJwYW5lbC10aXRsZSUyMiUzRSUwQSUyMCUyMCUyMCUyMCUyMCUyMCUyMCUyMCUzQ2ElMjBjbGFzcyUzRCUyMmNvbGxhcHNlZCUyMG5vdmFzb25peCUyMiUyMHJvbGUlM0QlMjJidXR0b24lMjIlMjBkYXRhLXRvZ2dsZSUzRCUyMmNvbGxhcHNlJTIyJTIwZGF0YS1wYXJlbnQlM0QlMjIlMjNhY2NvcmRpb24lMjIlMjBocmVmJTNEJTIyJTIzY29sbGFwc2VUaHJlZSUyMiUyMGFyaWEtZXhwYW5kZWQlM0QlMjJmYWxzZSUyMiUyMGFyaWEtY29udHJvbHMlM0QlMjJjb2xsYXBzZVRocmVlJTIyJTNFJTBBJTIwJTIwJTIwJTIwJTIwJTIwJTIwJTIwJTIwJTIwJTIwJTIwQXBwbGljYXppb25pJTBBJTIwJTIwJTIwJTIwJTIwJTIwJTIwJTIwJTNDJTJGYSUzRSUwQSUyMCUyMCUyMCUyMCUyMCUyMCUyMCUyMCUzQyUyRmg0JTNFJTBBJTIwJTIwJTIwJTIwJTIwJTIwJTIwJTIwJTNDJTJGZGl2JTNFJTBBJTIwJTIwJTIwJTIwJTIwJTIwJTIwJTIwJTNDZGl2JTIwaWQlM0QlMjJjb2xsYXBzZVRocmVlJTIyJTIwY2xhc3MlM0QlMjJwYW5lbC1jb2xsYXBzZSUyMGNvbGxhcHNlJTIyJTIwcm9sZSUzRCUyMnRhYnBhbmVsJTIyJTIwYXJpYS1sYWJlbGxlZGJ5JTNEJTIyaGVhZGluZ1RocmVlJTIyJTNFJTBBJTIwJTIwJTIwJTIwJTIwJTIwJTIwJTIwJTNDZGl2JTIwY2xhc3MlM0QlMjJwYW5lbC1ib2R5JTIyJTNFJTBBJTIwJTIwJTIwJTIwJTIwJTIwJTIwJTIwJTIwJTIwJTIwJTIwJTNDdWwlM0UlMEElMjAlMjAlMjAlMjAlMjAlMjAlMjAlMjAlMjAlMjAlMjAlMjAlMjAlMjAlMjAlMjAlM0NsaSUzRVRBTklUJTIwYWVzdGhldGljJTNDJTJGbGklM0UlMEElMjAlMjAlMjAlMjAlMjAlMjAlMjAlMjAlMjAlMjAlMjAlMjAlMjAlMjAlMjAlMjAlM0NsaSUzRUhFUkElM0MlMkZsaSUzRSUwQSUyMCUyMCUyMCUyMCUyMCUyMCUyMCUyMCUyMCUyMCUyMCUyMCUyMCUyMCUyMCUyMCUzQ2xpJTNFT05JWCUzQyUyRmxpJTNFJTBBJTIwJTIwJTIwJTIwJTIwJTIwJTIwJTIwJTIwJTIwJTIwJTIwJTNDJTJGdWwlM0UlMEElMjAlMjAlMjAlMjAlMjAlMjAlMjAlMjAlM0MlMkZkaXYlM0UlMEElMjAlMjAlMjAlMjAlMjAlMjAlMjAlMjAlM0MlMkZkaXYlM0UlMEElMjAlMjAlMjAlMjAlM0MlMkZkaXYlM0UlMEElM0MlMkZkaXYlM0U=[\/vc_raw_html][vc_button button_color=&#8221;color-jevc&#8221; border_width=&#8221;0&#8243; uncode_shortcode_id=&#8221;524062&#8243; button_color_type=&#8221;uncode-palette&#8221; width=&#8221;250px&#8221; link=&#8221;url:https%3A%2F%2Fshop.novasonix.es%2Fcategoria-producto%2Fthe-beauty-method%2Fbalm%2F|target:_blank&#8221;]VEDI DI PI\u00d9[\/vc_button][\/vc_column][\/vc_row][vc_row row_height_percent=&#8221;0&#8243; override_padding=&#8221;yes&#8221; h_padding=&#8221;2&#8243; top_padding=&#8221;3&#8243; bottom_padding=&#8221;3&#8243; overlay_alpha=&#8221;50&#8243; gutter_size=&#8221;4&#8243; column_width_percent=&#8221;100&#8243; shift_y=&#8221;0&#8243; z_index=&#8221;0&#8243; uncode_shortcode_id=&#8221;816529&#8243; back_color_type=&#8221;uncode-solid&#8221; back_color_solid=&#8221;#f3f4f4&#8243; el_class=&#8221;adaptive_lead_row&#8221;][vc_column width=&#8221;1\/1&#8243;][vc_row_inner row_inner_height_percent=&#8221;0&#8243; overlay_alpha=&#8221;50&#8243; gutter_size=&#8221;4&#8243; shift_y=&#8221;0&#8243; z_index=&#8221;0&#8243; limit_content=&#8221;&#8221; uncode_shortcode_id=&#8221;342808&#8243;][vc_column_inner column_width_percent=&#8221;100&#8243; gutter_size=&#8221;3&#8243; overlay_alpha=&#8221;50&#8243; shift_x=&#8221;0&#8243; shift_y=&#8221;0&#8243; shift_y_down=&#8221;0&#8243; z_index=&#8221;0&#8243; medium_width=&#8221;0&#8243; mobile_width=&#8221;0&#8243; width=&#8221;1\/6&#8243; uncode_shortcode_id=&#8221;911922&#8243; el_class=&#8221;form_column&#8221; css=&#8221;.vc_custom_1687848247210{padding-right: 5% !important;}&#8221;][\/vc_column_inner][vc_column_inner width=&#8221;2\/3&#8243;][vc_custom_heading text_color=&#8221;accent&#8221; heading_semantic=&#8221;h3&#8243; text_size=&#8221;fontsize-155944&#8243; sub_lead=&#8221;yes&#8221; subheading=&#8221;Compila il modulo e ti daremo maggiori informazioni sui cosmetici professionali novasonix.&#8221; uncode_shortcode_id=&#8221;444985&#8243; text_color_type=&#8221;uncode-palette&#8221; el_class=&#8221;titulo_seccion titulo_seccion_redu&#8221;]Vuoi provare The Beauty Method per i trattamenti dei tuoi dispositivi?[\/vc_custom_heading][\/vc_column_inner][vc_column_inner column_width_percent=&#8221;100&#8243; gutter_size=&#8221;3&#8243; overlay_alpha=&#8221;50&#8243; shift_x=&#8221;0&#8243; shift_y=&#8221;0&#8243; shift_y_down=&#8221;0&#8243; z_index=&#8221;0&#8243; medium_width=&#8221;0&#8243; mobile_visibility=&#8221;yes&#8221; mobile_width=&#8221;0&#8243; width=&#8221;1\/6&#8243; uncode_shortcode_id=&#8221;193278&#8243;][\/vc_column_inner][\/vc_row_inner][vc_row_inner row_inner_height_percent=&#8221;0&#8243; overlay_alpha=&#8221;50&#8243; gutter_size=&#8221;3&#8243; shift_y=&#8221;0&#8243; z_index=&#8221;0&#8243; limit_content=&#8221;&#8221; uncode_shortcode_id=&#8221;213422&#8243; el_class=&#8221;mt_0&#8243;][vc_column_inner width=&#8221;1\/6&#8243;][\/vc_column_inner][vc_column_inner width=&#8221;2\/3&#8243;]\n<div class=\"wpcf7 no-js\" id=\"wpcf7-f127421-o1\" lang=\"it-IT\" dir=\"ltr\">\n<div class=\"screen-reader-response\"><p role=\"status\" aria-live=\"polite\" aria-atomic=\"true\"><\/p> <ul><\/ul><\/div>\n<form action=\"\/it\/wp-json\/wp\/v2\/pages\/127479#wpcf7-f127421-o1\" method=\"post\" class=\"wpcf7-form init mailchimp-ext-0.5.72\" aria-label=\"Modulo di contatto\" novalidate=\"novalidate\" data-status=\"init\">\n<div style=\"display: none;\">\n<input type=\"hidden\" name=\"_wpcf7\" value=\"127421\" \/>\n<input type=\"hidden\" name=\"_wpcf7_version\" value=\"5.8.6\" \/>\n<input type=\"hidden\" name=\"_wpcf7_locale\" value=\"it_IT\" \/>\n<input type=\"hidden\" name=\"_wpcf7_unit_tag\" value=\"wpcf7-f127421-o1\" \/>\n<input type=\"hidden\" name=\"_wpcf7_container_post\" value=\"0\" \/>\n<input type=\"hidden\" name=\"_wpcf7_posted_data_hash\" value=\"\" \/>\n<input type=\"hidden\" name=\"_wpcf7_recaptcha_response\" value=\"\" \/>\n<\/div>\n<div class=\"adaptive_newsletter_container\">\n\t<div class=\"adaptive_select_container\">\n\t\t<p><span class=\"wpcf7-form-control-wrap\" data-name=\"quien_eres\"><select class=\"wpcf7-form-control wpcf7-select wpcf7-validates-as-required\" aria-required=\"true\" aria-invalid=\"false\" name=\"quien_eres\"><option value=\"Sei un professionista o un privato?*\">Sei un professionista o un privato?*<\/option><option value=\"Professionista\">Professionista<\/option><option value=\"Privato\">Privato<\/option><\/select><\/span>\n\t\t<\/p>\n\t<\/div>\n\t<div class=\"adaptive_fields_container\" style=\"gap: 15px;\">\n\t\t<div>\n\t\t\t<p><span class=\"wpcf7-form-control-wrap\" data-name=\"nombre\"><input size=\"40\" class=\"wpcf7-form-control wpcf7-text wpcf7-validates-as-required\" aria-required=\"true\" aria-invalid=\"false\" placeholder=\"Nome*\" value=\"\" type=\"text\" name=\"nombre\" \/><\/span>\n\t\t\t<\/p>\n\t\t\t<p><span class=\"wpcf7-form-control-wrap\" data-name=\"apellidos\"><input size=\"40\" class=\"wpcf7-form-control wpcf7-text wpcf7-validates-as-required\" aria-required=\"true\" aria-invalid=\"false\" placeholder=\"Cognomi*\" value=\"\" type=\"text\" name=\"apellidos\" \/><\/span>\n\t\t\t<\/p>\n\t\t\t<p><span class=\"wpcf7-form-control-wrap\" data-name=\"tel\"><input size=\"40\" class=\"wpcf7-form-control wpcf7-tel wpcf7-validates-as-required wpcf7-text wpcf7-validates-as-tel\" aria-required=\"true\" aria-invalid=\"false\" placeholder=\"Tel\u00e9fono*\" value=\"\" type=\"tel\" name=\"tel\" \/><\/span>\n\t\t\t<\/p>\n\t\t\t<p><span class=\"wpcf7-form-control-wrap\" data-name=\"email\"><input size=\"40\" class=\"wpcf7-form-control wpcf7-email wpcf7-validates-as-required wpcf7-text wpcf7-validates-as-email\" aria-required=\"true\" aria-invalid=\"false\" placeholder=\"Email*\" value=\"\" type=\"email\" name=\"email\" \/><\/span>\n\t\t\t<\/p>\n\t\t<\/div>\n\t\t<div>\n\t\t\t<p><span class=\"wpcf7-form-control-wrap\" data-name=\"codigo_postal\"><input size=\"40\" class=\"wpcf7-form-control wpcf7-text wpcf7-validates-as-required\" aria-required=\"true\" aria-invalid=\"false\" placeholder=\"Codice postale*\" value=\"\" type=\"text\" name=\"codigo_postal\" \/><\/span>\n\t\t\t<\/p>\n\t\t\t<p><span class=\"wpcf7-form-control-wrap\" data-name=\"provincia\"><input size=\"40\" class=\"wpcf7-form-control wpcf7-text wpcf7-validates-as-required\" aria-required=\"true\" aria-invalid=\"false\" placeholder=\"Provincia*\" value=\"\" type=\"text\" name=\"provincia\" \/><\/span>\n\t\t\t<\/p>\n\t\t\t<p><span class=\"wpcf7-form-control-wrap\" data-name=\"pais\"><input size=\"40\" class=\"wpcf7-form-control wpcf7-text wpcf7-validates-as-required\" aria-required=\"true\" aria-invalid=\"false\" placeholder=\"Paese*\" value=\"\" type=\"text\" name=\"pais\" \/><\/span>\n\t\t\t<\/p>\n\t\t\t<p><span class=\"wpcf7-form-control-wrap\" data-name=\"nombre_negocio\"><input size=\"40\" class=\"wpcf7-form-control wpcf7-text\" aria-invalid=\"false\" placeholder=\"Nome della tua attivit\u00e0 (se sei un professionista)\" value=\"\" type=\"text\" name=\"nombre_negocio\" \/><\/span>\n\t\t\t<\/p>\n\t\t<\/div>\n\t<\/div>\n\t<div>\n\t\t<p><span class=\"wpcf7-form-control-wrap\" data-name=\"message\"><textarea cols=\"5\" rows=\"2\" class=\"wpcf7-form-control wpcf7-textarea\" id=\"contact-message\" aria-invalid=\"false\" placeholder=\"Commenti\" name=\"message\"><\/textarea><\/span>\n\t\t<\/p>\n\t<\/div>\n\t<p><small style=\"color: #8a8a8d;font-weight: 400;\"><br \/>\nTECNOLOGIA NOVASONIX, S.L.U. In qualit\u00e0 di titolare del trattamento dei dati, tratteremo i tuoi dati allo scopo di rispondere alla tua domanda o richiesta. Puoi accedere, rettificare ed eliminare i tuoi dati, cos\u00ec come esercitare altri diritti, consultando le informazioni aggiuntive e dettagliate sulla protezione dei dati nella nostra <a href=\"https:\/\/novasonix.es\/politica-de-privacidad\">Informativa sulla privacy<\/a>.<br \/>\n<\/small>\n\t<\/p>\n\t<div class=\"adaptive_checkboxes_container\" style=\"margin-block: 30px !important;\">\n\t\t<p><span class=\"wpcf7-form-control-wrap\" data-name=\"verificacion\"><span class=\"wpcf7-form-control wpcf7-checkbox wpcf7-validates-as-required wpcf7-exclusive-checkbox\"><span class=\"wpcf7-list-item first last\"><label><input type=\"checkbox\" name=\"verificacion\" value=\"Ho letto e accetto le condizioni contenute nell&#039;informativa sulla privacy in merito al trattamento dei miei dati per gestire la mia richiesta o richiesta.\" \/><span class=\"wpcf7-list-item-label\">Ho letto e accetto le condizioni contenute nell&#039;informativa sulla privacy in merito al trattamento dei miei dati per gestire la mia richiesta o richiesta.<\/span><\/label><\/span><\/span><\/span><br \/>\n<span class=\"wpcf7-form-control-wrap\" data-name=\"recibir_info\"><span class=\"wpcf7-form-control wpcf7-checkbox wpcf7-exclusive-checkbox\"><span class=\"wpcf7-list-item first last\"><label><input type=\"checkbox\" name=\"recibir_info\" value=\"Accetto di ricevere informazioni commerciali su prodotti, servizi e novit\u00e0 da NOVASONIX TECHNOLOGY\" \/><span class=\"wpcf7-list-item-label\">Accetto di ricevere informazioni commerciali su prodotti, servizi e novit\u00e0 da NOVASONIX TECHNOLOGY<\/span><\/label><\/span><\/span><\/span>\n\t\t<\/p>\n\t<\/div>\n\t<div class=\"adaptive_form_submit_container\" style=\"text-align: left; margin-block: 0px;\">\n\t\t<p><input class=\"wpcf7-form-control wpcf7-submit has-spinner custom-link btn border-width-0 btn-accent btn-square btn-icon-left\" type=\"submit\" value=\"PARLA CON UN ESPERTO\" \/>\n\t\t<\/p>\n\t<\/div>\n<\/div><input type='hidden' class='wpcf7-pum' value='{\"closepopup\":false,\"closedelay\":0,\"openpopup\":false,\"openpopup_id\":0}' \/><div class=\"wpcf7-response-output\" aria-hidden=\"true\"><\/div><p style=\"display: none !important\"><span class=\"wpcf7-form-control-wrap referer-page\"><input type=\"hidden\" name=\"referer-page\" value=\"http:\/\/Direct%20Visit\" data-value=\"http:\/\/Direct%20Visit\" class=\"wpcf7-form-control wpcf7-text referer-page\" aria-invalid=\"false\"><\/span><\/p>\n<!-- Chimpmatic extension by Renzo Johnson -->\n<\/form>\n<\/div>\n[\/vc_column_inner][vc_column_inner width=&#8221;1\/6&#8243;][\/vc_column_inner][\/vc_row_inner][\/vc_column][\/vc_row]<\/p>\n<\/section>","protected":false},"excerpt":{"rendered":"<p>[vc_row row_height_percent=&#8221;30&#8243; override_padding=&#8221;yes&#8221; h_padding=&#8221;2&#8243; top_padding=&#8221;0&#8243; bottom_padding=&#8221;0&#8243; back_color=&#8221;color-gyho&#8221; overlay_alpha=&#8221;0&#8243; gutter_size=&#8221;3&#8243; column_width_percent=&#8221;100&#8243; shift_y=&#8221;0&#8243; z_index=&#8221;0&#8243; top_divider=&#8221;gradient&#8221; bottom_divider=&#8221;step_3_4&#8243; uncode_shortcode_id=&#8221;954572&#8243; back_color_type=&#8221;uncode-palette&#8221;][vc_column column_width_percent=&#8221;100&#8243; position_vertical=&#8221;middle&#8221; align_horizontal=&#8221;align_center&#8221; gutter_size=&#8221;3&#8243; [&hellip;]<\/p>\n","protected":false},"author":5,"featured_media":117693,"parent":127463,"menu_order":0,"comment_status":"closed","ping_status":"closed","template":"","meta":{"footnotes":""},"class_list":["post-127479","page","type-page","status-publish","has-post-thumbnail","hentry"],"yoast_head":"<!-- This site is optimized with the Yoast SEO plugin v21.9.1 - https:\/\/yoast.com\/wordpress\/plugins\/seo\/ -->\n<title>Balsamo viso - Siero idratante - novasonix<\/title>\n<meta name=\"description\" content=\"Formule efficaci con principi attivi per potenziare i risultati dei trattamenti effettuati nei centri estetici.\" \/>\n<meta name=\"robots\" content=\"index, follow, max-snippet:-1, max-image-preview:large, max-video-preview:-1\" \/>\n<link rel=\"canonical\" href=\"https:\/\/novasonix.es\/it\/prodotti\/thebeautymethod\/face-balm\/\" \/>\n<meta property=\"og:locale\" content=\"it_IT\" \/>\n<meta property=\"og:type\" content=\"article\" \/>\n<meta property=\"og:title\" content=\"Balsamo viso - Siero idratante - novasonix\" \/>\n<meta property=\"og:description\" content=\"Formule efficaci con principi attivi per potenziare i risultati dei trattamenti effettuati nei centri estetici.\" \/>\n<meta property=\"og:url\" content=\"https:\/\/novasonix.es\/it\/prodotti\/thebeautymethod\/face-balm\/\" \/>\n<meta property=\"og:site_name\" content=\"novasonix\" \/>\n<meta property=\"article:modified_time\" content=\"2025-06-30T10:00:29+00:00\" \/>\n<meta property=\"og:image\" content=\"https:\/\/novasonix.es\/wp-content\/uploads\/2022\/09\/demo-homepage-Classic-Saas-Uncode-2022.jpg\" \/>\n\t<meta property=\"og:image:width\" content=\"1200\" \/>\n\t<meta property=\"og:image:height\" content=\"800\" \/>\n\t<meta property=\"og:image:type\" content=\"image\/jpeg\" \/>\n<meta name=\"twitter:card\" content=\"summary_large_image\" \/>\n<meta name=\"twitter:label1\" content=\"Tempo di lettura stimato\" \/>\n\t<meta name=\"twitter:data1\" content=\"2 minuti\" \/>\n<script type=\"application\/ld+json\" class=\"yoast-schema-graph\">{\"@context\":\"https:\/\/schema.org\",\"@graph\":[{\"@type\":\"WebPage\",\"@id\":\"https:\/\/novasonix.es\/it\/prodotti\/thebeautymethod\/face-balm\/\",\"url\":\"https:\/\/novasonix.es\/it\/prodotti\/thebeautymethod\/face-balm\/\",\"name\":\"Balsamo viso - Siero idratante - novasonix\",\"isPartOf\":{\"@id\":\"https:\/\/novasonix.es\/#website\"},\"datePublished\":\"2024-10-17T15:20:31+00:00\",\"dateModified\":\"2025-06-30T10:00:29+00:00\",\"description\":\"Formule efficaci con principi attivi per potenziare i risultati dei trattamenti effettuati nei centri estetici.\",\"breadcrumb\":{\"@id\":\"https:\/\/novasonix.es\/it\/prodotti\/thebeautymethod\/face-balm\/#breadcrumb\"},\"inLanguage\":\"it-IT\",\"potentialAction\":[{\"@type\":\"ReadAction\",\"target\":[\"https:\/\/novasonix.es\/it\/prodotti\/thebeautymethod\/face-balm\/\"]}]},{\"@type\":\"BreadcrumbList\",\"@id\":\"https:\/\/novasonix.es\/it\/prodotti\/thebeautymethod\/face-balm\/#breadcrumb\",\"itemListElement\":[{\"@type\":\"ListItem\",\"position\":1,\"name\":\"Prodotti\",\"item\":\"https:\/\/novasonix.es\/it\/prodotti\/\"},{\"@type\":\"ListItem\",\"position\":2,\"name\":\"The Beauty Method\",\"item\":\"https:\/\/novasonix.es\/it\/prodotti\/thebeautymethod\/\"},{\"@type\":\"ListItem\",\"position\":3,\"name\":\"Face Balm\"}]},{\"@type\":\"WebSite\",\"@id\":\"https:\/\/novasonix.es\/#website\",\"url\":\"https:\/\/novasonix.es\/\",\"name\":\"novasonix\",\"description\":\"\",\"potentialAction\":[{\"@type\":\"SearchAction\",\"target\":{\"@type\":\"EntryPoint\",\"urlTemplate\":\"https:\/\/novasonix.es\/?s={search_term_string}\"},\"query-input\":\"required name=search_term_string\"}],\"inLanguage\":\"it-IT\"}]}<\/script>\n<!-- \/ Yoast SEO plugin. -->","yoast_head_json":{"title":"Balsamo viso - Siero idratante - novasonix","description":"Formule efficaci con principi attivi per potenziare i risultati dei trattamenti effettuati nei centri estetici.","robots":{"index":"index","follow":"follow","max-snippet":"max-snippet:-1","max-image-preview":"max-image-preview:large","max-video-preview":"max-video-preview:-1"},"canonical":"https:\/\/novasonix.es\/it\/prodotti\/thebeautymethod\/face-balm\/","og_locale":"it_IT","og_type":"article","og_title":"Balsamo viso - Siero idratante - novasonix","og_description":"Formule efficaci con principi attivi per potenziare i risultati dei trattamenti effettuati nei centri estetici.","og_url":"https:\/\/novasonix.es\/it\/prodotti\/thebeautymethod\/face-balm\/","og_site_name":"novasonix","article_modified_time":"2025-06-30T10:00:29+00:00","og_image":[{"width":1200,"height":800,"url":"https:\/\/novasonix.es\/wp-content\/uploads\/2022\/09\/demo-homepage-Classic-Saas-Uncode-2022.jpg","type":"image\/jpeg"}],"twitter_card":"summary_large_image","twitter_misc":{"Tempo di lettura stimato":"2 minuti"},"schema":{"@context":"https:\/\/schema.org","@graph":[{"@type":"WebPage","@id":"https:\/\/novasonix.es\/it\/prodotti\/thebeautymethod\/face-balm\/","url":"https:\/\/novasonix.es\/it\/prodotti\/thebeautymethod\/face-balm\/","name":"Balsamo viso - Siero idratante - novasonix","isPartOf":{"@id":"https:\/\/novasonix.es\/#website"},"datePublished":"2024-10-17T15:20:31+00:00","dateModified":"2025-06-30T10:00:29+00:00","description":"Formule efficaci con principi attivi per potenziare i risultati dei trattamenti effettuati nei centri estetici.","breadcrumb":{"@id":"https:\/\/novasonix.es\/it\/prodotti\/thebeautymethod\/face-balm\/#breadcrumb"},"inLanguage":"it-IT","potentialAction":[{"@type":"ReadAction","target":["https:\/\/novasonix.es\/it\/prodotti\/thebeautymethod\/face-balm\/"]}]},{"@type":"BreadcrumbList","@id":"https:\/\/novasonix.es\/it\/prodotti\/thebeautymethod\/face-balm\/#breadcrumb","itemListElement":[{"@type":"ListItem","position":1,"name":"Prodotti","item":"https:\/\/novasonix.es\/it\/prodotti\/"},{"@type":"ListItem","position":2,"name":"The Beauty Method","item":"https:\/\/novasonix.es\/it\/prodotti\/thebeautymethod\/"},{"@type":"ListItem","position":3,"name":"Face Balm"}]},{"@type":"WebSite","@id":"https:\/\/novasonix.es\/#website","url":"https:\/\/novasonix.es\/","name":"novasonix","description":"","potentialAction":[{"@type":"SearchAction","target":{"@type":"EntryPoint","urlTemplate":"https:\/\/novasonix.es\/?s={search_term_string}"},"query-input":"required name=search_term_string"}],"inLanguage":"it-IT"}]}},"_links":{"self":[{"href":"https:\/\/novasonix.es\/it\/wp-json\/wp\/v2\/pages\/127479","targetHints":{"allow":["GET"]}}],"collection":[{"href":"https:\/\/novasonix.es\/it\/wp-json\/wp\/v2\/pages"}],"about":[{"href":"https:\/\/novasonix.es\/it\/wp-json\/wp\/v2\/types\/page"}],"author":[{"embeddable":true,"href":"https:\/\/novasonix.es\/it\/wp-json\/wp\/v2\/users\/5"}],"replies":[{"embeddable":true,"href":"https:\/\/novasonix.es\/it\/wp-json\/wp\/v2\/comments?post=127479"}],"version-history":[{"count":3,"href":"https:\/\/novasonix.es\/it\/wp-json\/wp\/v2\/pages\/127479\/revisions"}],"predecessor-version":[{"id":127629,"href":"https:\/\/novasonix.es\/it\/wp-json\/wp\/v2\/pages\/127479\/revisions\/127629"}],"up":[{"embeddable":true,"href":"https:\/\/novasonix.es\/it\/wp-json\/wp\/v2\/pages\/127463"}],"wp:featuredmedia":[{"embeddable":true,"href":"https:\/\/novasonix.es\/it\/wp-json\/wp\/v2\/media\/117693"}],"wp:attachment":[{"href":"https:\/\/novasonix.es\/it\/wp-json\/wp\/v2\/media?parent=127479"}],"curies":[{"name":"wp","href":"https:\/\/api.w.org\/{rel}","templated":true}]}}