{"id":120871,"date":"2023-06-09T17:07:38","date_gmt":"2023-06-09T17:07:38","guid":{"rendered":"https:\/\/novasonix.es\/aviso-legal\/"},"modified":"2025-04-03T07:28:04","modified_gmt":"2025-04-03T07:28:04","slug":"aviso-legal","status":"publish","type":"page","link":"https:\/\/novasonix.es\/pt-pt\/aviso-legal\/","title":{"rendered":"Aviso legal"},"content":{"rendered":"<section class=\"wpb-content-wrapper\"><p>[vc_row row_height_percent=&#8221;40&#8243; override_padding=&#8221;yes&#8221; h_padding=&#8221;2&#8243; top_padding=&#8221;4&#8243; bottom_padding=&#8221;4&#8243; back_color=&#8221;color-gyho&#8221; overlay_alpha=&#8221;0&#8243; gutter_size=&#8221;3&#8243; column_width_percent=&#8221;100&#8243; shift_y=&#8221;0&#8243; z_index=&#8221;0&#8243; top_divider=&#8221;gradient&#8221; bottom_divider=&#8221;step_3_4&#8243; uncode_shortcode_id=&#8221;746637&#8243; back_color_type=&#8221;uncode-palette&#8221;][vc_column column_width_percent=&#8221;100&#8243; position_vertical=&#8221;middle&#8221; align_horizontal=&#8221;align_center&#8221; gutter_size=&#8221;3&#8243; style=&#8221;light&#8221; overlay_alpha=&#8221;50&#8243; shift_x=&#8221;0&#8243; shift_y=&#8221;0&#8243; shift_y_down=&#8221;0&#8243; z_index=&#8221;0&#8243; medium_width=&#8221;0&#8243; mobile_width=&#8221;0&#8243; css_animation=&#8221;left-t-right&#8221; animation_speed=&#8221;1000&#8243; animation_delay=&#8221;600&#8243; width=&#8221;1\/1&#8243; uncode_shortcode_id=&#8221;959378&#8243;][vc_row_inner row_inner_height_percent=&#8221;0&#8243; overlay_alpha=&#8221;50&#8243; gutter_size=&#8221;4&#8243; shift_y=&#8221;0&#8243; z_index=&#8221;0&#8243; limit_content=&#8221;&#8221;][vc_column_inner column_width_percent=&#8221;100&#8243; gutter_size=&#8221;2&#8243; style=&#8221;light&#8221; overlay_alpha=&#8221;50&#8243; shift_x=&#8221;0&#8243; shift_y=&#8221;0&#8243; shift_y_down=&#8221;0&#8243; z_index=&#8221;0&#8243; medium_width=&#8221;4&#8243; mobile_width=&#8221;0&#8243; width=&#8221;1\/1&#8243; uncode_shortcode_id=&#8221;629553&#8243;][vc_custom_heading text_color=&#8221;color-jevc&#8221; heading_semantic=&#8221;h1&#8243; text_size=&#8221;fontsize-155944&#8243; css_animation=&#8221;curtain-words&#8221; animation_delay=&#8221;600&#8243; uncode_shortcode_id=&#8221;976854&#8243; text_color_type=&#8221;uncode-palette&#8221;]Aviso legal[\/vc_custom_heading][\/vc_column_inner][\/vc_row_inner][\/vc_column][\/vc_row][vc_row][vc_column width=&#8221;1\/1&#8243;][vc_column_text uncode_shortcode_id=&#8221;172836&#8243;]<\/p>\n<h3>LEI DOS SERVI\u00c7OS DA SOCIEDADE DA INFORMA\u00c7\u00c3O (LSSI)<\/h3>\n<div>\n<p>NOVASONIX TECHNOLOGY, S.L.U. como respons\u00e1vel pelo site, doravante RESPONS\u00c1VEL, disponibiliza o presente documento aos utilizadores, com o objetivo de cumprir as obriga\u00e7\u00f5es estabelecidas na Lei 34\/2002, de 11 de julho, sobre Servi\u00e7os da Sociedade da Informa\u00e7\u00e3o e Com\u00e9rcio Eletr\u00f3nico (LSSICE), BOE N\u00ba 166, e informar todos os utilizadores do site sobre as condi\u00e7\u00f5es de uso.<\/p>\n<p>Toda pessoa que acesse este site assume o papel de utilizador, comprometendo-se a observar e cumprir rigorosamente as disposi\u00e7\u00f5es aqui estabelecidas, bem como qualquer outra disposi\u00e7\u00e3o legal que seja aplic\u00e1vel.<\/p>\n<p>NOVASONIX TECHNOLOGY, S.L.U. reserva-se o direito de modificar qualquer tipo de informa\u00e7\u00e3o que possa aparecer no site, sem a obriga\u00e7\u00e3o de pr\u00e9-aviso ou notifica\u00e7\u00e3o aos utilizadores, considerando suficiente a sua publica\u00e7\u00e3o no site da NOVASONIX TECHNOLOGY, S.L.U..<\/p>\n<h3>1. DADOS DE IDENTIFICA\u00c7\u00c3O<\/h3>\n<p><strong>Nome de dom\u00ednio<\/strong>: www.novasonix.es<br \/>\n<strong>Nome comercial<\/strong>: NOVASONIX<br \/>\n<strong>Denomina\u00e7\u00e3o social:<\/strong> NOVASONIX TECHNOLOGY, S.L.U.<br \/>\n<strong>NIF<\/strong>: B65686214<br \/>\n<strong>Domic\u00edlio social<\/strong>: Rue Thomas Edison, 16, 08430 La Roca del Vall\u00e8s, Barcelona, Espanha<br \/>\n<strong>Telefone<\/strong>: 937208325<br \/>\n<strong>E-mail<\/strong>: info@novasonix.es<br \/>\n<strong>Inscrita no Registro Mercantil de Barcelona<\/strong>: Tomo 42.904, Folio 214, P\u00e1gina B-418293.<\/p>\n<\/div>\n<h3>2. DIREITOS DE PROPRIEDADE INTELECTUAL E INDUSTRIAL<\/h3>\n<div>\n<p>O site, incluindo, a t\u00edtulo enunciativo mas n\u00e3o limitativo, a sua programa\u00e7\u00e3o, edi\u00e7\u00e3o, compila\u00e7\u00e3o e outros elementos necess\u00e1rios ao seu funcionamento, os designs, log\u00f3tipos, texto e\/ou gr\u00e1ficos, s\u00e3o propriedade do RESPONS\u00c1VEL ou, quando aplic\u00e1vel, possuem licen\u00e7a ou autoriza\u00e7\u00e3o expressa dos autores. Todos os conte\u00fados do site est\u00e3o devidamente protegidos pela legisla\u00e7\u00e3o de propriedade intelectual e industrial, bem como inscritos nos registos p\u00fablicos correspondentes.<\/p>\n<p>Independentemente da finalidade para a qual foram destinados, a reprodu\u00e7\u00e3o total ou parcial, utiliza\u00e7\u00e3o, explora\u00e7\u00e3o, distribui\u00e7\u00e3o e comercializa\u00e7\u00e3o requerem sempre a autoriza\u00e7\u00e3o pr\u00e9via por escrito do RESPONS\u00c1VEL. Qualquer uso n\u00e3o autorizado constitui uma viola\u00e7\u00e3o grave dos direitos de propriedade intelectual ou industrial do autor.<\/p>\n<p>Os designs, log\u00f3tipos, texto e\/ou gr\u00e1ficos que n\u00e3o perten\u00e7am ao RESPONS\u00c1VEL e que possam aparecer no site s\u00e3o propriedade dos seus respetivos propriet\u00e1rios, sendo estes respons\u00e1veis por qualquer controv\u00e9rsia que possa surgir em rela\u00e7\u00e3o a eles. O RESPONS\u00c1VEL autoriza expressamente que terceiros possam redirecionar diretamente para os conte\u00fados espec\u00edficos do site, e, em qualquer caso, redirecionar para o site principal www.novasonix.es.<\/p>\n<p>O RESPONS\u00c1VEL reconhece em favor dos seus titulares os correspondentes direitos de propriedade intelectual e industrial, n\u00e3o implicando a sua mera men\u00e7\u00e3o ou aparecimento no site a exist\u00eancia de direitos ou responsabilidades sobre os mesmos, nem o seu endosso, patroc\u00ednio ou recomenda\u00e7\u00e3o.<\/p>\n<p>Para apresentar qualquer tipo de observa\u00e7\u00e3o sobre poss\u00edveis viola\u00e7\u00f5es de direitos de propriedade intelectual ou industrial, bem como sobre qualquer conte\u00fado do site, pode faz\u00ea-lo atrav\u00e9s do e-mail info@novasonix.es.<\/p>\n<h3>3. NORMAS DE COMPORTAMENTO NO BLOG<\/h3>\n<p>A NOVASONIX TECHNOLOGY, S.L.U. agradece o seu interesse em usar os nossos canais de participa\u00e7\u00e3o. Os coment\u00e1rios s\u00e3o uma forma de participa\u00e7\u00e3o para todos os utilizadores deste meio. Se deseja participar nos nossos blogs, dever\u00e1 aceitar estas regras:<\/p>\n<p>1. Responsabilidade do Utilizador. Ao participar nos blogs do site, \u00e9 o \u00fanico respons\u00e1vel pelas mensagens que divulgar atrav\u00e9s deles, garantindo \u00e0 NOVASONIX TECHNOLOGY, S.L.U. total indemniza\u00e7\u00e3o por qualquer reclama\u00e7\u00e3o que possa surgir por esses motivos.<\/p>\n<p>No caso das mensagens conterem material protegido por direitos de propriedade intelectual ou industrial, o utilizador garante ser o propriet\u00e1rio ou ter autoriza\u00e7\u00e3o do propriet\u00e1rio para divulg\u00e1-lo nos blogs. E a NOVASONIX TECHNOLOGY, S.L.U. fica isenta de qualquer reclama\u00e7\u00e3o de terceiros que possa surgir por esses motivos.<\/p>\n<p>2. O utilizador deve, antes de publicar uma mensagem, escolher o blog apropriado. As mensagens que n\u00e3o estejam relacionadas com a tem\u00e1tica do blog podem ser eliminadas. \u00c9 totalmente proibida a publica\u00e7\u00e3o de promo\u00e7\u00f5es e links de ofertas comerciais, publicidade, material promocional, correntes, ou qualquer atividade promocional direta ou indireta, ou qualquer outro tipo de coment\u00e1rio que n\u00e3o se enquadre no desenvolvimento normal dos t\u00f3picos dos blogs.<\/p>\n<p>3. O utilizador deve respeitar os outros utilizadores. O utilizador deve ser tolerante e respeitoso com as mensagens e opini\u00f5es dos outros utilizadores. Podem ser eliminadas as mensagens que possam ser consideradas prejudiciais aos direitos de terceiros ou que afetem o desenvolvimento pac\u00edfico dos blogs.<\/p>\n<p>4. A NOVASONIX TECHNOLOGY, S.L.U. reserva-se o direito de reproduzir, modificar ou divulgar as mensagens publicadas nos blogs do site de acordo com os termos e meios convenientes, sem que isso confira ao utilizador qualquer tipo de compensa\u00e7\u00e3o.<\/p>\n<p>5. A NOVASONIX TECHNOLOGY, S.L.U. n\u00e3o \u00e9 respons\u00e1vel pelo que \u00e9 publicado nos blogs do site nem garante a veracidade ou exatid\u00e3o de qualquer informa\u00e7\u00e3o publicada nos mesmos. A responsabilidade pelo conte\u00fado \u00e9 do utilizador que envia as mensagens ou informa\u00e7\u00f5es.<\/p>\n<p>6. A NOVASONIX TECHNOLOGY, S.L.U. n\u00e3o garante a disponibilidade ou continuidade do servi\u00e7o de blogs do site, podendo modific\u00e1-lo, suspender ou elimin\u00e1-lo do site sem aviso pr\u00e9vio, a qualquer momento.<\/p>\n<p>7. Se um utilizador puder ser afetado por a\u00e7\u00f5es ilegais ou detetar uso indevido dos blogs do site por parte de outros utilizadores, poder\u00e1 informar a NOVASONIX TECHNOLOGY, S.L.U. atrav\u00e9s do endere\u00e7o de e-mail info@novasonix.es, indicando na refer\u00eancia do assunto &#8220;modera\u00e7\u00e3o de blogs&#8221;, para que a NOVASONIX TECHNOLOGY, S.L.U. possa moderar ou eliminar os mesmos.<\/p>\n<p>8. O utilizador indemnizar\u00e1 a NOVASONIX TECHNOLOGY, S.L.U. por qualquer reclama\u00e7\u00e3o que possa surgir devido \u00e0s mensagens que o utilizador tenha divulgado nos blogs ou por qualquer outra conduta relacionada com a utiliza\u00e7\u00e3o dos blogs do site.<\/p>\n<\/div>\n<h3>4. ISEN\u00c7\u00c3O DE RESPONSABILIDADE<\/h3>\n<p>O RESPONS\u00c1VEL isenta-se de qualquer tipo de responsabilidade pela informa\u00e7\u00e3o publicada no seu site, desde que esta informa\u00e7\u00e3o tenha sido manipulada ou introduzida por um terceiro alheio ao mesmo.<\/p>\n<h4>Uso de Cookies<\/h4>\n<div>\n<p>Este site pode utilizar cookies t\u00e9cnicos (pequenos ficheiros de informa\u00e7\u00e3o que o servidor envia para o computador de quem acede \u00e0 p\u00e1gina) para realizar fun\u00e7\u00f5es consideradas essenciais para o correto funcionamento e visualiza\u00e7\u00e3o do site. As cookies utilizadas t\u00eam sempre car\u00e1ter tempor\u00e1rio, com o \u00fanico objetivo de tornar a navega\u00e7\u00e3o mais eficaz e desaparecem ap\u00f3s o t\u00e9rmino da sess\u00e3o do utilizador. Em nenhum caso, estas cookies fornecem por si s\u00f3 dados pessoais e n\u00e3o ser\u00e3o utilizadas para a recolha dos mesmos.<\/p>\n<p>O uso de cookies tamb\u00e9m permite que o servidor onde o site est\u00e1 localizado reconhe\u00e7a o navegador utilizado pelo utilizador para tornar a navega\u00e7\u00e3o mais f\u00e1cil, permitindo, por exemplo, o acesso de utilizadores que se tenham registado previamente a \u00e1reas, servi\u00e7os, promo\u00e7\u00f5es ou concursos reservados exclusivamente para eles, sem terem que se registar a cada visita. Tamb\u00e9m podem ser usadas para medir a audi\u00eancia, par\u00e2metros de tr\u00e1fego, controlar o progresso e n\u00famero de entradas, etc., sendo nestes casos cookies tecnicamente dispens\u00e1veis, mas ben\u00e9ficas para o utilizador. Este site n\u00e3o instalar\u00e1 cookies dispens\u00e1veis sem o consentimento pr\u00e9vio do utilizador.<\/p>\n<p>O utilizador tem a possibilidade de configurar o seu navegador para ser alertado sobre a rece\u00e7\u00e3o de cookies e para impedir a sua instala\u00e7\u00e3o no seu equipamento. Consulte as instru\u00e7\u00f5es do seu navegador para obter mais informa\u00e7\u00f5es.<\/p>\n<\/div>\n<h4>Pol\u00edtica de Liga\u00e7\u00f5es<\/h4>\n<p>A partir deste site, \u00e9 poss\u00edvel redirecionar para conte\u00fados de terceiros em sites externos. Como o RESPONS\u00c1VEL n\u00e3o pode controlar sempre os conte\u00fados introduzidos por terceiros nos respetivos sites, n\u00e3o assume qualquer tipo de responsabilidade em rela\u00e7\u00e3o a esses conte\u00fados. Em qualquer caso, proceder\u00e1 imediatamente \u00e0 retirada de qualquer conte\u00fado que possa violar a legisla\u00e7\u00e3o nacional ou internacional, a moral ou a ordem p\u00fablica, bem como \u00e0 retirada imediata da liga\u00e7\u00e3o para o referido site, informando as autoridades competentes sobre o conte\u00fado em quest\u00e3o.<\/p>\n<div>\n<p>O RESPONS\u00c1VEL n\u00e3o se responsabiliza pela informa\u00e7\u00e3o e conte\u00fados armazenados, nomeadamente, em f\u00f3runs, chats, geradores de blogs, coment\u00e1rios, redes sociais ou qualquer outro meio que permita a terceiros publicar conte\u00fados independentemente na p\u00e1gina web do RESPONS\u00c1VEL. No entanto, e em conformidade com o disposto nos artigos 11 e 16 da LSSICE, est\u00e1 \u00e0 disposi\u00e7\u00e3o de todos os utilizadores, autoridades e for\u00e7as de seguran\u00e7a, colaborando ativamente na retirada ou, quando aplic\u00e1vel, no bloqueio de todos os conte\u00fados que possam afetar ou violar a legisla\u00e7\u00e3o nacional ou internacional, os direitos de terceiros ou a moral e a ordem p\u00fablica. Se o utilizador considerar que existe conte\u00fado no site que possa ser classificado desta forma, pede-se que o notifique imediatamente ao administrador do site.<\/p>\n<p>Este site foi revisto e testado para funcionar corretamente. Em princ\u00edpio, pode garantir-se o seu correto funcionamento durante os 365 dias do ano, 24 horas por dia. No entanto, o RESPONS\u00c1VEL n\u00e3o exclui a possibilidade de existirem erros de programa\u00e7\u00e3o, ou de ocorrerem causas de for\u00e7a maior, cat\u00e1strofes naturais, greves ou circunst\u00e2ncias semelhantes que impossibilitem o acesso \u00e0 p\u00e1gina web.<\/p>\n<\/div>\n<h4>Endere\u00e7os IP<\/h4>\n<p>Os servidores do site podem detetar automaticamente o endere\u00e7o IP e o nome de dom\u00ednio utilizados pelo utilizador. Um endere\u00e7o IP \u00e9 um n\u00famero atribu\u00eddo automaticamente a um computador quando este se liga \u00e0 Internet. Todas essas informa\u00e7\u00f5es s\u00e3o registadas num ficheiro de atividade do servidor devidamente inscrito, que permite o posterior processamento dos dados com o objetivo exclusivo de obter estat\u00edsticas de impress\u00f5es de p\u00e1ginas, n\u00famero de visitas aos servidores web, ordem de visitas, ponto de acesso, etc.<\/p>\n<h3>5. LEI APLIC\u00c1VEL E JURISDI\u00c7\u00c3O<\/h3>\n<p>Para a resolu\u00e7\u00e3o de todas as controv\u00e9rsias ou quest\u00f5es relacionadas com o presente site ou com as atividades nele desenvolvidas, ser\u00e1 aplicada a legisla\u00e7\u00e3o espanhola, \u00e0 qual as partes se submetem expressamente, sendo competentes para a resolu\u00e7\u00e3o de todos os conflitos decorrentes ou relacionados com a sua utiliza\u00e7\u00e3o os tribunais mais pr\u00f3ximos de GRANOLLERS.<\/p>\n<div id=\"gtx-trans\" style=\"position: absolute; left: 103px; top: 364.431px;\">\n<div class=\"gtx-trans-icon\"><\/div>\n<\/div>\n<p>[\/vc_column_text][\/vc_column][\/vc_row][vc_row row_height_percent=&#8221;0&#8243; override_padding=&#8221;yes&#8221; h_padding=&#8221;2&#8243; top_padding=&#8221;2&#8243; bottom_padding=&#8221;3&#8243; overlay_alpha=&#8221;50&#8243; gutter_size=&#8221;3&#8243; column_width_percent=&#8221;100&#8243; border_color=&#8221;color-gyho&#8221; border_style=&#8221;solid&#8221; shift_y=&#8221;0&#8243; z_index=&#8221;0&#8243; enable_top_divider=&#8221;default&#8221; shape_top_h_use_pixel=&#8221;&#8221; shape_top_height=&#8221;150&#8243; shape_top_opacity=&#8221;100&#8243; shape_top_index=&#8221;0&#8243; css=&#8221;.vc_custom_1686330092658{border-top-width: 1px !important;}&#8221; uncode_shortcode_id=&#8221;180335&#8243; border_color_type=&#8221;uncode-palette&#8221;][vc_column column_width_percent=&#8221;100&#8243; align_horizontal=&#8221;align_center&#8221; gutter_size=&#8221;3&#8243; overlay_alpha=&#8221;50&#8243; shift_x=&#8221;0&#8243; shift_y=&#8221;0&#8243; shift_y_down=&#8221;0&#8243; shift_y_down_fixed=&#8221;yes&#8221; z_index=&#8221;0&#8243; medium_width=&#8221;0&#8243; mobile_width=&#8221;0&#8243; width=&#8221;1\/1&#8243;][vc_row_inner limit_content=&#8221;&#8221;][vc_column_inner column_width_use_pixel=&#8221;yes&#8221; align_horizontal=&#8221;align_center&#8221; gutter_size=&#8221;2&#8243; overlay_alpha=&#8221;50&#8243; shift_x=&#8221;0&#8243; shift_y=&#8221;0&#8243; shift_y_down=&#8221;0&#8243; z_index=&#8221;0&#8243; medium_width=&#8221;0&#8243; mobile_width=&#8221;0&#8243; width=&#8221;1\/1&#8243; column_width_pixel=&#8221;660&#8243;][vc_custom_heading text_color=&#8221;accent&#8221; heading_semantic=&#8221;h3&#8243; text_size=&#8221;fontsize-155944&#8243; sub_lead=&#8221;yes&#8221; subheading=&#8221;Consulte as nossas \u00faltimas novidades&#8221; uncode_shortcode_id=&#8221;143720&#8243; text_color_type=&#8221;uncode-palette&#8221; el_class=&#8221;titulo_seccion&#8221;]novasonix Magazine[\/vc_custom_heading][\/vc_column_inner][\/vc_row_inner][vc_empty_space empty_h=&#8221;2&#8243;][uncode_index el_id=&#8221;index-3255486526&#8243; index_type=&#8221;carousel&#8221; loop=&#8221;size:7|order_by:date|post_type:post|taxonomy_count:10&#8243; carousel_lg=&#8221;3&#8243; carousel_md=&#8221;2&#8243; carousel_sm=&#8221;1&#8243; thumb_size=&#8221;four-three&#8221; gutter_size=&#8221;4&#8243; post_items=&#8221;media|featured|onpost|original,title&#8221; product_items=&#8221;title,media|featured|onpost|original|hide-sale,price&#8221; portfolio_items=&#8221;title,media|featured|onpost|original&#8221; carousel_interval=&#8221;0&#8243; carousel_navspeed=&#8221;400&#8243; carousel_dots=&#8221;yes&#8221; stage_padding=&#8221;0&#8243; single_overlay_color=&#8221;color-wayh&#8221; single_overlay_opacity=&#8221;20&#8243; single_overlay_anim=&#8221;no&#8221; single_text_anim=&#8221;no&#8221; single_image_magnetic=&#8221;yes&#8221; single_h_align_mobile=&#8221;center&#8221; single_padding=&#8221;1&#8243; single_title_dimension=&#8221;h5&#8243; single_title_weight=&#8221;300&#8243; single_title_height=&#8221;fontheight-357766&#8243; single_border=&#8221;yes&#8221; single_css_animation=&#8221;zoom-in&#8221; single_animation_delay=&#8221;200&#8243; single_animation_first=&#8221;yes&#8221; single_icon=&#8221;fa fa-plus2&#8243; uncode_shortcode_id=&#8221;169887&#8243; el_class=&#8221;posts_home&#8221;][vc_button button_color=&#8221;accent&#8221; radius=&#8221;btn-square&#8221; outline=&#8221;yes&#8221; border_width=&#8221;0&#8243; link=&#8221;url:https%3A%2F%2Fnovasonix.es%2Fpt-pt%2Fmagazine%2F|title:Magazine&#8221; button_color_type=&#8221;uncode-palette&#8221; uncode_shortcode_id=&#8221;153332&#8243;]IR PARA MAGAZINE[\/vc_button][\/vc_column][\/vc_row]<\/p>\n<\/section>","protected":false},"excerpt":{"rendered":"<p>[vc_row row_height_percent=&#8221;40&#8243; override_padding=&#8221;yes&#8221; h_padding=&#8221;2&#8243; top_padding=&#8221;4&#8243; bottom_padding=&#8221;4&#8243; back_color=&#8221;color-gyho&#8221; overlay_alpha=&#8221;0&#8243; gutter_size=&#8221;3&#8243; column_width_percent=&#8221;100&#8243; shift_y=&#8221;0&#8243; z_index=&#8221;0&#8243; top_divider=&#8221;gradient&#8221; bottom_divider=&#8221;step_3_4&#8243; uncode_shortcode_id=&#8221;746637&#8243; back_color_type=&#8221;uncode-palette&#8221;][vc_column column_width_percent=&#8221;100&#8243; position_vertical=&#8221;middle&#8221; align_horizontal=&#8221;align_center&#8221; gutter_size=&#8221;3&#8243; [&hellip;]<\/p>\n","protected":false},"author":2,"featured_media":118657,"parent":0,"menu_order":0,"comment_status":"closed","ping_status":"closed","template":"","meta":{"footnotes":""},"class_list":["post-120871","page","type-page","status-publish","has-post-thumbnail","hentry"],"yoast_head":"<!-- This site is optimized with the Yoast SEO plugin v21.9.1 - https:\/\/yoast.com\/wordpress\/plugins\/seo\/ -->\n<title>Aviso legal - novasonix<\/title>\n<meta name=\"robots\" content=\"noindex, follow\" \/>\n<meta property=\"og:locale\" content=\"pt_PT\" \/>\n<meta property=\"og:type\" content=\"article\" \/>\n<meta property=\"og:title\" content=\"Aviso legal - novasonix\" \/>\n<meta property=\"og:description\" content=\"[vc_row row_height_percent=&#8221;40&#8243; override_padding=&#8221;yes&#8221; h_padding=&#8221;2&#8243; top_padding=&#8221;4&#8243; bottom_padding=&#8221;4&#8243; back_color=&#8221;color-gyho&#8221; overlay_alpha=&#8221;0&#8243; gutter_size=&#8221;3&#8243; column_width_percent=&#8221;100&#8243; shift_y=&#8221;0&#8243; z_index=&#8221;0&#8243; top_divider=&#8221;gradient&#8221; bottom_divider=&#8221;step_3_4&#8243; uncode_shortcode_id=&#8221;746637&#8243; back_color_type=&#8221;uncode-palette&#8221;][vc_column column_width_percent=&#8221;100&#8243; position_vertical=&#8221;middle&#8221; align_horizontal=&#8221;align_center&#8221; gutter_size=&#8221;3&#8243; [&hellip;]\" \/>\n<meta property=\"og:url\" content=\"https:\/\/novasonix.es\/pt-pt\/aviso-legal\/\" \/>\n<meta property=\"og:site_name\" content=\"novasonix\" \/>\n<meta property=\"article:modified_time\" content=\"2025-04-03T07:28:04+00:00\" \/>\n<meta property=\"og:image\" content=\"https:\/\/novasonix.es\/wp-content\/uploads\/2022\/09\/demo-homepage-Classic-Saas-Uncode-2022.jpg\" \/>\n\t<meta property=\"og:image:width\" content=\"1200\" \/>\n\t<meta property=\"og:image:height\" content=\"800\" \/>\n\t<meta property=\"og:image:type\" content=\"image\/jpeg\" \/>\n<meta name=\"twitter:card\" content=\"summary_large_image\" \/>\n<meta name=\"twitter:label1\" content=\"Tempo estimado de leitura\" \/>\n\t<meta name=\"twitter:data1\" content=\"8 minutos\" \/>\n<script type=\"application\/ld+json\" class=\"yoast-schema-graph\">{\"@context\":\"https:\/\/schema.org\",\"@graph\":[{\"@type\":\"WebPage\",\"@id\":\"https:\/\/novasonix.es\/pt-pt\/aviso-legal\/\",\"url\":\"https:\/\/novasonix.es\/pt-pt\/aviso-legal\/\",\"name\":\"Aviso legal - novasonix\",\"isPartOf\":{\"@id\":\"https:\/\/novasonix.es\/#website\"},\"datePublished\":\"2023-06-09T17:07:38+00:00\",\"dateModified\":\"2025-04-03T07:28:04+00:00\",\"inLanguage\":\"pt-PT\",\"potentialAction\":[{\"@type\":\"ReadAction\",\"target\":[\"https:\/\/novasonix.es\/pt-pt\/aviso-legal\/\"]}]},{\"@type\":\"WebSite\",\"@id\":\"https:\/\/novasonix.es\/#website\",\"url\":\"https:\/\/novasonix.es\/\",\"name\":\"novasonix\",\"description\":\"\",\"potentialAction\":[{\"@type\":\"SearchAction\",\"target\":{\"@type\":\"EntryPoint\",\"urlTemplate\":\"https:\/\/novasonix.es\/?s={search_term_string}\"},\"query-input\":\"required name=search_term_string\"}],\"inLanguage\":\"pt-PT\"}]}<\/script>\n<!-- \/ Yoast SEO plugin. -->","yoast_head_json":{"title":"Aviso legal - novasonix","robots":{"index":"noindex","follow":"follow"},"og_locale":"pt_PT","og_type":"article","og_title":"Aviso legal - novasonix","og_description":"[vc_row row_height_percent=&#8221;40&#8243; override_padding=&#8221;yes&#8221; h_padding=&#8221;2&#8243; top_padding=&#8221;4&#8243; bottom_padding=&#8221;4&#8243; back_color=&#8221;color-gyho&#8221; overlay_alpha=&#8221;0&#8243; gutter_size=&#8221;3&#8243; column_width_percent=&#8221;100&#8243; shift_y=&#8221;0&#8243; z_index=&#8221;0&#8243; top_divider=&#8221;gradient&#8221; bottom_divider=&#8221;step_3_4&#8243; uncode_shortcode_id=&#8221;746637&#8243; back_color_type=&#8221;uncode-palette&#8221;][vc_column column_width_percent=&#8221;100&#8243; position_vertical=&#8221;middle&#8221; align_horizontal=&#8221;align_center&#8221; gutter_size=&#8221;3&#8243; [&hellip;]","og_url":"https:\/\/novasonix.es\/pt-pt\/aviso-legal\/","og_site_name":"novasonix","article_modified_time":"2025-04-03T07:28:04+00:00","og_image":[{"width":1200,"height":800,"url":"https:\/\/novasonix.es\/wp-content\/uploads\/2022\/09\/demo-homepage-Classic-Saas-Uncode-2022.jpg","type":"image\/jpeg"}],"twitter_card":"summary_large_image","twitter_misc":{"Tempo estimado de leitura":"8 minutos"},"schema":{"@context":"https:\/\/schema.org","@graph":[{"@type":"WebPage","@id":"https:\/\/novasonix.es\/pt-pt\/aviso-legal\/","url":"https:\/\/novasonix.es\/pt-pt\/aviso-legal\/","name":"Aviso legal - novasonix","isPartOf":{"@id":"https:\/\/novasonix.es\/#website"},"datePublished":"2023-06-09T17:07:38+00:00","dateModified":"2025-04-03T07:28:04+00:00","inLanguage":"pt-PT","potentialAction":[{"@type":"ReadAction","target":["https:\/\/novasonix.es\/pt-pt\/aviso-legal\/"]}]},{"@type":"WebSite","@id":"https:\/\/novasonix.es\/#website","url":"https:\/\/novasonix.es\/","name":"novasonix","description":"","potentialAction":[{"@type":"SearchAction","target":{"@type":"EntryPoint","urlTemplate":"https:\/\/novasonix.es\/?s={search_term_string}"},"query-input":"required name=search_term_string"}],"inLanguage":"pt-PT"}]}},"_links":{"self":[{"href":"https:\/\/novasonix.es\/pt-pt\/wp-json\/wp\/v2\/pages\/120871","targetHints":{"allow":["GET"]}}],"collection":[{"href":"https:\/\/novasonix.es\/pt-pt\/wp-json\/wp\/v2\/pages"}],"about":[{"href":"https:\/\/novasonix.es\/pt-pt\/wp-json\/wp\/v2\/types\/page"}],"author":[{"embeddable":true,"href":"https:\/\/novasonix.es\/pt-pt\/wp-json\/wp\/v2\/users\/2"}],"replies":[{"embeddable":true,"href":"https:\/\/novasonix.es\/pt-pt\/wp-json\/wp\/v2\/comments?post=120871"}],"version-history":[{"count":4,"href":"https:\/\/novasonix.es\/pt-pt\/wp-json\/wp\/v2\/pages\/120871\/revisions"}],"predecessor-version":[{"id":127250,"href":"https:\/\/novasonix.es\/pt-pt\/wp-json\/wp\/v2\/pages\/120871\/revisions\/127250"}],"wp:featuredmedia":[{"embeddable":true,"href":"https:\/\/novasonix.es\/pt-pt\/wp-json\/wp\/v2\/media\/118657"}],"wp:attachment":[{"href":"https:\/\/novasonix.es\/pt-pt\/wp-json\/wp\/v2\/media?parent=120871"}],"curies":[{"name":"wp","href":"https:\/\/api.w.org\/{rel}","templated":true}]}}