{"id":120885,"date":"2023-07-10T09:42:00","date_gmt":"2023-07-10T09:42:00","guid":{"rendered":"https:\/\/novasonix.es\/nsx-academy\/"},"modified":"2025-02-12T11:15:42","modified_gmt":"2025-02-12T11:15:42","slug":"nsx-academy","status":"publish","type":"page","link":"https:\/\/novasonix.es\/pt-pt\/nsx-academy\/","title":{"rendered":"NSX Academy"},"content":{"rendered":"<section class=\"wpb-content-wrapper\"><p>[vc_row row_height_percent=&#8221;30&#8243; override_padding=&#8221;yes&#8221; h_padding=&#8221;1&#8243; top_padding=&#8221;0&#8243; bottom_padding=&#8221;0&#8243; overlay_alpha=&#8221;0&#8243; equal_height=&#8221;yes&#8221; gutter_size=&#8221;3&#8243; column_width_percent=&#8221;100&#8243; shift_y=&#8221;0&#8243; z_index=&#8221;0&#8243; top_divider=&#8221;gradient&#8221; bottom_divider=&#8221;step_3_4&#8243; medium_visibility=&#8221;yes&#8221; mobile_visibility=&#8221;yes&#8221; uncode_shortcode_id=&#8221;864064&#8243; back_color_type=&#8221;uncode-gradient&#8221; back_color_gradient=&#8221;{&#8220;css&#8220;:&#8220;background: linear-gradient(to right , rgb(249, 249, 249) , rgb(255, 255, 255) 100%);&#8220;,&#8220;sliders&#8220;:`{`{&#8220;color&#8220;:&#8220;rgb(249, 249, 249)&#8220;,&#8220;position&#8220;:0},{&#8220;color&#8220;:&#8220;rgb(255, 255, 255)&#8220;,&#8220;position&#8220;:100}`}`,&#8220;type&#8220;:&#8220;linear&#8220;,&#8220;direction&#8220;:&#8220;left&#8220;}&#8221; shape_dividers=&#8221;&#8221;][vc_column column_width_percent=&#8221;100&#8243; position_vertical=&#8221;middle&#8221; gutter_size=&#8221;3&#8243; overlay_alpha=&#8221;50&#8243; shift_x=&#8221;0&#8243; shift_y=&#8221;0&#8243; shift_y_down=&#8221;0&#8243; z_index=&#8221;0&#8243; medium_width=&#8221;0&#8243; mobile_width=&#8221;0&#8243; width=&#8221;1\/4&#8243; uncode_shortcode_id=&#8221;109672&#8243;][\/vc_column][vc_column column_width_percent=&#8221;91&#8243; position_vertical=&#8221;middle&#8221; align_horizontal=&#8221;align_center&#8221; gutter_size=&#8221;3&#8243; overlay_alpha=&#8221;50&#8243; shift_x=&#8221;0&#8243; shift_y=&#8221;0&#8243; shift_y_down=&#8221;0&#8243; z_index=&#8221;0&#8243; medium_width=&#8221;0&#8243; mobile_width=&#8221;0&#8243; width=&#8221;1\/2&#8243; uncode_shortcode_id=&#8221;218834&#8243;][vc_single_image media=&#8221;119719&#8243; media_width_use_pixel=&#8221;yes&#8221; alignment=&#8221;center&#8221; uncode_shortcode_id=&#8221;136307&#8243; media_width_pixel=&#8221;100&#8243; el_class=&#8221;nsx_logo&#8221;][\/vc_column][vc_column width=&#8221;1\/4&#8243;][\/vc_column][\/vc_row][vc_row row_height_percent=&#8221;30&#8243; override_padding=&#8221;yes&#8221; h_padding=&#8221;0&#8243; top_padding=&#8221;0&#8243; bottom_padding=&#8221;0&#8243; overlay_alpha=&#8221;0&#8243; equal_height=&#8221;yes&#8221; gutter_size=&#8221;3&#8243; column_width_percent=&#8221;100&#8243; shift_y=&#8221;0&#8243; z_index=&#8221;0&#8243; top_divider=&#8221;gradient&#8221; bottom_divider=&#8221;step_3_4&#8243; desktop_visibility=&#8221;yes&#8221; uncode_shortcode_id=&#8221;345247&#8243; back_color_type=&#8221;uncode-gradient&#8221; back_color_gradient=&#8221;{&#8220;css&#8220;:&#8220;background: linear-gradient(to right , rgb(249, 249, 249) , rgb(255, 255, 255) 100%);&#8220;,&#8220;sliders&#8220;:`{`{&#8220;color&#8220;:&#8220;rgb(249, 249, 249)&#8220;,&#8220;position&#8220;:0},{&#8220;color&#8220;:&#8220;rgb(255, 255, 255)&#8220;,&#8220;position&#8220;:100}`}`,&#8220;type&#8220;:&#8220;linear&#8220;,&#8220;direction&#8220;:&#8220;left&#8220;}&#8221; shape_dividers=&#8221;&#8221;][vc_column column_width_percent=&#8221;100&#8243; position_vertical=&#8221;middle&#8221; gutter_size=&#8221;3&#8243; overlay_alpha=&#8221;50&#8243; shift_x=&#8221;0&#8243; shift_y=&#8221;0&#8243; shift_y_down=&#8221;0&#8243; z_index=&#8221;0&#8243; medium_width=&#8221;0&#8243; mobile_width=&#8221;0&#8243; width=&#8221;1\/6&#8243; uncode_shortcode_id=&#8221;109672&#8243;][\/vc_column][vc_column column_width_percent=&#8221;100&#8243; gutter_size=&#8221;3&#8243; overlay_alpha=&#8221;50&#8243; shift_x=&#8221;0&#8243; shift_y=&#8221;0&#8243; shift_y_down=&#8221;0&#8243; z_index=&#8221;0&#8243; medium_width=&#8221;0&#8243; mobile_width=&#8221;0&#8243; width=&#8221;2\/3&#8243; uncode_shortcode_id=&#8221;193006&#8243; css=&#8221;.vc_custom_1739358940560{padding-bottom: 60px !important;}&#8221;][vc_single_image media=&#8221;119719&#8243; media_width_use_pixel=&#8221;yes&#8221; alignment=&#8221;center&#8221; uncode_shortcode_id=&#8221;210938&#8243; media_width_pixel=&#8221;120&#8243; el_class=&#8221;nsx_logo&#8221;][\/vc_column][vc_column width=&#8221;1\/6&#8243;][\/vc_column][\/vc_row][vc_row row_height_percent=&#8221;0&#8243; override_padding=&#8221;yes&#8221; h_padding=&#8221;2&#8243; top_padding=&#8221;3&#8243; bottom_padding=&#8221;2&#8243; overlay_alpha=&#8221;50&#8243; gutter_size=&#8221;3&#8243; column_width_percent=&#8221;100&#8243; shift_y=&#8221;0&#8243; z_index=&#8221;0&#8243; uncode_shortcode_id=&#8221;705320&#8243;][vc_column column_width_percent=&#8221;78&#8243; position_horizontal=&#8221;left&#8221; gutter_size=&#8221;3&#8243; overlay_alpha=&#8221;50&#8243; shift_x=&#8221;0&#8243; shift_y=&#8221;0&#8243; shift_y_down=&#8221;0&#8243; z_index=&#8221;0&#8243; medium_width=&#8221;0&#8243; mobile_width=&#8221;0&#8243; width=&#8221;1\/1&#8243; uncode_shortcode_id=&#8221;206889&#8243;][vc_custom_heading text_color=&#8221;accent&#8221; heading_semantic=&#8221;h3&#8243; text_size=&#8221;fontsize-155944&#8243; sub_lead=&#8221;yes&#8221; subheading=&#8221;Tenemos uma equipe de forma\u00e7\u00e3o especializada para que nossos clientes possam sacar o rendimento m\u00e1ximo aos equipamentos e \u00e0 venda de seus tratamentos.&#8221; uncode_shortcode_id=&#8221;543537&#8243; text_color_type=&#8221;uncode-palette&#8221; el_class=&#8221;titulo_seccion&#8221;]Reciclagem e forma\u00e7\u00e3o[\/vc_custom_heading][\/vc_column][\/vc_row][vc_row unlock_row_content=&#8221;yes&#8221; row_height_percent=&#8221;0&#8243; override_padding=&#8221;yes&#8221; h_padding=&#8221;2&#8243; top_padding=&#8221;3&#8243; bottom_padding=&#8221;3&#8243; overlay_alpha=&#8221;50&#8243; gutter_size=&#8221;3&#8243; column_width_percent=&#8221;100&#8243; shift_y=&#8221;0&#8243; z_index=&#8221;0&#8243; desktop_visibility=&#8221;yes&#8221; medium_visibility=&#8221;yes&#8221; mobile_visibility=&#8221;yes&#8221; uncode_shortcode_id=&#8221;187716&#8243; back_color_type=&#8221;uncode-solid&#8221; back_color_solid=&#8221;#f3f4f4&#8243; front_end_with_slider=&#8221;true&#8221; css=&#8221;.vc_custom_1686580451289{padding-top: 20px !important;padding-bottom: 20px !important;}&#8221;][vc_column column_width_percent=&#8221;100&#8243; gutter_size=&#8221;3&#8243; overlay_alpha=&#8221;50&#8243; shift_x=&#8221;0&#8243; shift_y=&#8221;0&#8243; shift_y_down=&#8221;0&#8243; z_index=&#8221;0&#8243; medium_width=&#8221;0&#8243; mobile_width=&#8221;0&#8243; css_animation=&#8221;bottom-t-top&#8221; width=&#8221;1\/1&#8243; uncode_shortcode_id=&#8221;132727&#8243;][vc_row_inner limit_content=&#8221;&#8221;][vc_column_inner column_width_percent=&#8221;100&#8243; align_horizontal=&#8221;align_center&#8221; gutter_size=&#8221;3&#8243; overlay_alpha=&#8221;50&#8243; shift_x=&#8221;0&#8243; shift_y=&#8221;0&#8243; shift_y_down=&#8221;0&#8243; z_index=&#8221;0&#8243; medium_width=&#8221;0&#8243; mobile_width=&#8221;0&#8243; width=&#8221;1\/1&#8243; uncode_shortcode_id=&#8221;772678&#8243;][vc_custom_heading text_color=&#8221;accent&#8221; heading_semantic=&#8221;h3&#8243; text_size=&#8221;fontsize-155944&#8243; sub_lead=&#8221;yes&#8221; subheading=&#8221;M\u00e1s de 10 a\u00f1os desarrollando tecnolog\u00edas \u00fanicas para el sector m\u00e9dico-est\u00e9tico&#8221; uncode_shortcode_id=&#8221;198686&#8243; text_color_type=&#8221;uncode-palette&#8221; el_class=&#8221;titulo_seccion aesthetic_solutions_title&#8221; el_id=&#8221;aesthetic_solutions_title&#8221;]Experts in innovating aesthetic solutions[\/vc_custom_heading][\/vc_column_inner][\/vc_row_inner][uncode_slider slider_type=&#8221;fade&#8221; slider_interval=&#8221;3000&#8243; slider_navspeed=&#8221;400&#8243; slider_loop=&#8221;yes&#8221; slider_hide_arrows=&#8221;yes&#8221; el_class=&#8221;adaptive_feat_slider_home&#8221;][vc_row_inner row_inner_height_percent=&#8221;100&#8243; overlay_alpha=&#8221;0&#8243; equal_height=&#8221;yes&#8221; gutter_size=&#8221;3&#8243; shift_y=&#8221;0&#8243; z_index=&#8221;0&#8243; limit_content=&#8221;&#8221; front_end_with_slider=&#8221;true&#8221; uncode_shortcode_id=&#8221;174209&#8243; back_color_type=&#8221;uncode-solid&#8221; css=&#8221;.vc_custom_1686307408475{padding-top: 0px !important;padding-right: 0px !important;padding-bottom: 0px !important;padding-left: 0px !important;}&#8221; back_color_solid=&#8221;#f3f4f4&#8243; el_class=&#8221;adaptive_features_slider&#8221;][vc_column_inner column_width_percent=&#8221;50&#8243; position_vertical=&#8221;middle&#8221; gutter_size=&#8221;3&#8243; overlay_alpha=&#8221;50&#8243; shift_x=&#8221;0&#8243; shift_y=&#8221;0&#8243; shift_y_down=&#8221;0&#8243; z_index=&#8221;0&#8243; medium_width=&#8221;0&#8243; mobile_width=&#8221;0&#8243; width=&#8221;1\/2&#8243; uncode_shortcode_id=&#8221;110100&#8243; css=&#8221;.vc_custom_1686306344124{padding-left: 0px !important;}&#8221;][vc_single_image media=&#8221;117774&#8243; media_width_use_pixel=&#8221;yes&#8221; alignment=&#8221;center&#8221; uncode_shortcode_id=&#8221;766659&#8243; media_width_pixel=&#8221;70&#8243;][vc_column_text text_lead=&#8221;yes&#8221; uncode_shortcode_id=&#8221;201708&#8243; css=&#8221;.vc_custom_1685003277776{margin-top: 0px !important;}&#8221;]<\/p>\n<p style=\"text-align: center;\">Fabricado en Espa\u00f1a<\/p>\n<p>[\/vc_column_text][vc_empty_space empty_h=&#8221;2&#8243;][\/vc_column_inner][vc_column_inner column_width_percent=&#8221;100&#8243; gutter_size=&#8221;3&#8243; overlay_alpha=&#8221;50&#8243; shift_x=&#8221;0&#8243; shift_y=&#8221;0&#8243; shift_y_down=&#8221;0&#8243; z_index=&#8221;0&#8243; medium_width=&#8221;0&#8243; mobile_width=&#8221;0&#8243; width=&#8221;1\/2&#8243; uncode_shortcode_id=&#8221;806808&#8243; css=&#8221;.vc_custom_1686306759319{padding-top: 0px !important;}&#8221;][vc_single_image media=&#8221;117772&#8243; media_width_use_pixel=&#8221;yes&#8221; alignment=&#8221;center&#8221; uncode_shortcode_id=&#8221;982919&#8243; media_width_pixel=&#8221;70&#8243;][vc_column_text text_lead=&#8221;yes&#8221; uncode_shortcode_id=&#8221;473172&#8243; css=&#8221;.vc_custom_1685003450953{margin-top: 0px !important;}&#8221;]<\/p>\n<p style=\"text-align: center;\">Financiamiento<\/p>\n<p>[\/vc_column_text][vc_empty_space empty_h=&#8221;2&#8243;][\/vc_column_inner][\/vc_row_inner][vc_row_inner row_inner_height_percent=&#8221;100&#8243; overlay_alpha=&#8221;0&#8243; equal_height=&#8221;yes&#8221; gutter_size=&#8221;3&#8243; shift_y=&#8221;0&#8243; z_index=&#8221;0&#8243; desktop_visibility=&#8221;yes&#8221; limit_content=&#8221;&#8221; front_end_with_slider=&#8221;true&#8221; uncode_shortcode_id=&#8221;911942&#8243; back_color_type=&#8221;uncode-solid&#8221; css=&#8221;.vc_custom_1686307427084{padding-top: 0px !important;padding-right: 0px !important;padding-bottom: 0px !important;padding-left: 0px !important;}&#8221; back_color_solid=&#8221;#f3f4f4&#8243; el_class=&#8221;adaptive_features_slider&#8221;][vc_column_inner column_width_percent=&#8221;50&#8243; position_vertical=&#8221;middle&#8221; align_horizontal=&#8221;align_center&#8221; gutter_size=&#8221;3&#8243; overlay_alpha=&#8221;50&#8243; shift_x=&#8221;0&#8243; shift_y=&#8221;0&#8243; shift_y_down=&#8221;0&#8243; z_index=&#8221;0&#8243; medium_width=&#8221;0&#8243; mobile_width=&#8221;0&#8243; width=&#8221;1\/2&#8243; uncode_shortcode_id=&#8221;132290&#8243; css=&#8221;.vc_custom_1686306324164{padding-left: 0px !important;}&#8221;][vc_single_image media=&#8221;117773&#8243; media_width_use_pixel=&#8221;yes&#8221; alignment=&#8221;center&#8221; uncode_shortcode_id=&#8221;100918&#8243; media_width_pixel=&#8221;70&#8243;][vc_column_text text_lead=&#8221;yes&#8221; uncode_shortcode_id=&#8221;209255&#8243; css=&#8221;.vc_custom_1685003464489{margin-top: 0px !important;}&#8221;]<\/p>\n<p style=\"text-align: center;\">Formaci\u00f3n continuada<\/p>\n<p>[\/vc_column_text][vc_empty_space empty_h=&#8221;2&#8243;][\/vc_column_inner][vc_column_inner column_width_percent=&#8221;100&#8243; gutter_size=&#8221;3&#8243; overlay_alpha=&#8221;50&#8243; shift_x=&#8221;0&#8243; shift_y=&#8221;0&#8243; shift_y_down=&#8221;0&#8243; z_index=&#8221;0&#8243; medium_width=&#8221;0&#8243; mobile_width=&#8221;0&#8243; width=&#8221;1\/2&#8243; uncode_shortcode_id=&#8221;853508&#8243; css=&#8221;.vc_custom_1686306733959{padding-top: 0px !important;}&#8221;][vc_single_image media=&#8221;117776&#8243; media_width_use_pixel=&#8221;yes&#8221; alignment=&#8221;center&#8221; uncode_shortcode_id=&#8221;162968&#8243; media_width_pixel=&#8221;70&#8243;][vc_column_text text_lead=&#8221;yes&#8221; uncode_shortcode_id=&#8221;201481&#8243; css=&#8221;.vc_custom_1685003495965{margin-top: 0px !important;}&#8221;]<\/p>\n<p style=\"text-align: center;\">Soporte Marketing<\/p>\n<p>[\/vc_column_text][vc_empty_space empty_h=&#8221;2&#8243;][\/vc_column_inner][\/vc_row_inner][vc_row_inner row_inner_height_percent=&#8221;100&#8243; overlay_alpha=&#8221;0&#8243; equal_height=&#8221;yes&#8221; gutter_size=&#8221;4&#8243; shift_y=&#8221;0&#8243; z_index=&#8221;0&#8243; desktop_visibility=&#8221;yes&#8221; limit_content=&#8221;&#8221; front_end_with_slider=&#8221;true&#8221; uncode_shortcode_id=&#8221;169728&#8243; back_color_type=&#8221;uncode-solid&#8221; css=&#8221;.vc_custom_1686307440315{padding-top: 0px !important;padding-bottom: 0px !important;}&#8221; back_color_solid=&#8221;#f3f4f4&#8243; el_class=&#8221;adaptive_features_slider&#8221;][vc_column_inner column_width_percent=&#8221;50&#8243; position_vertical=&#8221;middle&#8221; gutter_size=&#8221;3&#8243; overlay_alpha=&#8221;50&#8243; shift_x=&#8221;0&#8243; shift_y=&#8221;0&#8243; shift_y_down=&#8221;0&#8243; z_index=&#8221;0&#8243; medium_width=&#8221;0&#8243; mobile_width=&#8221;0&#8243; width=&#8221;1\/2&#8243; uncode_shortcode_id=&#8221;116332&#8243; css=&#8221;.vc_custom_1686306374898{padding-left: 0px !important;}&#8221;][vc_single_image media=&#8221;117775&#8243; media_width_use_pixel=&#8221;yes&#8221; alignment=&#8221;center&#8221; uncode_shortcode_id=&#8221;291377&#8243; media_width_pixel=&#8221;70&#8243;][vc_column_text text_lead=&#8221;yes&#8221; uncode_shortcode_id=&#8221;299404&#8243; css=&#8221;.vc_custom_1685003539871{margin-top: 0px !important;}&#8221;]<\/p>\n<p style=\"text-align: center;\">Soporte t\u00e9cnico<\/p>\n<p>[\/vc_column_text][vc_empty_space empty_h=&#8221;2&#8243;][\/vc_column_inner][vc_column_inner column_width_percent=&#8221;50&#8243; gutter_size=&#8221;3&#8243; overlay_alpha=&#8221;50&#8243; shift_x=&#8221;0&#8243; shift_y=&#8221;0&#8243; shift_y_down=&#8221;0&#8243; z_index=&#8221;0&#8243; medium_width=&#8221;0&#8243; mobile_width=&#8221;0&#8243; width=&#8221;1\/2&#8243; uncode_shortcode_id=&#8221;800986&#8243; css=&#8221;.vc_custom_1686306745215{padding-top: 0px !important;}&#8221;][vc_single_image media=&#8221;117771&#8243; media_width_use_pixel=&#8221;yes&#8221; alignment=&#8221;center&#8221; uncode_shortcode_id=&#8221;675451&#8243; media_width_pixel=&#8221;70&#8243;][vc_column_text text_lead=&#8221;yes&#8221; uncode_shortcode_id=&#8221;183350&#8243; css=&#8221;.vc_custom_1685003570934{margin-top: 0px !important;}&#8221;]<\/p>\n<p style=\"text-align: center;\">Departamento de I+D<\/p>\n<p>[\/vc_column_text][vc_empty_space empty_h=&#8221;2&#8243;][\/vc_column_inner][\/vc_row_inner][\/uncode_slider][\/vc_column][\/vc_row][vc_row row_height_percent=&#8221;0&#8243; override_padding=&#8221;yes&#8221; h_padding=&#8221;2&#8243; top_padding=&#8221;3&#8243; bottom_padding=&#8221;3&#8243; overlay_alpha=&#8221;50&#8243; gutter_size=&#8221;3&#8243; column_width_percent=&#8221;100&#8243; border_color=&#8221;color-gyho&#8221; border_style=&#8221;solid&#8221; shift_y=&#8221;0&#8243; z_index=&#8221;0&#8243; css=&#8221;.vc_custom_1685098682215{border-top-width: 0px !important;}&#8221; uncode_shortcode_id=&#8221;122600&#8243; border_color_type=&#8221;uncode-palette&#8221;][vc_column column_width_percent=&#8221;100&#8243; align_horizontal=&#8221;align_center&#8221; gutter_size=&#8221;3&#8243; overlay_alpha=&#8221;50&#8243; shift_x=&#8221;0&#8243; shift_y=&#8221;0&#8243; shift_y_down=&#8221;0&#8243; shift_y_down_fixed=&#8221;yes&#8221; z_index=&#8221;0&#8243; medium_width=&#8221;0&#8243; mobile_width=&#8221;0&#8243; width=&#8221;1\/1&#8243;][vc_row_inner limit_content=&#8221;&#8221;][vc_column_inner column_width_use_pixel=&#8221;yes&#8221; align_horizontal=&#8221;align_center&#8221; gutter_size=&#8221;2&#8243; overlay_alpha=&#8221;50&#8243; shift_x=&#8221;0&#8243; shift_y=&#8221;0&#8243; shift_y_down=&#8221;0&#8243; z_index=&#8221;0&#8243; medium_width=&#8221;0&#8243; mobile_width=&#8221;0&#8243; width=&#8221;1\/1&#8243; column_width_pixel=&#8221;660&#8243;][vc_custom_heading text_color=&#8221;accent&#8221; heading_semantic=&#8221;h3&#8243; text_size=&#8221;fontsize-155944&#8243; sub_lead=&#8221;yes&#8221; subheading=&#8221;Confira nossas \u00faltimas novidades&#8221; uncode_shortcode_id=&#8221;122274&#8243; text_color_type=&#8221;uncode-palette&#8221; el_class=&#8221;titulo_seccion&#8221;]novasonix Magazine[\/vc_custom_heading][\/vc_column_inner][\/vc_row_inner][uncode_index el_id=&#8221;index-3255486526&#8243; index_type=&#8221;carousel&#8221; loop=&#8221;size:7|order_by:date|post_type:post|taxonomy_count:10&#8243; carousel_lg=&#8221;3&#8243; carousel_md=&#8221;2&#8243; carousel_sm=&#8221;1&#8243; thumb_size=&#8221;four-three&#8221; gutter_size=&#8221;4&#8243; post_items=&#8221;media|featured|onpost|original,title&#8221; product_items=&#8221;title,media|featured|onpost|original|hide-sale,price&#8221; portfolio_items=&#8221;title,media|featured|onpost|original&#8221; carousel_interval=&#8221;0&#8243; carousel_navspeed=&#8221;400&#8243; carousel_dots=&#8221;yes&#8221; carousel_dots_mobile=&#8221;yes&#8221; stage_padding=&#8221;0&#8243; single_overlay_color=&#8221;color-wayh&#8221; single_overlay_opacity=&#8221;20&#8243; single_overlay_anim=&#8221;no&#8221; single_text_anim=&#8221;no&#8221; single_image_magnetic=&#8221;yes&#8221; single_h_align_mobile=&#8221;center&#8221; single_padding=&#8221;1&#8243; single_title_dimension=&#8221;h5&#8243; single_title_weight=&#8221;300&#8243; single_title_height=&#8221;fontheight-357766&#8243; single_border=&#8221;yes&#8221; single_css_animation=&#8221;zoom-in&#8221; single_animation_delay=&#8221;200&#8243; single_animation_first=&#8221;yes&#8221; single_icon=&#8221;fa fa-plus2&#8243; uncode_shortcode_id=&#8221;710872&#8243; el_class=&#8221;posts_home&#8221;][vc_button button_color=&#8221;accent&#8221; radius=&#8221;btn-square&#8221; outline=&#8221;yes&#8221; border_width=&#8221;0&#8243; link=&#8221;url:https%3A%2F%2Fnovasonix.es%2Fpt-pt%2Fmagazine%2F|title:Magazine&#8221; button_color_type=&#8221;uncode-palette&#8221; uncode_shortcode_id=&#8221;101007&#8243;]IR PARA A MAGAZINE[\/vc_button][\/vc_column][\/vc_row]<\/p>\n<\/section>","protected":false},"excerpt":{"rendered":"<p>[vc_row row_height_percent=&#8221;30&#8243; override_padding=&#8221;yes&#8221; h_padding=&#8221;1&#8243; top_padding=&#8221;0&#8243; bottom_padding=&#8221;0&#8243; overlay_alpha=&#8221;0&#8243; equal_height=&#8221;yes&#8221; gutter_size=&#8221;3&#8243; column_width_percent=&#8221;100&#8243; shift_y=&#8221;0&#8243; z_index=&#8221;0&#8243; top_divider=&#8221;gradient&#8221; bottom_divider=&#8221;step_3_4&#8243; medium_visibility=&#8221;yes&#8221; mobile_visibility=&#8221;yes&#8221; uncode_shortcode_id=&#8221;864064&#8243; back_color_type=&#8221;uncode-gradient&#8221; back_color_gradient=&#8221;{&#8220;css&#8220;:&#8220;background: linear-gradient(to [&hellip;]<\/p>\n","protected":false},"author":2,"featured_media":118657,"parent":0,"menu_order":0,"comment_status":"closed","ping_status":"closed","template":"","meta":{"footnotes":""},"class_list":["post-120885","page","type-page","status-publish","has-post-thumbnail","hentry"],"yoast_head":"<!-- This site is optimized with the Yoast SEO plugin v21.9.1 - https:\/\/yoast.com\/wordpress\/plugins\/seo\/ -->\n<title>Treinamento NSX: Tratamentos, Protocolos e Tend\u00eancias - novasonix<\/title>\n<meta name=\"description\" content=\"Explore os treinamentos Novasonix NSX, desenvolvidos para inspirar e capacitar profissionais de est\u00e9tica, beleza e bem-estar.\" \/>\n<meta name=\"robots\" content=\"index, follow, max-snippet:-1, max-image-preview:large, max-video-preview:-1\" \/>\n<link rel=\"canonical\" href=\"https:\/\/novasonix.es\/pt-pt\/nsx-academy\/\" \/>\n<meta property=\"og:locale\" content=\"pt_PT\" \/>\n<meta property=\"og:type\" content=\"article\" \/>\n<meta property=\"og:title\" content=\"Treinamento NSX: Tratamentos, Protocolos e Tend\u00eancias - novasonix\" \/>\n<meta property=\"og:description\" content=\"Explore os treinamentos Novasonix NSX, desenvolvidos para inspirar e capacitar profissionais de est\u00e9tica, beleza e bem-estar.\" \/>\n<meta property=\"og:url\" content=\"https:\/\/novasonix.es\/pt-pt\/nsx-academy\/\" \/>\n<meta property=\"og:site_name\" content=\"novasonix\" \/>\n<meta property=\"article:modified_time\" content=\"2025-02-12T11:15:42+00:00\" \/>\n<meta property=\"og:image\" content=\"https:\/\/novasonix.es\/wp-content\/uploads\/2022\/09\/demo-homepage-Classic-Saas-Uncode-2022.jpg\" \/>\n\t<meta property=\"og:image:width\" content=\"1200\" \/>\n\t<meta property=\"og:image:height\" content=\"800\" \/>\n\t<meta property=\"og:image:type\" content=\"image\/jpeg\" \/>\n<meta name=\"twitter:card\" content=\"summary_large_image\" \/>\n<meta name=\"twitter:label1\" content=\"Tempo estimado de leitura\" \/>\n\t<meta name=\"twitter:data1\" content=\"3 minutos\" \/>\n<script type=\"application\/ld+json\" class=\"yoast-schema-graph\">{\"@context\":\"https:\/\/schema.org\",\"@graph\":[{\"@type\":\"WebPage\",\"@id\":\"https:\/\/novasonix.es\/pt-pt\/nsx-academy\/\",\"url\":\"https:\/\/novasonix.es\/pt-pt\/nsx-academy\/\",\"name\":\"Treinamento NSX: Tratamentos, Protocolos e Tend\u00eancias - novasonix\",\"isPartOf\":{\"@id\":\"https:\/\/novasonix.es\/#website\"},\"datePublished\":\"2023-07-10T09:42:00+00:00\",\"dateModified\":\"2025-02-12T11:15:42+00:00\",\"description\":\"Explore os treinamentos Novasonix NSX, desenvolvidos para inspirar e capacitar profissionais de est\u00e9tica, beleza e bem-estar.\",\"inLanguage\":\"pt-PT\",\"potentialAction\":[{\"@type\":\"ReadAction\",\"target\":[\"https:\/\/novasonix.es\/pt-pt\/nsx-academy\/\"]}]},{\"@type\":\"WebSite\",\"@id\":\"https:\/\/novasonix.es\/#website\",\"url\":\"https:\/\/novasonix.es\/\",\"name\":\"novasonix\",\"description\":\"\",\"potentialAction\":[{\"@type\":\"SearchAction\",\"target\":{\"@type\":\"EntryPoint\",\"urlTemplate\":\"https:\/\/novasonix.es\/?s={search_term_string}\"},\"query-input\":\"required name=search_term_string\"}],\"inLanguage\":\"pt-PT\"}]}<\/script>\n<!-- \/ Yoast SEO plugin. -->","yoast_head_json":{"title":"Treinamento NSX: Tratamentos, Protocolos e Tend\u00eancias - novasonix","description":"Explore os treinamentos Novasonix NSX, desenvolvidos para inspirar e capacitar profissionais de est\u00e9tica, beleza e bem-estar.","robots":{"index":"index","follow":"follow","max-snippet":"max-snippet:-1","max-image-preview":"max-image-preview:large","max-video-preview":"max-video-preview:-1"},"canonical":"https:\/\/novasonix.es\/pt-pt\/nsx-academy\/","og_locale":"pt_PT","og_type":"article","og_title":"Treinamento NSX: Tratamentos, Protocolos e Tend\u00eancias - novasonix","og_description":"Explore os treinamentos Novasonix NSX, desenvolvidos para inspirar e capacitar profissionais de est\u00e9tica, beleza e bem-estar.","og_url":"https:\/\/novasonix.es\/pt-pt\/nsx-academy\/","og_site_name":"novasonix","article_modified_time":"2025-02-12T11:15:42+00:00","og_image":[{"width":1200,"height":800,"url":"https:\/\/novasonix.es\/wp-content\/uploads\/2022\/09\/demo-homepage-Classic-Saas-Uncode-2022.jpg","type":"image\/jpeg"}],"twitter_card":"summary_large_image","twitter_misc":{"Tempo estimado de leitura":"3 minutos"},"schema":{"@context":"https:\/\/schema.org","@graph":[{"@type":"WebPage","@id":"https:\/\/novasonix.es\/pt-pt\/nsx-academy\/","url":"https:\/\/novasonix.es\/pt-pt\/nsx-academy\/","name":"Treinamento NSX: Tratamentos, Protocolos e Tend\u00eancias - novasonix","isPartOf":{"@id":"https:\/\/novasonix.es\/#website"},"datePublished":"2023-07-10T09:42:00+00:00","dateModified":"2025-02-12T11:15:42+00:00","description":"Explore os treinamentos Novasonix NSX, desenvolvidos para inspirar e capacitar profissionais de est\u00e9tica, beleza e bem-estar.","inLanguage":"pt-PT","potentialAction":[{"@type":"ReadAction","target":["https:\/\/novasonix.es\/pt-pt\/nsx-academy\/"]}]},{"@type":"WebSite","@id":"https:\/\/novasonix.es\/#website","url":"https:\/\/novasonix.es\/","name":"novasonix","description":"","potentialAction":[{"@type":"SearchAction","target":{"@type":"EntryPoint","urlTemplate":"https:\/\/novasonix.es\/?s={search_term_string}"},"query-input":"required name=search_term_string"}],"inLanguage":"pt-PT"}]}},"_links":{"self":[{"href":"https:\/\/novasonix.es\/pt-pt\/wp-json\/wp\/v2\/pages\/120885","targetHints":{"allow":["GET"]}}],"collection":[{"href":"https:\/\/novasonix.es\/pt-pt\/wp-json\/wp\/v2\/pages"}],"about":[{"href":"https:\/\/novasonix.es\/pt-pt\/wp-json\/wp\/v2\/types\/page"}],"author":[{"embeddable":true,"href":"https:\/\/novasonix.es\/pt-pt\/wp-json\/wp\/v2\/users\/2"}],"replies":[{"embeddable":true,"href":"https:\/\/novasonix.es\/pt-pt\/wp-json\/wp\/v2\/comments?post=120885"}],"version-history":[{"count":5,"href":"https:\/\/novasonix.es\/pt-pt\/wp-json\/wp\/v2\/pages\/120885\/revisions"}],"predecessor-version":[{"id":126974,"href":"https:\/\/novasonix.es\/pt-pt\/wp-json\/wp\/v2\/pages\/120885\/revisions\/126974"}],"wp:featuredmedia":[{"embeddable":true,"href":"https:\/\/novasonix.es\/pt-pt\/wp-json\/wp\/v2\/media\/118657"}],"wp:attachment":[{"href":"https:\/\/novasonix.es\/pt-pt\/wp-json\/wp\/v2\/media?parent=120885"}],"curies":[{"name":"wp","href":"https:\/\/api.w.org\/{rel}","templated":true}]}}