{"id":120888,"date":"2023-06-09T16:38:12","date_gmt":"2023-06-09T16:38:12","guid":{"rendered":"https:\/\/novasonix.es\/politica-de-calidad-novasonix\/"},"modified":"2023-09-17T14:49:12","modified_gmt":"2023-09-17T14:49:12","slug":"politica-de-qualidade","status":"publish","type":"page","link":"https:\/\/novasonix.es\/pt-pt\/politica-de-qualidade\/","title":{"rendered":"Pol\u00edtica de qualidade"},"content":{"rendered":"<section class=\"wpb-content-wrapper\"><p>[vc_row row_height_percent=&#8221;40&#8243; override_padding=&#8221;yes&#8221; h_padding=&#8221;2&#8243; top_padding=&#8221;4&#8243; bottom_padding=&#8221;4&#8243; back_color=&#8221;color-gyho&#8221; overlay_alpha=&#8221;0&#8243; gutter_size=&#8221;3&#8243; column_width_percent=&#8221;100&#8243; shift_y=&#8221;0&#8243; z_index=&#8221;0&#8243; top_divider=&#8221;gradient&#8221; bottom_divider=&#8221;step_3_4&#8243; uncode_shortcode_id=&#8221;746637&#8243; back_color_type=&#8221;uncode-palette&#8221;][vc_column column_width_percent=&#8221;100&#8243; position_vertical=&#8221;middle&#8221; align_horizontal=&#8221;align_center&#8221; gutter_size=&#8221;3&#8243; style=&#8221;light&#8221; overlay_alpha=&#8221;50&#8243; shift_x=&#8221;0&#8243; shift_y=&#8221;0&#8243; shift_y_down=&#8221;0&#8243; z_index=&#8221;0&#8243; medium_width=&#8221;0&#8243; mobile_width=&#8221;0&#8243; css_animation=&#8221;left-t-right&#8221; animation_speed=&#8221;1000&#8243; animation_delay=&#8221;600&#8243; width=&#8221;1\/1&#8243; uncode_shortcode_id=&#8221;959378&#8243;][vc_row_inner row_inner_height_percent=&#8221;0&#8243; overlay_alpha=&#8221;50&#8243; gutter_size=&#8221;4&#8243; shift_y=&#8221;0&#8243; z_index=&#8221;0&#8243; limit_content=&#8221;&#8221;][vc_column_inner column_width_percent=&#8221;100&#8243; gutter_size=&#8221;2&#8243; style=&#8221;light&#8221; overlay_alpha=&#8221;50&#8243; shift_x=&#8221;0&#8243; shift_y=&#8221;0&#8243; shift_y_down=&#8221;0&#8243; z_index=&#8221;0&#8243; medium_width=&#8221;4&#8243; mobile_width=&#8221;0&#8243; width=&#8221;1\/1&#8243; uncode_shortcode_id=&#8221;715434&#8243;][vc_custom_heading text_color=&#8221;color-jevc&#8221; heading_semantic=&#8221;h1&#8243; text_size=&#8221;fontsize-155944&#8243; css_animation=&#8221;curtain-words&#8221; animation_delay=&#8221;600&#8243; uncode_shortcode_id=&#8221;140866&#8243; text_color_type=&#8221;uncode-palette&#8221;]Pol\u00edtica de qualidade[\/vc_custom_heading][\/vc_column_inner][\/vc_row_inner][\/vc_column][\/vc_row][vc_row][vc_column width=&#8221;1\/1&#8243;][vc_column_text uncode_shortcode_id=&#8221;101581&#8243;]A Dire\u00e7\u00e3o, consciente das circunst\u00e2ncias atuais que nos rodeiam, como inova\u00e7\u00f5es tecnol\u00f3gicas, pre\u00e7os mais baixos, mercados internacionais e clientes mais exigentes, nos obriga a dar uma resposta, adaptando-nos permanentemente ao nosso ambiente e oferecendo, a todo momento, os melhores produtos e servi\u00e7os que atendam \u00e0s necessidades e expectativas de nossos clientes atuais e potenciais, cumprindo tanto com seus requisitos quanto com os requisitos legais e regulat\u00f3rios, e buscando a melhoria cont\u00ednua dos processos, mantendo a efic\u00e1cia do sistema de gest\u00e3o da qualidade, com o objetivo de garantir o futuro de nossa Empresa.<\/p>\n<p>Por tudo isso, consideramos a Pol\u00edtica de Qualidade como &#8220;O caminho projetado para alcan\u00e7ar os objetivos&#8221;.<\/p>\n<p>Para alcan\u00e7ar este fim, nossos OBJETIVOS e PRINC\u00cdPIOS da Pol\u00edtica de Qualidade definida s\u00e3o os seguintes:<\/p>\n<ul>\n<li>Que os servi\u00e7os que prestamos atendam \u00e0s expectativas dos clientes.<\/li>\n<li>Manter uma melhoria constante na qualidade de nossos produtos e servi\u00e7os, para que possamos constantemente melhorar a imagem e a reputa\u00e7\u00e3o de nossa empresa.<\/li>\n<li>Alcan\u00e7ar a consecu\u00e7\u00e3o dos objetivos estabelecidos em rela\u00e7\u00e3o \u00e0 qualidade e aprimoramento dos mesmos.<\/li>\n<li>Melhoria cont\u00ednua dos processos, buscando a m\u00e1xima efic\u00e1cia e otimiza\u00e7\u00e3o dos recursos utilizados.<\/li>\n<li>Garantir o cumprimento dos padr\u00f5es e requisitos regulat\u00f3rios (Regulamento (UE) 2017\/745 do Parlamento Europeu e do Conselho sobre Dispositivos M\u00e9dicos e ISO 13485:2016 Sistemas de Gest\u00e3o da Qualidade para Dispositivos M\u00e9dicos) exigidos pelas autoridades de sa\u00fade e pelos diversos \u00f3rg\u00e3os reguladores.<\/li>\n<\/ul>\n<p>A Dire\u00e7\u00e3o, por meio do Respons\u00e1vel pela Qualidade, assumiu o compromisso de implementar a Gest\u00e3o da Qualidade em todos os n\u00edveis da Empresa.<\/p>\n<p><img decoding=\"async\" class=\"size-full wp-image-118076 aligncenter\" src=\"https:\/\/novasonix.es\/wp-content\/uploads\/2023\/06\/firma.jpg\" alt=\"\" width=\"142\" height=\"160\" \/><br \/>\n[\/vc_column_text][\/vc_column][\/vc_row][vc_row row_height_percent=&#8221;0&#8243; override_padding=&#8221;yes&#8221; h_padding=&#8221;2&#8243; top_padding=&#8221;2&#8243; bottom_padding=&#8221;3&#8243; overlay_alpha=&#8221;50&#8243; gutter_size=&#8221;3&#8243; column_width_percent=&#8221;100&#8243; border_color=&#8221;color-gyho&#8221; border_style=&#8221;solid&#8221; shift_y=&#8221;0&#8243; z_index=&#8221;0&#8243; enable_top_divider=&#8221;default&#8221; shape_top_h_use_pixel=&#8221;&#8221; shape_top_height=&#8221;150&#8243; shape_top_opacity=&#8221;100&#8243; shape_top_index=&#8221;0&#8243; css=&#8221;.vc_custom_1686330092658{border-top-width: 1px !important;}&#8221; uncode_shortcode_id=&#8221;180335&#8243; border_color_type=&#8221;uncode-palette&#8221;][vc_column column_width_percent=&#8221;100&#8243; align_horizontal=&#8221;align_center&#8221; gutter_size=&#8221;3&#8243; overlay_alpha=&#8221;50&#8243; shift_x=&#8221;0&#8243; shift_y=&#8221;0&#8243; shift_y_down=&#8221;0&#8243; shift_y_down_fixed=&#8221;yes&#8221; z_index=&#8221;0&#8243; medium_width=&#8221;0&#8243; mobile_width=&#8221;0&#8243; width=&#8221;1\/1&#8243;][vc_row_inner limit_content=&#8221;&#8221;][vc_column_inner column_width_use_pixel=&#8221;yes&#8221; align_horizontal=&#8221;align_center&#8221; gutter_size=&#8221;2&#8243; overlay_alpha=&#8221;50&#8243; shift_x=&#8221;0&#8243; shift_y=&#8221;0&#8243; shift_y_down=&#8221;0&#8243; z_index=&#8221;0&#8243; medium_width=&#8221;0&#8243; mobile_width=&#8221;0&#8243; width=&#8221;1\/1&#8243; column_width_pixel=&#8221;660&#8243;][vc_custom_heading text_color=&#8221;accent&#8221; heading_semantic=&#8221;h3&#8243; text_size=&#8221;fontsize-155944&#8243; sub_lead=&#8221;yes&#8221; subheading=&#8221;Confira nossas \u00faltimas novidades&#8221; uncode_shortcode_id=&#8221;127119&#8243; text_color_type=&#8221;uncode-palette&#8221; el_class=&#8221;titulo_seccion&#8221;]novasonix Magazine[\/vc_custom_heading][\/vc_column_inner][\/vc_row_inner][vc_empty_space empty_h=&#8221;2&#8243;][uncode_index el_id=&#8221;index-3255486526&#8243; index_type=&#8221;carousel&#8221; loop=&#8221;size:7|order_by:date|post_type:post|taxonomy_count:10&#8243; carousel_lg=&#8221;3&#8243; carousel_md=&#8221;2&#8243; carousel_sm=&#8221;1&#8243; thumb_size=&#8221;four-three&#8221; gutter_size=&#8221;4&#8243; post_items=&#8221;media|featured|onpost|original,title&#8221; product_items=&#8221;title,media|featured|onpost|original|hide-sale,price&#8221; portfolio_items=&#8221;title,media|featured|onpost|original&#8221; carousel_interval=&#8221;0&#8243; carousel_navspeed=&#8221;400&#8243; carousel_dots=&#8221;yes&#8221; stage_padding=&#8221;0&#8243; single_overlay_color=&#8221;color-wayh&#8221; single_overlay_opacity=&#8221;20&#8243; single_overlay_anim=&#8221;no&#8221; single_text_anim=&#8221;no&#8221; single_image_magnetic=&#8221;yes&#8221; single_h_align_mobile=&#8221;center&#8221; single_padding=&#8221;1&#8243; single_title_dimension=&#8221;h5&#8243; single_title_weight=&#8221;300&#8243; single_title_height=&#8221;fontheight-357766&#8243; single_border=&#8221;yes&#8221; single_css_animation=&#8221;zoom-in&#8221; single_animation_delay=&#8221;200&#8243; single_animation_first=&#8221;yes&#8221; single_icon=&#8221;fa fa-plus2&#8243; uncode_shortcode_id=&#8221;169887&#8243; el_class=&#8221;posts_home&#8221;][vc_button button_color=&#8221;accent&#8221; radius=&#8221;btn-square&#8221; outline=&#8221;yes&#8221; border_width=&#8221;0&#8243; link=&#8221;url:https%3A%2F%2Fnovasonix.es%2Fpt-pt%2Fmagazine%2F|title:Magazine&#8221; button_color_type=&#8221;uncode-palette&#8221; uncode_shortcode_id=&#8221;193207&#8243;]IR PARA MAGAZINE[\/vc_button][\/vc_column][\/vc_row]<\/p>\n<\/section>","protected":false},"excerpt":{"rendered":"<p>[vc_row row_height_percent=&#8221;40&#8243; override_padding=&#8221;yes&#8221; h_padding=&#8221;2&#8243; top_padding=&#8221;4&#8243; bottom_padding=&#8221;4&#8243; back_color=&#8221;color-gyho&#8221; overlay_alpha=&#8221;0&#8243; gutter_size=&#8221;3&#8243; column_width_percent=&#8221;100&#8243; shift_y=&#8221;0&#8243; z_index=&#8221;0&#8243; top_divider=&#8221;gradient&#8221; bottom_divider=&#8221;step_3_4&#8243; uncode_shortcode_id=&#8221;746637&#8243; back_color_type=&#8221;uncode-palette&#8221;][vc_column column_width_percent=&#8221;100&#8243; position_vertical=&#8221;middle&#8221; align_horizontal=&#8221;align_center&#8221; gutter_size=&#8221;3&#8243; [&hellip;]<\/p>\n","protected":false},"author":2,"featured_media":118657,"parent":0,"menu_order":0,"comment_status":"closed","ping_status":"closed","template":"","meta":{"footnotes":""},"class_list":["post-120888","page","type-page","status-publish","has-post-thumbnail","hentry"],"yoast_head":"<!-- This site is optimized with the Yoast SEO plugin v21.9.1 - https:\/\/yoast.com\/wordpress\/plugins\/seo\/ -->\n<title>Pol\u00edtica de qualidade - novasonix<\/title>\n<meta name=\"robots\" content=\"noindex, follow\" \/>\n<meta property=\"og:locale\" content=\"pt_PT\" \/>\n<meta property=\"og:type\" content=\"article\" \/>\n<meta property=\"og:title\" content=\"Pol\u00edtica de qualidade - novasonix\" \/>\n<meta property=\"og:description\" content=\"[vc_row row_height_percent=&#8221;40&#8243; override_padding=&#8221;yes&#8221; h_padding=&#8221;2&#8243; top_padding=&#8221;4&#8243; bottom_padding=&#8221;4&#8243; back_color=&#8221;color-gyho&#8221; overlay_alpha=&#8221;0&#8243; gutter_size=&#8221;3&#8243; column_width_percent=&#8221;100&#8243; shift_y=&#8221;0&#8243; z_index=&#8221;0&#8243; top_divider=&#8221;gradient&#8221; bottom_divider=&#8221;step_3_4&#8243; uncode_shortcode_id=&#8221;746637&#8243; back_color_type=&#8221;uncode-palette&#8221;][vc_column column_width_percent=&#8221;100&#8243; position_vertical=&#8221;middle&#8221; align_horizontal=&#8221;align_center&#8221; gutter_size=&#8221;3&#8243; [&hellip;]\" \/>\n<meta property=\"og:url\" content=\"https:\/\/novasonix.es\/politica-de-calidad-novasonix\/\" \/>\n<meta property=\"og:site_name\" content=\"novasonix\" \/>\n<meta property=\"article:modified_time\" content=\"2023-09-17T14:49:12+00:00\" \/>\n<meta property=\"og:image\" content=\"https:\/\/novasonix.es\/wp-content\/uploads\/2022\/09\/demo-homepage-Classic-Saas-Uncode-2022.jpg\" \/>\n\t<meta property=\"og:image:width\" content=\"1200\" \/>\n\t<meta property=\"og:image:height\" content=\"800\" \/>\n\t<meta property=\"og:image:type\" content=\"image\/jpeg\" \/>\n<meta name=\"twitter:card\" content=\"summary_large_image\" \/>\n<meta name=\"twitter:label1\" content=\"Tempo estimado de leitura\" \/>\n\t<meta name=\"twitter:data1\" content=\"3 minutos\" \/>\n<script type=\"application\/ld+json\" class=\"yoast-schema-graph\">{\"@context\":\"https:\/\/schema.org\",\"@graph\":[{\"@type\":\"WebPage\",\"@id\":\"https:\/\/novasonix.es\/politica-de-calidad-novasonix\/\",\"url\":\"https:\/\/novasonix.es\/politica-de-calidad-novasonix\/\",\"name\":\"Pol\u00edtica de qualidade - novasonix\",\"isPartOf\":{\"@id\":\"https:\/\/novasonix.es\/#website\"},\"datePublished\":\"2023-06-09T16:38:12+00:00\",\"dateModified\":\"2023-09-17T14:49:12+00:00\",\"inLanguage\":\"pt-PT\",\"potentialAction\":[{\"@type\":\"ReadAction\",\"target\":[\"https:\/\/novasonix.es\/politica-de-calidad-novasonix\/\"]}]},{\"@type\":\"WebSite\",\"@id\":\"https:\/\/novasonix.es\/#website\",\"url\":\"https:\/\/novasonix.es\/\",\"name\":\"novasonix\",\"description\":\"\",\"potentialAction\":[{\"@type\":\"SearchAction\",\"target\":{\"@type\":\"EntryPoint\",\"urlTemplate\":\"https:\/\/novasonix.es\/?s={search_term_string}\"},\"query-input\":\"required name=search_term_string\"}],\"inLanguage\":\"pt-PT\"}]}<\/script>\n<!-- \/ Yoast SEO plugin. -->","yoast_head_json":{"title":"Pol\u00edtica de qualidade - novasonix","robots":{"index":"noindex","follow":"follow"},"og_locale":"pt_PT","og_type":"article","og_title":"Pol\u00edtica de qualidade - novasonix","og_description":"[vc_row row_height_percent=&#8221;40&#8243; override_padding=&#8221;yes&#8221; h_padding=&#8221;2&#8243; top_padding=&#8221;4&#8243; bottom_padding=&#8221;4&#8243; back_color=&#8221;color-gyho&#8221; overlay_alpha=&#8221;0&#8243; gutter_size=&#8221;3&#8243; column_width_percent=&#8221;100&#8243; shift_y=&#8221;0&#8243; z_index=&#8221;0&#8243; top_divider=&#8221;gradient&#8221; bottom_divider=&#8221;step_3_4&#8243; uncode_shortcode_id=&#8221;746637&#8243; back_color_type=&#8221;uncode-palette&#8221;][vc_column column_width_percent=&#8221;100&#8243; position_vertical=&#8221;middle&#8221; align_horizontal=&#8221;align_center&#8221; gutter_size=&#8221;3&#8243; [&hellip;]","og_url":"https:\/\/novasonix.es\/politica-de-calidad-novasonix\/","og_site_name":"novasonix","article_modified_time":"2023-09-17T14:49:12+00:00","og_image":[{"width":1200,"height":800,"url":"https:\/\/novasonix.es\/wp-content\/uploads\/2022\/09\/demo-homepage-Classic-Saas-Uncode-2022.jpg","type":"image\/jpeg"}],"twitter_card":"summary_large_image","twitter_misc":{"Tempo estimado de leitura":"3 minutos"},"schema":{"@context":"https:\/\/schema.org","@graph":[{"@type":"WebPage","@id":"https:\/\/novasonix.es\/politica-de-calidad-novasonix\/","url":"https:\/\/novasonix.es\/politica-de-calidad-novasonix\/","name":"Pol\u00edtica de qualidade - novasonix","isPartOf":{"@id":"https:\/\/novasonix.es\/#website"},"datePublished":"2023-06-09T16:38:12+00:00","dateModified":"2023-09-17T14:49:12+00:00","inLanguage":"pt-PT","potentialAction":[{"@type":"ReadAction","target":["https:\/\/novasonix.es\/politica-de-calidad-novasonix\/"]}]},{"@type":"WebSite","@id":"https:\/\/novasonix.es\/#website","url":"https:\/\/novasonix.es\/","name":"novasonix","description":"","potentialAction":[{"@type":"SearchAction","target":{"@type":"EntryPoint","urlTemplate":"https:\/\/novasonix.es\/?s={search_term_string}"},"query-input":"required name=search_term_string"}],"inLanguage":"pt-PT"}]}},"_links":{"self":[{"href":"https:\/\/novasonix.es\/pt-pt\/wp-json\/wp\/v2\/pages\/120888","targetHints":{"allow":["GET"]}}],"collection":[{"href":"https:\/\/novasonix.es\/pt-pt\/wp-json\/wp\/v2\/pages"}],"about":[{"href":"https:\/\/novasonix.es\/pt-pt\/wp-json\/wp\/v2\/types\/page"}],"author":[{"embeddable":true,"href":"https:\/\/novasonix.es\/pt-pt\/wp-json\/wp\/v2\/users\/2"}],"replies":[{"embeddable":true,"href":"https:\/\/novasonix.es\/pt-pt\/wp-json\/wp\/v2\/comments?post=120888"}],"version-history":[{"count":4,"href":"https:\/\/novasonix.es\/pt-pt\/wp-json\/wp\/v2\/pages\/120888\/revisions"}],"predecessor-version":[{"id":121275,"href":"https:\/\/novasonix.es\/pt-pt\/wp-json\/wp\/v2\/pages\/120888\/revisions\/121275"}],"wp:featuredmedia":[{"embeddable":true,"href":"https:\/\/novasonix.es\/pt-pt\/wp-json\/wp\/v2\/media\/118657"}],"wp:attachment":[{"href":"https:\/\/novasonix.es\/pt-pt\/wp-json\/wp\/v2\/media?parent=120888"}],"curies":[{"name":"wp","href":"https:\/\/api.w.org\/{rel}","templated":true}]}}