{"id":120933,"date":"2023-08-18T05:25:50","date_gmt":"2023-08-18T05:25:50","guid":{"rendered":"https:\/\/novasonix.es\/tratamientos-capilares\/"},"modified":"2026-01-20T15:56:43","modified_gmt":"2026-01-20T15:56:43","slug":"tratamentos-capilares","status":"publish","type":"page","link":"https:\/\/novasonix.es\/pt-pt\/tratamentos-capilares\/","title":{"rendered":"Tratamentos capilares"},"content":{"rendered":"<section class=\"wpb-content-wrapper\"><p>[vc_row row_height_percent=&#8221;30&#8243; override_padding=&#8221;yes&#8221; h_padding=&#8221;2&#8243; top_padding=&#8221;0&#8243; bottom_padding=&#8221;0&#8243; back_color=&#8221;color-gyho&#8221; overlay_alpha=&#8221;0&#8243; gutter_size=&#8221;3&#8243; column_width_percent=&#8221;100&#8243; shift_y=&#8221;0&#8243; z_index=&#8221;0&#8243; top_divider=&#8221;gradient&#8221; bottom_divider=&#8221;step_3_4&#8243; uncode_shortcode_id=&#8221;954572&#8243; back_color_type=&#8221;uncode-palette&#8221;][vc_column column_width_percent=&#8221;100&#8243; position_vertical=&#8221;middle&#8221; align_horizontal=&#8221;align_center&#8221; gutter_size=&#8221;3&#8243; style=&#8221;dark&#8221; overlay_alpha=&#8221;50&#8243; shift_x=&#8221;0&#8243; shift_y=&#8221;0&#8243; shift_y_down=&#8221;0&#8243; z_index=&#8221;0&#8243; medium_width=&#8221;0&#8243; mobile_width=&#8221;0&#8243; css_animation=&#8221;left-t-right&#8221; animation_speed=&#8221;1000&#8243; animation_delay=&#8221;600&#8243; width=&#8221;1\/1&#8243; uncode_shortcode_id=&#8221;705003&#8243; css=&#8221;.vc_custom_1692136121524{padding-left: 3% !important;}&#8221;][vc_row_inner row_inner_height_percent=&#8221;0&#8243; overlay_alpha=&#8221;50&#8243; equal_height=&#8221;yes&#8221; gutter_size=&#8221;4&#8243; shift_y=&#8221;0&#8243; z_index=&#8221;0&#8243; limit_content=&#8221;&#8221; uncode_shortcode_id=&#8221;865169&#8243;][vc_column_inner column_width_percent=&#8221;100&#8243; position_horizontal=&#8221;left&#8221; position_vertical=&#8221;middle&#8221; gutter_size=&#8221;2&#8243; style=&#8221;light&#8221; overlay_alpha=&#8221;50&#8243; shift_x=&#8221;0&#8243; shift_y=&#8221;0&#8243; shift_y_down=&#8221;0&#8243; z_index=&#8221;0&#8243; medium_width=&#8221;4&#8243; align_mobile=&#8221;align_center_mobile&#8221; mobile_width=&#8221;0&#8243; width=&#8221;2\/4&#8243; uncode_shortcode_id=&#8221;107846&#8243; el_class=&#8221;adaptive_hero_top_padding mov_izq&#8221;][vc_custom_heading text_color=&#8221;accent&#8221; heading_semantic=&#8221;h1&#8243; text_size=&#8221;fontsize-155944&#8243; sub_lead=&#8221;yes&#8221; uncode_shortcode_id=&#8221;248396&#8243; text_color_type=&#8221;uncode-palette&#8221; el_class=&#8221;titulo_seccion&#8221; subheading=&#8221;Descubra porque a RF \u00e9 o seu melhor aliado nos tratamentos de beleza capilar.&#8221;]Tratamentos Capilares[\/vc_custom_heading][vc_button button_color=&#8221;color-jevc&#8221; border_width=&#8221;0&#8243; button_color_type=&#8221;uncode-palette&#8221; uncode_shortcode_id=&#8221;771277&#8243; link=&#8221;url:https%3A%2F%2Fnovasonix.es%2Fpt-pt%2Fcontato-novasonix%2F|title:Contacto&#8221; el_class=&#8221;popmake-121394&#8243;]FALE COM UM ESPECIALISTA[\/vc_button][\/vc_column_inner][vc_column_inner width=&#8221;3\/4&#8243;][vc_single_image media=&#8221;120227&#8243; media_width_percent=&#8221;100&#8243; alignment=&#8221;center&#8221; uncode_shortcode_id=&#8221;158726&#8243;][\/vc_column_inner][\/vc_row_inner][\/vc_column][\/vc_row][vc_row row_height_percent=&#8221;0&#8243; override_padding=&#8221;yes&#8221; h_padding=&#8221;2&#8243; top_padding=&#8221;3&#8243; bottom_padding=&#8221;2&#8243; overlay_alpha=&#8221;50&#8243; equal_height=&#8221;yes&#8221; gutter_size=&#8221;4&#8243; column_width_percent=&#8221;100&#8243; shift_y=&#8221;0&#8243; z_index=&#8221;0&#8243; el_class=&#8221;inverted-device-order&#8221; uncode_shortcode_id=&#8221;210801&#8243; el_id=&#8221;adaptive_tbm_head_text&#8221;][vc_column column_width_percent=&#8221;81&#8243; position_horizontal=&#8221;left&#8221; position_vertical=&#8221;middle&#8221; gutter_size=&#8221;3&#8243; overlay_alpha=&#8221;50&#8243; shift_x=&#8221;0&#8243; shift_y=&#8221;0&#8243; shift_y_down=&#8221;0&#8243; z_index=&#8221;0&#8243; medium_width=&#8221;0&#8243; mobile_width=&#8221;0&#8243; width=&#8221;1\/1&#8243; uncode_shortcode_id=&#8221;779898&#8243;][vc_custom_heading text_color=&#8221;accent&#8221; heading_semantic=&#8221;h3&#8243; text_size=&#8221;fontsize-155944&#8243; sub_lead=&#8221;yes&#8221; uncode_shortcode_id=&#8221;897394&#8243; text_color_type=&#8221;uncode-palette&#8221; el_class=&#8221;titulo_seccion&#8221; subheading=&#8221;Oferecemos-lhe uma gama completa de tratamentos capilares exclusivos que utilizam a tecnologia de radiofrequ\u00eancia monopolar a 448 kHz. Estes tratamentos ajudam a reduzir o envelhecimento dos fol\u00edculos capilares para um cabelo saud\u00e1vel e brilhante.&#8221;]Aplica\u00e7\u00f5es e benef\u00edcios[\/vc_custom_heading][\/vc_column][\/vc_row][vc_row][vc_column width=&#8221;1\/3&#8243;][vc_row_inner limit_content=&#8221;&#8221;][vc_column_inner width=&#8221;1\/1&#8243;][vc_single_image media=&#8221;119983&#8243; media_width_percent=&#8221;100&#8243; uncode_shortcode_id=&#8221;126175&#8243;][vc_column_text uncode_shortcode_id=&#8221;129429&#8243;]<\/p>\n<h3 style=\"color: #8a8a8d; font-weight: 400; font-size: 20px!important;\">Densificar e revitalizar<\/h3>\n<ul>\n<li style=\"font-weight: 300;\" aria-level=\"1\"><span style=\"font-weight: 300;\">Aumento da densidade capilar<\/span><\/li>\n<li style=\"font-weight: 300;\" aria-level=\"1\"><span style=\"font-weight: 300;\">Fortalecimento do cabelo<\/span><\/li>\n<li style=\"font-weight: 300;\" aria-level=\"1\"><span style=\"font-weight: 300;\">Melhoria do aspeto do cabelocabello<\/span><\/li>\n<\/ul>\n<p>[\/vc_column_text][\/vc_column_inner][\/vc_row_inner][\/vc_column][vc_column width=&#8221;1\/3&#8243;][vc_row_inner limit_content=&#8221;&#8221;][vc_column_inner width=&#8221;1\/1&#8243;][vc_single_image media=&#8221;119987&#8243; media_width_percent=&#8221;100&#8243; uncode_shortcode_id=&#8221;187563&#8243;][vc_column_text uncode_shortcode_id=&#8221;680853&#8243;]<\/p>\n<h3 style=\"color: #8a8a8d; font-weight: 400; font-size: 20px!important;\">Brilho e vitalidade<\/h3>\n<ul>\n<li style=\"font-weight: 300;\" aria-level=\"1\"><span style=\"font-weight: 300;\">Cabelo mais forte<\/span><\/li>\n<li style=\"font-weight: 300;\" aria-level=\"1\"><span style=\"font-weight: 300;\">Mais brilhante<\/span><\/li>\n<li style=\"font-weight: 300;\" aria-level=\"1\"><span style=\"font-weight: 300;\">Mais saud\u00e1vel<\/span><\/li>\n<\/ul>\n<p>[\/vc_column_text][\/vc_column_inner][\/vc_row_inner][\/vc_column][vc_column width=&#8221;1\/3&#8243;][vc_row_inner limit_content=&#8221;&#8221;][vc_column_inner width=&#8221;1\/1&#8243;][vc_single_image media=&#8221;119940&#8243; media_width_percent=&#8221;100&#8243; uncode_shortcode_id=&#8221;922782&#8243;][vc_column_text uncode_shortcode_id=&#8221;101235&#8243;]<\/p>\n<h3 style=\"color: #8a8a8d; font-weight: 400; font-size: 20px!important;\">Parar e prevenir a queda<\/h3>\n<ul>\n<li style=\"font-weight: 300;\" aria-level=\"1\"><span style=\"font-weight: 300;\">Estimula o crescimento capilar<\/span><\/li>\n<li style=\"font-weight: 300;\" aria-level=\"1\"><span style=\"font-weight: 300;\">Fortalecimento dos fol\u00edculos capilares<\/span><\/li>\n<li style=\"font-weight: 300;\" aria-level=\"1\"><span style=\"font-weight: 300;\">Melhora a sa\u00fade do couro cabeludo<\/span><\/li>\n<\/ul>\n<p>[\/vc_column_text][\/vc_column_inner][\/vc_row_inner][\/vc_column][\/vc_row][vc_row row_height_percent=&#8221;0&#8243; overlay_alpha=&#8221;50&#8243; gutter_size=&#8221;3&#8243; column_width_percent=&#8221;100&#8243; shift_y=&#8221;0&#8243; z_index=&#8221;0&#8243; uncode_shortcode_id=&#8221;491859&#8243; el_class=&#8221;mov_izq pb-0&#8243;][vc_column column_width_percent=&#8221;100&#8243; align_horizontal=&#8221;align_center&#8221; gutter_size=&#8221;3&#8243; overlay_alpha=&#8221;50&#8243; shift_x=&#8221;0&#8243; shift_y=&#8221;0&#8243; shift_y_down=&#8221;0&#8243; z_index=&#8221;0&#8243; medium_width=&#8221;0&#8243; mobile_width=&#8221;0&#8243; width=&#8221;1\/1&#8243; uncode_shortcode_id=&#8221;973759&#8243;][vc_custom_heading text_color=&#8221;accent&#8221; text_size=&#8221;fontsize-155944&#8243; sub_lead=&#8221;yes&#8221; uncode_shortcode_id=&#8221;310765&#8243; text_color_type=&#8221;uncode-palette&#8221; el_class=&#8221;titulo_seccion&#8221; subheading=&#8221;Concebida para restaurar a beleza e a sa\u00fade do cabelo&#8221;]Tecnolog\u00eda especializada[\/vc_custom_heading][\/vc_column][\/vc_row][vc_row][vc_column column_width_percent=&#8221;100&#8243; gutter_size=&#8221;3&#8243; overlay_alpha=&#8221;50&#8243; shift_x=&#8221;0&#8243; shift_y=&#8221;0&#8243; shift_y_down=&#8221;0&#8243; z_index=&#8221;0&#8243; medium_width=&#8221;0&#8243; mobile_width=&#8221;0&#8243; width=&#8221;1\/2&#8243; uncode_shortcode_id=&#8221;314919&#8243;][vc_row_inner row_inner_height_percent=&#8221;0&#8243; overlay_alpha=&#8221;50&#8243; gutter_size=&#8221;3&#8243; shift_y=&#8221;0&#8243; z_index=&#8221;0&#8243; limit_content=&#8221;&#8221; uncode_shortcode_id=&#8221;170872&#8243; el_class=&#8221;pt-0&#8243;][vc_column_inner column_width_percent=&#8221;100&#8243; gutter_size=&#8221;3&#8243; overlay_alpha=&#8221;50&#8243; shift_x=&#8221;0&#8243; shift_y=&#8221;0&#8243; shift_y_down=&#8221;0&#8243; z_index=&#8221;0&#8243; medium_width=&#8221;0&#8243; mobile_width=&#8221;0&#8243; width=&#8221;1\/1&#8243; uncode_shortcode_id=&#8221;178134&#8243; back_color_type=&#8221;uncode-solid&#8221; back_color_solid=&#8221;#f9f9f9&#8243; css=&#8221;.vc_custom_1693563313324{padding-bottom: 0px !important;}&#8221;][vc_single_image media=&#8221;122366&#8243; media_width_use_pixel=&#8221;yes&#8221; uncode_shortcode_id=&#8221;247259&#8243; media_width_pixel=&#8221;180&#8243;][vc_column_text uncode_shortcode_id=&#8221;513989&#8243;]<\/p>\n<p class=\"format_bl_1\">Gra\u00e7as ao sistema em a\u00e7\u00e3o, HERA consegue ativar e oxigenar os tecidos do couro cabeludo, fortalecendo os fol\u00edculos pilosos, respons\u00e1veis pelo crescimento do cabelo.<\/p>\n<ul>\n<li style=\"font-weight: 300;\" aria-level=\"1\"><span style=\"font-weight: 300;\">El\u00e9trodos capacitivos curve\u2019s<\/span><\/li>\n<li style=\"font-weight: 300;\" aria-level=\"1\"><span style=\"font-weight: 300;\">Aplicadores ergon\u00f3micos<\/span><\/li>\n<li style=\"font-weight: 300;\" aria-level=\"1\"><span style=\"font-weight: 300;\">Protocolos de trabalho espec\u00edficos<\/span><\/li>\n<\/ul>\n<p>[\/vc_column_text][vc_single_image media=&#8221;119964&#8243; media_width_percent=&#8221;100&#8243; uncode_shortcode_id=&#8221;592447&#8243;][\/vc_column_inner][\/vc_row_inner][vc_row_inner row_inner_height_percent=&#8221;0&#8243; overlay_alpha=&#8221;50&#8243; gutter_size=&#8221;3&#8243; shift_y=&#8221;0&#8243; z_index=&#8221;0&#8243; limit_content=&#8221;&#8221; uncode_shortcode_id=&#8221;134936&#8243; css=&#8221;.vc_custom_1692335244330{margin-bottom: 30px !important;}&#8221;][vc_column_inner column_width_percent=&#8221;100&#8243; align_horizontal=&#8221;align_center&#8221; gutter_size=&#8221;3&#8243; overlay_alpha=&#8221;50&#8243; shift_x=&#8221;0&#8243; shift_y=&#8221;0&#8243; shift_y_down=&#8221;0&#8243; z_index=&#8221;0&#8243; medium_width=&#8221;0&#8243; mobile_width=&#8221;0&#8243; width=&#8221;1\/1&#8243; uncode_shortcode_id=&#8221;180953&#8243;][vc_button button_color=&#8221;color-jevc&#8221; border_width=&#8221;0&#8243; button_color_type=&#8221;uncode-palette&#8221; uncode_shortcode_id=&#8221;408037&#8243; link=&#8221;url:https%3A%2F%2Fnovasonix.es%2Fpt-pt%2Fprodutos%2Fequipamento-estetico-avancado%2Fhera%2F|title:HERA&#8221;]VER MAIS[\/vc_button][\/vc_column_inner][\/vc_row_inner][\/vc_column][vc_column width=&#8221;1\/2&#8243;][vc_row_inner limit_content=&#8221;&#8221;][vc_column_inner column_width_percent=&#8221;100&#8243; gutter_size=&#8221;3&#8243; overlay_alpha=&#8221;50&#8243; shift_x=&#8221;0&#8243; shift_y=&#8221;0&#8243; shift_y_down=&#8221;0&#8243; z_index=&#8221;0&#8243; medium_width=&#8221;0&#8243; mobile_width=&#8221;0&#8243; width=&#8221;1\/1&#8243; uncode_shortcode_id=&#8221;177387&#8243; back_color_type=&#8221;uncode-solid&#8221; back_color_solid=&#8221;#f9f9f9&#8243; css=&#8221;.vc_custom_1692335079764{padding-bottom: 0px !important;}&#8221;][vc_single_image media=&#8221;122384&#8243; media_width_use_pixel=&#8221;yes&#8221; uncode_shortcode_id=&#8221;138781&#8243; media_width_pixel=&#8221;180&#8243;][vc_column_text uncode_shortcode_id=&#8221;125768&#8243;]<\/p>\n<p class=\"format_bl_1\">ONIX INFINITY usa fotoestimula\u00e7\u00e3o com terapia de luz LED para preparar minuciosamente cada tipo de pele antes de receber o poder da radiofrequ\u00eancia do Cell Care System.<\/p>\n<ul>\n<li style=\"font-weight: 300;\" aria-level=\"1\"><span style=\"font-weight: 300;\">Fotoestimula\u00e7\u00e3o LED<\/span><\/li>\n<li style=\"font-weight: 300;\" aria-level=\"1\"><span style=\"font-weight: 300;\">El\u00e9trodos capacitivos curve\u2019s<\/span><\/li>\n<li style=\"font-weight: 300;\" aria-level=\"1\"><span style=\"font-weight: 300;\">Protocolos de trabalho espec\u00edficos<\/span><\/li>\n<\/ul>\n<p>[\/vc_column_text][vc_single_image media=&#8221;129330&#8243; media_width_percent=&#8221;100&#8243; uncode_shortcode_id=&#8221;472975&#8243;][\/vc_column_inner][\/vc_row_inner][vc_row_inner limit_content=&#8221;&#8221;][vc_column_inner column_width_percent=&#8221;100&#8243; align_horizontal=&#8221;align_center&#8221; gutter_size=&#8221;3&#8243; overlay_alpha=&#8221;50&#8243; shift_x=&#8221;0&#8243; shift_y=&#8221;0&#8243; shift_y_down=&#8221;0&#8243; z_index=&#8221;0&#8243; medium_width=&#8221;0&#8243; mobile_width=&#8221;0&#8243; width=&#8221;1\/1&#8243; uncode_shortcode_id=&#8221;130880&#8243;][vc_button button_color=&#8221;color-jevc&#8221; border_width=&#8221;0&#8243; button_color_type=&#8221;uncode-palette&#8221; uncode_shortcode_id=&#8221;141437&#8243; link=&#8221;url:https%3A%2F%2Fnovasonix.es%2Fpt-pt%2Fprodutos%2Fequipamento-estetico%2Fonix%2F|title:ONIX&#8221;]VER MAIS[\/vc_button][\/vc_column_inner][\/vc_row_inner][\/vc_column][\/vc_row][vc_row row_height_percent=&#8221;0&#8243; overlay_alpha=&#8221;50&#8243; equal_height=&#8221;yes&#8221; gutter_size=&#8221;3&#8243; column_width_percent=&#8221;100&#8243; shift_y=&#8221;0&#8243; z_index=&#8221;0&#8243; uncode_shortcode_id=&#8221;113825&#8243; back_color_type=&#8221;uncode-gradient&#8221; back_color_gradient=&#8221;{&#8220;css&#8220;:&#8220;background: linear-gradient(to right , rgb(255, 255, 255) 23% , rgb(243, 244, 244) 95%);&#8220;,&#8220;sliders&#8220;:`{`{&#8220;color&#8220;:&#8220;rgb(255, 255, 255)&#8220;,&#8220;position&#8220;:23},{&#8220;color&#8220;:&#8220;rgb(243, 244, 244)&#8220;,&#8220;position&#8220;:95}`}`,&#8220;type&#8220;:&#8220;linear&#8220;,&#8220;direction&#8220;:&#8220;left&#8220;}&#8221;][vc_column column_width_percent=&#8221;100&#8243; position_vertical=&#8221;middle&#8221; gutter_size=&#8221;3&#8243; overlay_alpha=&#8221;50&#8243; shift_x=&#8221;0&#8243; shift_y=&#8221;0&#8243; shift_y_down=&#8221;0&#8243; z_index=&#8221;0&#8243; medium_width=&#8221;0&#8243; mobile_width=&#8221;0&#8243; width=&#8221;1\/2&#8243; uncode_shortcode_id=&#8221;156663&#8243;][vc_custom_heading text_color=&#8221;accent&#8221; heading_semantic=&#8221;h3&#8243; text_size=&#8221;fontsize-155944&#8243; sub_lead=&#8221;yes&#8221; uncode_shortcode_id=&#8221;159153&#8243; text_color_type=&#8221;uncode-palette&#8221; el_class=&#8221;titulo_seccion&#8221; subheading=&#8221;Desenvolvemos f\u00f3rmulas \u00fanicas para as combinar com a aparatologia, potenciando o cuidado interno e externo, porque o bem-estar e a beleza nutrem-se a partir do interior.&#8221;]The Beauty Method cosmetics[\/vc_custom_heading][vc_raw_html]JTNDZGl2JTIwY2xhc3MlM0QlMjJwYW5lbC1ncm91cCUyMiUyMGlkJTNEJTIyYWNjb3JkaW9uSEVCRUdZJTIyJTIwcm9sZSUzRCUyMnRhYmxpc3QlMjIlMjBhcmlhLW11bHRpc2VsZWN0YWJsZSUzRCUyMnRydWUlMjIlM0UlMEElMjAlMjAlMjAlMjAlM0NkaXYlMjBjbGFzcyUzRCUyMnBhbmVsJTIwcGFuZWwtZGVmYXVsdCUyMiUzRSUwQSUyMCUyMCUyMCUyMCUyMCUyMCUyMCUyMCUzQ2RpdiUyMGNsYXNzJTNEJTIycGFuZWwtaGVhZGluZyUyMiUyMHJvbGUlM0QlMjJ0YWIlMjIlMjBpZCUzRCUyMmhlYWRpbmdPbmVIRUJFR1klMjIlM0UlMEElMjAlMjAlMjAlMjAlMjAlMjAlMjAlMjAlM0NoNCUyMGNsYXNzJTNEJTIycGFuZWwtdGl0bGUlMjIlM0UlMEElMjAlMjAlMjAlMjAlMjAlMjAlMjAlMjAlM0NhJTIwY2xhc3MlM0QlMjJjb2xsYXBzZWQlMjBub3Zhc29uaXglMjIlMjByb2xlJTNEJTIyYnV0dG9uJTIyJTIwZGF0YS10b2dnbGUlM0QlMjJjb2xsYXBzZSUyMiUyMGRhdGEtcGFyZW50JTNEJTIyJTIzYWNjb3JkaW9uSEVCRUdZJTIyJTIwaHJlZiUzRCUyMiUyM2NvbGxhcHNlT25lSEVCRUdZJTIyJTIwYXJpYS1leHBhbmRlZCUzRCUyMmZhbHNlJTIyJTIwYXJpYS1jb250cm9scyUzRCUyMmNvbGxhcHNlT25lSEVCRUdZJTIyJTNFJTBBJTIwJTIwJTIwJTIwJTIwJTIwJTIwJTIwJTIwJTIwJTIwJTIwQm9vc3RlcnMlMEElMjAlMjAlMjAlMjAlMjAlMjAlMjAlMjAlM0MlMkZhJTNFJTBBJTIwJTIwJTIwJTIwJTIwJTIwJTIwJTIwJTNDJTJGaDQlM0UlMEElMjAlMjAlMjAlMjAlMjAlMjAlMjAlMjAlM0MlMkZkaXYlM0UlMEElMjAlMjAlMjAlMjAlMjAlMjAlMjAlMjAlM0NkaXYlMjBpZCUzRCUyMmNvbGxhcHNlT25lSEVCRUdZJTIyJTIwY2xhc3MlM0QlMjJwYW5lbC1jb2xsYXBzZSUyMGNvbGxhcHNlJTIyJTIwcm9sZSUzRCUyMnRhYnBhbmVsJTIyJTIwYXJpYS1sYWJlbGxlZGJ5JTNEJTIyaGVhZGluZ09uZUhFQkVHWSUyMiUzRSUwQSUyMCUyMCUyMCUyMCUyMCUyMCUyMCUyMCUzQ2RpdiUyMGNsYXNzJTNEJTIycGFuZWwtYm9keSUyMiUzRSUwQSUyMCUyMCUyMCUyMCUyMCUyMCUyMCUyMCUyMCUyMCUyMCUyMCUzQ3AlM0UlM0NzdHJvbmclMjBzdHlsZSUzRCUyMmNvbG9yJTNBJTIwJTIzOGE4YThkJTNCJTIyJTNFRWwlMjBjdWlkYWRvJTIwZXhwZXJ0byUyMGRlJTIwbGElMjBjYWJlemElMjBhJTIwbG9zJTIwcGllcy4lM0MlMkZzdHJvbmclM0VPJTIwY3VpZGFkbyUyMGVzcGVjaWFsaXphZG8lMjBkYSUyMGNhYmUlQzMlQTdhJTIwYW9zJTIwcCVDMyVBOXMuJTIwT3MlMjBub3Nzb3MlMjBib29zdGVycyUyMGxldmFtJTIwJUMzJUEwJTIwZXN0aW11bGElQzMlQTclQzMlQTNvJTIwZG9zJTIwdGVjaWRvcyUyMGZhdm9yZWNlbmRvJTIwbyUyMHNldSUyMGJvbSUyMGZ1bmNpb25hbWVudG8uJTNDJTJGcCUzRSUwQSUyMCUyMCUyMCUyMCUyMCUyMCUyMCUyMCUzQyUyRmRpdiUzRSUwQSUyMCUyMCUyMCUyMCUyMCUyMCUyMCUyMCUzQyUyRmRpdiUzRSUwQSUyMCUyMCUyMCUyMCUzQyUyRmRpdiUzRSUwQSUzQyUyRmRpdiUzRQ==[\/vc_raw_html][\/vc_column][vc_column column_width_percent=&#8221;100&#8243; position_vertical=&#8221;middle&#8221; gutter_size=&#8221;3&#8243; overlay_alpha=&#8221;50&#8243; shift_x=&#8221;0&#8243; shift_y=&#8221;0&#8243; shift_y_down=&#8221;0&#8243; z_index=&#8221;0&#8243; medium_width=&#8221;0&#8243; mobile_width=&#8221;0&#8243; width=&#8221;1\/2&#8243; uncode_shortcode_id=&#8221;127104&#8243;][vc_single_image media=&#8221;120233&#8243; media_width_percent=&#8221;100&#8243; uncode_shortcode_id=&#8221;142173&#8243;][\/vc_column][\/vc_row]<\/p>\n<\/section>","protected":false},"excerpt":{"rendered":"<p>[vc_row row_height_percent=&#8221;30&#8243; override_padding=&#8221;yes&#8221; h_padding=&#8221;2&#8243; top_padding=&#8221;0&#8243; bottom_padding=&#8221;0&#8243; back_color=&#8221;color-gyho&#8221; overlay_alpha=&#8221;0&#8243; gutter_size=&#8221;3&#8243; column_width_percent=&#8221;100&#8243; shift_y=&#8221;0&#8243; z_index=&#8221;0&#8243; top_divider=&#8221;gradient&#8221; bottom_divider=&#8221;step_3_4&#8243; uncode_shortcode_id=&#8221;954572&#8243; back_color_type=&#8221;uncode-palette&#8221;][vc_column column_width_percent=&#8221;100&#8243; position_vertical=&#8221;middle&#8221; align_horizontal=&#8221;align_center&#8221; gutter_size=&#8221;3&#8243; [&hellip;]<\/p>\n","protected":false},"author":2,"featured_media":118657,"parent":0,"menu_order":0,"comment_status":"closed","ping_status":"closed","template":"","meta":{"footnotes":""},"class_list":["post-120933","page","type-page","status-publish","has-post-thumbnail","hentry"],"yoast_head":"<!-- This site is optimized with the Yoast SEO plugin v21.9.1 - https:\/\/yoast.com\/wordpress\/plugins\/seo\/ -->\n<title>Equipamento est\u00e9tico profissional para tratamentos capilares - novasonix<\/title>\n<meta name=\"description\" content=\"Equipamento m\u00e9dico-est\u00e9tico para tratamentos capilares exclusivos com tecnologia de radiofrequ\u00eancia monopolar em 448 kHz.\" \/>\n<meta name=\"robots\" content=\"index, follow, max-snippet:-1, max-image-preview:large, max-video-preview:-1\" \/>\n<link rel=\"canonical\" href=\"https:\/\/novasonix.es\/pt-pt\/tratamentos-capilares\/\" \/>\n<meta property=\"og:locale\" content=\"pt_PT\" \/>\n<meta property=\"og:type\" content=\"article\" \/>\n<meta property=\"og:title\" content=\"Equipamento est\u00e9tico profissional para tratamentos capilares - novasonix\" \/>\n<meta property=\"og:description\" content=\"Equipamento m\u00e9dico-est\u00e9tico para tratamentos capilares exclusivos com tecnologia de radiofrequ\u00eancia monopolar em 448 kHz.\" \/>\n<meta property=\"og:url\" content=\"https:\/\/novasonix.es\/pt-pt\/tratamentos-capilares\/\" \/>\n<meta property=\"og:site_name\" content=\"novasonix\" \/>\n<meta property=\"article:modified_time\" content=\"2026-01-20T15:56:43+00:00\" \/>\n<meta property=\"og:image\" content=\"https:\/\/novasonix.es\/wp-content\/uploads\/2022\/09\/demo-homepage-Classic-Saas-Uncode-2022.jpg\" \/>\n\t<meta property=\"og:image:width\" content=\"1200\" \/>\n\t<meta property=\"og:image:height\" content=\"800\" \/>\n\t<meta property=\"og:image:type\" content=\"image\/jpeg\" \/>\n<meta name=\"twitter:card\" content=\"summary_large_image\" \/>\n<meta name=\"twitter:label1\" content=\"Tempo estimado de leitura\" \/>\n\t<meta name=\"twitter:data1\" content=\"3 minutos\" \/>\n<script type=\"application\/ld+json\" class=\"yoast-schema-graph\">{\"@context\":\"https:\/\/schema.org\",\"@graph\":[{\"@type\":\"WebPage\",\"@id\":\"https:\/\/novasonix.es\/pt-pt\/tratamentos-capilares\/\",\"url\":\"https:\/\/novasonix.es\/pt-pt\/tratamentos-capilares\/\",\"name\":\"Equipamento est\u00e9tico profissional para tratamentos capilares - novasonix\",\"isPartOf\":{\"@id\":\"https:\/\/novasonix.es\/#website\"},\"datePublished\":\"2023-08-18T05:25:50+00:00\",\"dateModified\":\"2026-01-20T15:56:43+00:00\",\"description\":\"Equipamento m\u00e9dico-est\u00e9tico para tratamentos capilares exclusivos com tecnologia de radiofrequ\u00eancia monopolar em 448 kHz.\",\"inLanguage\":\"pt-PT\",\"potentialAction\":[{\"@type\":\"ReadAction\",\"target\":[\"https:\/\/novasonix.es\/pt-pt\/tratamentos-capilares\/\"]}]},{\"@type\":\"WebSite\",\"@id\":\"https:\/\/novasonix.es\/#website\",\"url\":\"https:\/\/novasonix.es\/\",\"name\":\"novasonix\",\"description\":\"\",\"potentialAction\":[{\"@type\":\"SearchAction\",\"target\":{\"@type\":\"EntryPoint\",\"urlTemplate\":\"https:\/\/novasonix.es\/?s={search_term_string}\"},\"query-input\":\"required name=search_term_string\"}],\"inLanguage\":\"pt-PT\"}]}<\/script>\n<!-- \/ Yoast SEO plugin. -->","yoast_head_json":{"title":"Equipamento est\u00e9tico profissional para tratamentos capilares - novasonix","description":"Equipamento m\u00e9dico-est\u00e9tico para tratamentos capilares exclusivos com tecnologia de radiofrequ\u00eancia monopolar em 448 kHz.","robots":{"index":"index","follow":"follow","max-snippet":"max-snippet:-1","max-image-preview":"max-image-preview:large","max-video-preview":"max-video-preview:-1"},"canonical":"https:\/\/novasonix.es\/pt-pt\/tratamentos-capilares\/","og_locale":"pt_PT","og_type":"article","og_title":"Equipamento est\u00e9tico profissional para tratamentos capilares - novasonix","og_description":"Equipamento m\u00e9dico-est\u00e9tico para tratamentos capilares exclusivos com tecnologia de radiofrequ\u00eancia monopolar em 448 kHz.","og_url":"https:\/\/novasonix.es\/pt-pt\/tratamentos-capilares\/","og_site_name":"novasonix","article_modified_time":"2026-01-20T15:56:43+00:00","og_image":[{"width":1200,"height":800,"url":"https:\/\/novasonix.es\/wp-content\/uploads\/2022\/09\/demo-homepage-Classic-Saas-Uncode-2022.jpg","type":"image\/jpeg"}],"twitter_card":"summary_large_image","twitter_misc":{"Tempo estimado de leitura":"3 minutos"},"schema":{"@context":"https:\/\/schema.org","@graph":[{"@type":"WebPage","@id":"https:\/\/novasonix.es\/pt-pt\/tratamentos-capilares\/","url":"https:\/\/novasonix.es\/pt-pt\/tratamentos-capilares\/","name":"Equipamento est\u00e9tico profissional para tratamentos capilares - novasonix","isPartOf":{"@id":"https:\/\/novasonix.es\/#website"},"datePublished":"2023-08-18T05:25:50+00:00","dateModified":"2026-01-20T15:56:43+00:00","description":"Equipamento m\u00e9dico-est\u00e9tico para tratamentos capilares exclusivos com tecnologia de radiofrequ\u00eancia monopolar em 448 kHz.","inLanguage":"pt-PT","potentialAction":[{"@type":"ReadAction","target":["https:\/\/novasonix.es\/pt-pt\/tratamentos-capilares\/"]}]},{"@type":"WebSite","@id":"https:\/\/novasonix.es\/#website","url":"https:\/\/novasonix.es\/","name":"novasonix","description":"","potentialAction":[{"@type":"SearchAction","target":{"@type":"EntryPoint","urlTemplate":"https:\/\/novasonix.es\/?s={search_term_string}"},"query-input":"required name=search_term_string"}],"inLanguage":"pt-PT"}]}},"_links":{"self":[{"href":"https:\/\/novasonix.es\/pt-pt\/wp-json\/wp\/v2\/pages\/120933","targetHints":{"allow":["GET"]}}],"collection":[{"href":"https:\/\/novasonix.es\/pt-pt\/wp-json\/wp\/v2\/pages"}],"about":[{"href":"https:\/\/novasonix.es\/pt-pt\/wp-json\/wp\/v2\/types\/page"}],"author":[{"embeddable":true,"href":"https:\/\/novasonix.es\/pt-pt\/wp-json\/wp\/v2\/users\/2"}],"replies":[{"embeddable":true,"href":"https:\/\/novasonix.es\/pt-pt\/wp-json\/wp\/v2\/comments?post=120933"}],"version-history":[{"count":7,"href":"https:\/\/novasonix.es\/pt-pt\/wp-json\/wp\/v2\/pages\/120933\/revisions"}],"predecessor-version":[{"id":129354,"href":"https:\/\/novasonix.es\/pt-pt\/wp-json\/wp\/v2\/pages\/120933\/revisions\/129354"}],"wp:featuredmedia":[{"embeddable":true,"href":"https:\/\/novasonix.es\/pt-pt\/wp-json\/wp\/v2\/media\/118657"}],"wp:attachment":[{"href":"https:\/\/novasonix.es\/pt-pt\/wp-json\/wp\/v2\/media?parent=120933"}],"curies":[{"name":"wp","href":"https:\/\/api.w.org\/{rel}","templated":true}]}}